{"id":3031,"date":"2025-06-21T09:21:48","date_gmt":"2025-06-21T09:21:48","guid":{"rendered":"https:\/\/habibimb.com\/?post_type=product&#038;p=3031"},"modified":"2026-03-31T12:28:33","modified_gmt":"2026-03-31T12:28:33","slug":"apa-de-parfum-smoky-vanilla-by-patric-unisex100ml","status":"publish","type":"product","link":"https:\/\/habibimb.com\/en\/product\/apa-de-parfum-smoky-vanilla-by-patric-unisex100ml\/","title":{"rendered":"Smoky Vanilla By Patric"},"content":{"rendered":"<h2>V\u0103 prezent\u0103m Smoky Vanilla<\/h2>\n<p>Descoper\u0103 esen\u021ba rafinamentului cu Apa De Parfum Smoky Vanilla By Patric. Creat cu g\u00e2ndul la individul modern, acest parfum unisex ofer\u0103 un amestec conving\u0103tor de vanilie bogat\u0103 \u0219i note afumate intrigante, f\u0103c\u00e2ndu-l alegerea perfect\u0103 pentru cei care doresc un parfum unic \u0219i atr\u0103g\u0103tor. Fie c\u0103 te \u00eembraci pentru o zi casual sau pentru o sear\u0103 elegant\u0103, acest parfum completeaz\u0103 f\u0103r\u0103 efort orice ocazie, \u00eenv\u0103luindu-te \u00een c\u0103ldur\u0103 \u0219i elegan\u021b\u0103.<\/p>\n<h2>Dezl\u0103n\u021buie-\u021bi farmecul interior<\/h2>\n<p>Smoky Vanilla nu este doar un parfum; este o declara\u021bie. Formula unisex \u00eenseamn\u0103 c\u0103 este conceput\u0103 pentru a atrage toate genurile, oferind versatilitate care se potrive\u0219te perfect stilului de via\u021b\u0103 al oricui. Aroma atr\u0103g\u0103toare combin\u0103 note tentante de vanilie, echilibrate armonios cu nuan\u021be fumurii care creeaz\u0103 o experien\u021b\u0103 de parfum de neuitat. Fiecare spritz evoc\u0103 mister \u0219i farmec, permi\u021b\u00e2ndu-v\u0103 s\u0103 v\u0103 exprima\u021bi personalitatea cu \u00eencredere.<\/p>\n<h2>Perfect pentru fiecare moment<\/h2>\n<p>Aceast\u0103 sticl\u0103 de 100 ml de Apa De Parfum Smoky Vanilla By Patric este conceput\u0103 pentru utilizarea de zi cu zi \u0219i este perfect\u0103 pentru stratificare. Formula de lung\u0103 durat\u0103 v\u0103 asigur\u0103 c\u0103 r\u0103m\u00e2ne\u021bi \u00eenv\u0103luit \u00een parfumul s\u0103u \u00eenc\u00e2nt\u0103tor pe tot parcursul zilei, f\u0103c\u00e2ndu-l un \u00eenso\u021bitor ideal at\u00e2t pentru zi, c\u00e2t \u0219i pentru noapte. Fie c\u0103 te \u00eendrep\u021bi spre birou, o noapte cu prietenii sau te bucuri de o sear\u0103 lini\u0219tit\u0103 acas\u0103, acest parfum se potrive\u0219te perfect. \u00cembr\u0103\u021bi\u0219eaz\u0103 farmecul Smoky Vanilla \u0219i transform\u0103-\u021bi jocul de parfumuri ast\u0103zi.<\/p>","protected":false},"excerpt":{"rendered":"<p>Inspirat din Tabacco Vanilla Tom Ford<\/p>","protected":false},"featured_media":3032,"comment_status":"open","ping_status":"closed","template":"","meta":{"om_disable_all_campaigns":false,"_monsterinsights_skip_tracking":false,"_monsterinsights_sitenote_active":false,"_monsterinsights_sitenote_note":"","_monsterinsights_sitenote_category":0},"product_brand":[76],"product_cat":[57],"product_tag":[],"class_list":{"0":"post-3031","1":"product","2":"type-product","3":"status-publish","4":"has-post-thumbnail","6":"product_brand-by-patric","7":"product_cat-unisex","9":"first","10":"instock","11":"shipping-taxable","12":"purchasable","13":"product-type-simple"},"aioseo_notices":[],"ct_brands":[{"id":76,"name":"By Patric","slug":"by-patric"}],"_links":{"self":[{"href":"https:\/\/habibimb.com\/en\/wp-json\/wp\/v2\/product\/3031","targetHints":{"allow":["GET"]}}],"collection":[{"href":"https:\/\/habibimb.com\/en\/wp-json\/wp\/v2\/product"}],"about":[{"href":"https:\/\/habibimb.com\/en\/wp-json\/wp\/v2\/types\/product"}],"replies":[{"embeddable":true,"href":"https:\/\/habibimb.com\/en\/wp-json\/wp\/v2\/comments?post=3031"}],"wp:featuredmedia":[{"embeddable":true,"href":"https:\/\/habibimb.com\/en\/wp-json\/wp\/v2\/media\/3032"}],"wp:attachment":[{"href":"https:\/\/habibimb.com\/en\/wp-json\/wp\/v2\/media?parent=3031"}],"wp:term":[{"taxonomy":"product_brand","embeddable":true,"href":"https:\/\/habibimb.com\/en\/wp-json\/wp\/v2\/product_brand?post=3031"},{"taxonomy":"product_cat","embeddable":true,"href":"https:\/\/habibimb.com\/en\/wp-json\/wp\/v2\/product_cat?post=3031"},{"taxonomy":"product_tag","embeddable":true,"href":"https:\/\/habibimb.com\/en\/wp-json\/wp\/v2\/product_tag?post=3031"}],"curies":[{"name":"wp","href":"https:\/\/api.w.org\/{rel}","templated":true}]}}