{"id":3018,"date":"2025-06-21T08:57:47","date_gmt":"2025-06-21T08:57:47","guid":{"rendered":"https:\/\/habibimb.com\/?post_type=product&#038;p=3018"},"modified":"2025-12-09T14:54:24","modified_gmt":"2025-12-09T14:54:24","slug":"apa-de-parfum-all-you-need-is-love-asten-barbati-100ml","status":"publish","type":"product","link":"https:\/\/habibimb.com\/en\/product\/apa-de-parfum-all-you-need-is-love-asten-barbati-100ml\/","title":{"rendered":"All You Need Is Love, Asten"},"content":{"rendered":"<h2>Descoper\u0103 parfumul iubirii<\/h2>\n<p>P\u0103\u0219e\u0219te \u00eentr-o lume a aromelor \u00eenc\u00e2nt\u0103toare cu Apa De Parfum All You Need Is Love de la Asten. Conceput\u0103 pentru domnul modern, aceast\u0103 sticl\u0103 rafinat\u0103 de 100 ml \u00eencapsuleaz\u0103 \u00eens\u0103\u0219i esen\u021ba afec\u021biunii, oferind un parfum pe c\u00e2t de captivant, pe at\u00e2t de r\u0103coritor. Fie c\u0103 te preg\u0103te\u0219ti pentru o sear\u0103 romantic\u0103 sau o zi casual cu prietenii, acest parfum este un companion ideal, invit\u00e2ndu-te s\u0103 \u00eembr\u0103\u021bi\u0219ezi via\u021ba cu \u00eencredere \u0219i stil.<\/p>\n<h2>Amestecul perfect de note<\/h2>\n<p>Creat cu un amestec artistic de cele mai bune ingrediente, All You Need Is Love se desf\u0103\u0219oar\u0103 cu note de v\u00e2rf care \u00ee\u021bi revigoreaz\u0103 sim\u021burile. Acest parfum intrigant evolueaz\u0103 \u00eentr-o inim\u0103 de bog\u0103\u021bie aromatic\u0103, oferind profunzime \u0219i c\u0103ldur\u0103, \u00eenainte de a se a\u0219eza \u00eentr-o baz\u0103 care ofer\u0103 \u00eencredere de durat\u0103. Fiecare spritz dezv\u0103luie straturi unice de parfum care creeaz\u0103 o aur\u0103 magnetic\u0103, f\u0103c\u00e2ndu-l perfect at\u00e2t pentru zi, c\u00e2t \u0219i pentru sear\u0103.<\/p>\n<h2>De ce s\u0103 alegi apa de parfum de la Asten?<\/h2>\n<p>Apa De Parfum All You Need Is Love se remarc\u0103 nu doar prin parfumul s\u0103u atr\u0103g\u0103tor, ci \u0219i prin formula sa de lung\u0103 durat\u0103. Aceast\u0103 sticl\u0103 de 100 ml frumos proiectat\u0103 nu este doar o \u00eenc\u00e2ntare pentru sim\u021buri, ci \u0219i un plus pl\u0103cut din punct de vedere estetic pentru colec\u021bia ta de \u00eengrijire. Mirosul puternic \u0219i elegant persist\u0103 pe piele, asigur\u00e2ndu-v\u0103 c\u0103 l\u0103sa\u021bi o impresie memorabil\u0103 oriunde merge\u021bi. \u00cembr\u0103\u021bi\u0219eaz\u0103 dragostea din via\u021ba ta cu un parfum care te inspir\u0103 \u0219i te \u00eenal\u021b\u0103, \u00eent\u0103rind frumuse\u021bea conexiunii cu fiecare spray.<\/p>","protected":false},"excerpt":{"rendered":"<p>Asem\u0103n\u0103tor cu Stronger With You Armani<\/p>","protected":false},"featured_media":3019,"comment_status":"open","ping_status":"closed","template":"","meta":{"om_disable_all_campaigns":false,"_monsterinsights_skip_tracking":false,"_monsterinsights_sitenote_active":false,"_monsterinsights_sitenote_note":"","_monsterinsights_sitenote_category":0},"product_brand":[80],"product_cat":[55],"product_tag":[],"class_list":{"0":"post-3018","1":"product","2":"type-product","3":"status-publish","4":"has-post-thumbnail","6":"product_brand-asten","7":"product_cat-pentru-el","9":"first","10":"outofstock","11":"shipping-taxable","12":"purchasable","13":"product-type-simple"},"aioseo_notices":[],"ct_brands":[{"id":80,"name":"Asten","slug":"asten"}],"_links":{"self":[{"href":"https:\/\/habibimb.com\/en\/wp-json\/wp\/v2\/product\/3018","targetHints":{"allow":["GET"]}}],"collection":[{"href":"https:\/\/habibimb.com\/en\/wp-json\/wp\/v2\/product"}],"about":[{"href":"https:\/\/habibimb.com\/en\/wp-json\/wp\/v2\/types\/product"}],"replies":[{"embeddable":true,"href":"https:\/\/habibimb.com\/en\/wp-json\/wp\/v2\/comments?post=3018"}],"wp:featuredmedia":[{"embeddable":true,"href":"https:\/\/habibimb.com\/en\/wp-json\/wp\/v2\/media\/3019"}],"wp:attachment":[{"href":"https:\/\/habibimb.com\/en\/wp-json\/wp\/v2\/media?parent=3018"}],"wp:term":[{"taxonomy":"product_brand","embeddable":true,"href":"https:\/\/habibimb.com\/en\/wp-json\/wp\/v2\/product_brand?post=3018"},{"taxonomy":"product_cat","embeddable":true,"href":"https:\/\/habibimb.com\/en\/wp-json\/wp\/v2\/product_cat?post=3018"},{"taxonomy":"product_tag","embeddable":true,"href":"https:\/\/habibimb.com\/en\/wp-json\/wp\/v2\/product_tag?post=3018"}],"curies":[{"name":"wp","href":"https:\/\/api.w.org\/{rel}","templated":true}]}}