{"id":2486,"date":"2025-05-10T08:05:50","date_gmt":"2025-05-10T08:05:50","guid":{"rendered":"https:\/\/habibimb.com\/?post_type=product&#038;p=2486"},"modified":"2025-11-10T12:13:11","modified_gmt":"2025-11-10T12:13:11","slug":"parfum-blue-royal-colection-platinium-50-barbati-50ml","status":"publish","type":"product","link":"https:\/\/habibimb.com\/en\/product\/parfum-blue-royal-colection-platinium-50-barbati-50ml\/","title":{"rendered":"Parfum Blue Royal, Colection Platinium 50"},"content":{"rendered":"<h2>Dezl\u0103n\u021buie-\u021bi esen\u021ba cu parfumul Blue Royal<\/h2>\n<p>V\u0103 prezent\u0103m Parfum Blue Royal de la exclusivul Colection Platinium 50. Acest parfum sofisticat este conceput pentru b\u0103rbatul modern care pre\u021buie\u0219te elegan\u021ba \u0219i farmecul \u00een fiecare aspect al vie\u021bii sale. Pe m\u0103sur\u0103 ce pulveriza\u021bi acest parfum luxos, ve\u021bi fi captiva\u021bi de amestecul s\u0103u unic, care \u00eentruchipeaz\u0103 \u00eencrederea, rafinamentul \u0219i atemporalitatea.<\/p>\n<h2>Un profil de parfum captivant<\/h2>\n<p>Parfum Blue Royal se caracterizeaz\u0103 printr-o deschidere vibrant\u0103 care \u00eembin\u0103 note proaspete de citrice cu note florale delicate. Pe m\u0103sur\u0103 ce se dezvolt\u0103, inima dezv\u0103luie o combina\u021bie atr\u0103g\u0103toare de acorduri picante \u0219i lemnoase, oferind un sentiment de profunzime \u0219i bog\u0103\u021bie. Notele de baz\u0103 constau din chihlimbar cald \u0219i mosc, l\u0103s\u00e2nd o impresie de durat\u0103 care persist\u0103 pe tot parcursul zilei. Cu 50 ml, aceast\u0103 sticl\u0103 de parfum este perfect\u0103 at\u00e2t pentru purtarea zilnic\u0103, c\u00e2t \u0219i pentru ocazii speciale, asigur\u00e2ndu-v\u0103 \u00eentotdeauna o not\u0103 de lux la \u00eendem\u00e2n\u0103.<\/p>\n<h2>De ce s\u0103 alegi Parfum Blue Royal?<\/h2>\n<p>Cu parfumul s\u0103u rafinat \u0219i ambalajul atr\u0103g\u0103tor, Parfum Blue Royal este mai mult dec\u00e2t un parfum; Este un accesoriu care \u00ee\u021bi completeaz\u0103 stilul. Ideal pentru domnii exigen\u021bi, acest parfum este creat pentru a v\u0103 ridica prezen\u021ba \u0219i pentru a l\u0103sa o impresie memorabil\u0103 oriunde merge\u021bi. Experimenteaz\u0103 echilibrul perfect \u00eentre rafinament \u0219i modernitate cu acest parfum remarcabil de la Colection Platinium 50.<\/p>","protected":false},"excerpt":{"rendered":"<p>Inspirat din Bleu de Chanel<\/p>","protected":false},"featured_media":2487,"comment_status":"open","ping_status":"closed","template":"","meta":{"om_disable_all_campaigns":false,"_monsterinsights_skip_tracking":false,"_monsterinsights_sitenote_active":false,"_monsterinsights_sitenote_note":"","_monsterinsights_sitenote_category":0},"product_brand":[84],"product_cat":[55],"product_tag":[],"class_list":{"0":"post-2486","1":"product","2":"type-product","3":"status-publish","4":"has-post-thumbnail","6":"product_brand-collection-privee","7":"product_cat-pentru-el","9":"first","10":"instock","11":"shipping-taxable","12":"purchasable","13":"product-type-simple"},"aioseo_notices":[],"ct_brands":[{"id":84,"name":"Collection Priv\u00e9e","slug":"collection-privee"}],"_links":{"self":[{"href":"https:\/\/habibimb.com\/en\/wp-json\/wp\/v2\/product\/2486","targetHints":{"allow":["GET"]}}],"collection":[{"href":"https:\/\/habibimb.com\/en\/wp-json\/wp\/v2\/product"}],"about":[{"href":"https:\/\/habibimb.com\/en\/wp-json\/wp\/v2\/types\/product"}],"replies":[{"embeddable":true,"href":"https:\/\/habibimb.com\/en\/wp-json\/wp\/v2\/comments?post=2486"}],"wp:featuredmedia":[{"embeddable":true,"href":"https:\/\/habibimb.com\/en\/wp-json\/wp\/v2\/media\/2487"}],"wp:attachment":[{"href":"https:\/\/habibimb.com\/en\/wp-json\/wp\/v2\/media?parent=2486"}],"wp:term":[{"taxonomy":"product_brand","embeddable":true,"href":"https:\/\/habibimb.com\/en\/wp-json\/wp\/v2\/product_brand?post=2486"},{"taxonomy":"product_cat","embeddable":true,"href":"https:\/\/habibimb.com\/en\/wp-json\/wp\/v2\/product_cat?post=2486"},{"taxonomy":"product_tag","embeddable":true,"href":"https:\/\/habibimb.com\/en\/wp-json\/wp\/v2\/product_tag?post=2486"}],"curies":[{"name":"wp","href":"https:\/\/api.w.org\/{rel}","templated":true}]}}