{"id":2484,"date":"2025-05-10T08:04:06","date_gmt":"2025-05-10T08:04:06","guid":{"rendered":"https:\/\/habibimb.com\/?post_type=product&#038;p=2484"},"modified":"2025-05-15T07:32:37","modified_gmt":"2025-05-15T07:32:37","slug":"parfum-oud-orient-colection-platinium-50-unisex-50ml","status":"publish","type":"product","link":"https:\/\/habibimb.com\/en\/product\/parfum-oud-orient-colection-platinium-50-unisex-50ml\/","title":{"rendered":"Parfum Oud Orient, Colection Platinium 50"},"content":{"rendered":"<h2>Descoperi\u021bi farmecul Oud Orient<\/h2>\n<p>V\u0103 prezent\u0103m parfumul Oud Orient de la rafinatul Colection Platinium. Creat at\u00e2t pentru b\u0103rba\u021bi, c\u00e2t \u0219i pentru femei, acest parfum unisex de 50 ml \u00eencapsuleaz\u0103 esen\u021ba captivant\u0103 a Orientului \u00een fiecare pic\u0103tur\u0103. Conceput pentru cei care apreciaz\u0103 rafinamentul \u0219i elegan\u021ba, Oud Orient \u00eembin\u0103 perfect tradi\u021bia cu modernitatea, cre\u00e2nd o experien\u021b\u0103 aromatic\u0103 cu adev\u0103rat de neuitat.<\/p>\n<h2>Un amestec unic de parfumuri exotice<\/h2>\n<p>Parfum Oud Orient prezint\u0103 o compozi\u021bie bogat\u0103 care \u00eencepe cu note de condimente luxuriante, deschiz\u00e2ndu-se c\u0103tre o inim\u0103 de lemn cald \u0219i flori aromate. Amestecul armonios culmineaz\u0103 cu o baz\u0103 de oud luxos, care adaug\u0103 profunzime \u0219i bog\u0103\u021bie parfumului. Acest parfum unisex evolueaz\u0103 frumos pe piele, dezv\u0103luindu-\u0219i straturile complicate pe tot parcursul zilei \u0219i f\u0103c\u00e2ndu-l o alegere perfect\u0103 pentru orice ocazie.<\/p>\n<h2>De ce s\u0103 alegi Oud Orient?<\/h2>\n<p>Opta\u021bi pentru Parfum Oud Orient pentru a v\u0103 ridica colec\u021bia de parfumuri cu un parfum care iese \u00een eviden\u021b\u0103. Atractivitatea sa unisex \u00eel face un cadou ideal pentru cei dragi sau un r\u0103sf\u0103\u021b pentru tine. Fie c\u0103 te \u00eembraci pentru un eveniment special sau cau\u021bi un parfum de semn\u0103tur\u0103 pentru purtarea de zi cu zi, aroma unic\u0103 a lui Oud Orient va l\u0103sa o impresie de durat\u0103. Experimenta\u021bi bog\u0103\u021bia Orientului \u0219i r\u0103sf\u0103\u021ba\u021bi-v\u0103 cu un parfum la fel de divers \u0219i vibrant ca via\u021ba \u00eens\u0103\u0219i.<\/p>","protected":false},"excerpt":{"rendered":"<ul>\n<li class=\"\" data-start=\"150\" data-end=\"207\">\n<p class=\"\" data-start=\"152\" data-end=\"207\"><strong data-start=\"152\" data-end=\"168\">Note de v\u00e2rf<\/strong>: <span class=\"relative -mx-px my-[-0.2rem] rounded px-px py-[0.2rem] transition-colors duration-100 ease-in-out\">Trandafir Damasc<\/span><\/p>\n<\/li>\n<li class=\"\" data-start=\"208\" data-end=\"267\">\n<p class=\"\" data-start=\"210\" data-end=\"267\"><strong data-start=\"210\" data-end=\"228\">Note de mijloc<\/strong>: <span class=\"relative -mx-px my-[-0.2rem] rounded px-px py-[0.2rem] transition-colors duration-100 ease-in-out\">Patchouli, Santal, Oud, Cedru<\/span><\/p>\n<\/li>\n<li class=\"\" data-start=\"268\" data-end=\"366\">\n<p class=\"\" data-start=\"270\" data-end=\"366\"><strong data-start=\"270\" data-end=\"286\">Note de baz\u0103<\/strong>: <span class=\"relative -mx-px my-[-0.2rem] rounded px-px py-[0.2rem] transition-colors duration-100 ease-in-out\">\u0218ofran<\/span><\/p>\n<\/li>\n<\/ul>","protected":false},"featured_media":2485,"comment_status":"open","ping_status":"closed","template":"","meta":{"om_disable_all_campaigns":false,"_monsterinsights_skip_tracking":false,"_monsterinsights_sitenote_active":false,"_monsterinsights_sitenote_note":"","_monsterinsights_sitenote_category":0},"product_brand":[84],"product_cat":[57],"product_tag":[],"class_list":{"0":"post-2484","1":"product","2":"type-product","3":"status-publish","4":"has-post-thumbnail","6":"product_brand-collection-privee","7":"product_cat-unisex","9":"first","10":"instock","11":"shipping-taxable","12":"purchasable","13":"product-type-simple"},"aioseo_notices":[],"ct_brands":[{"id":84,"name":"Collection Priv\u00e9e","slug":"collection-privee"}],"_links":{"self":[{"href":"https:\/\/habibimb.com\/en\/wp-json\/wp\/v2\/product\/2484","targetHints":{"allow":["GET"]}}],"collection":[{"href":"https:\/\/habibimb.com\/en\/wp-json\/wp\/v2\/product"}],"about":[{"href":"https:\/\/habibimb.com\/en\/wp-json\/wp\/v2\/types\/product"}],"replies":[{"embeddable":true,"href":"https:\/\/habibimb.com\/en\/wp-json\/wp\/v2\/comments?post=2484"}],"wp:featuredmedia":[{"embeddable":true,"href":"https:\/\/habibimb.com\/en\/wp-json\/wp\/v2\/media\/2485"}],"wp:attachment":[{"href":"https:\/\/habibimb.com\/en\/wp-json\/wp\/v2\/media?parent=2484"}],"wp:term":[{"taxonomy":"product_brand","embeddable":true,"href":"https:\/\/habibimb.com\/en\/wp-json\/wp\/v2\/product_brand?post=2484"},{"taxonomy":"product_cat","embeddable":true,"href":"https:\/\/habibimb.com\/en\/wp-json\/wp\/v2\/product_cat?post=2484"},{"taxonomy":"product_tag","embeddable":true,"href":"https:\/\/habibimb.com\/en\/wp-json\/wp\/v2\/product_tag?post=2484"}],"curies":[{"name":"wp","href":"https:\/\/api.w.org\/{rel}","templated":true}]}}