{"id":2481,"date":"2025-05-10T08:00:48","date_gmt":"2025-05-10T08:00:48","guid":{"rendered":"https:\/\/habibimb.com\/?post_type=product&#038;p=2481"},"modified":"2025-11-04T05:47:35","modified_gmt":"2025-11-04T05:47:35","slug":"azule-elite-by-anfar-london-extract-de-parfum-barbati-100ml","status":"publish","type":"product","link":"https:\/\/habibimb.com\/en\/product\/azule-elite-by-anfar-london-extract-de-parfum-barbati-100ml\/","title":{"rendered":"Azule Elite, By Anfar London"},"content":{"rendered":"<h2>Dezl\u0103n\u021buie-\u021bi elegan\u021ba interioar\u0103<\/h2>\n<p>V\u0103 prezent\u0103m Azule Elite de Anfar London, un extract de parfum captivant conceput pentru b\u0103rbatul modern care caut\u0103 s\u0103-\u0219i exprime stilul unic \u0219i rafinamentul. Acest parfum de lux vine \u00eentr-o sticl\u0103 elegant\u0103 de 100 ml, perfect\u0103 pentru utilizarea zilnic\u0103 sau pentru ocazii speciale. Cu Azule Elite, \u00eentruchipezi \u00eencrederea \u0219i farmecul, l\u0103s\u00e2nd o impresie de durat\u0103 oriunde te-ai duce.<\/p>\n<h2>O c\u0103l\u0103torie parfumat\u0103<\/h2>\n<p>Azule Elite v\u0103 invit\u0103 s\u0103 porni\u021bi \u00eentr-o c\u0103l\u0103torie senzorial\u0103, combin\u00e2nd note bogate \u0219i armonioase care se desf\u0103\u0219oar\u0103 frumos cu fiecare pulverizare. Parfumul se deschide cu note vibrante de citrice care trezesc sim\u021burile, \u00eembin\u00e2ndu-se perfect \u00eentr-o inim\u0103 de condimente aromate \u0219i acorduri florale. Pe m\u0103sur\u0103 ce se a\u0219eaz\u0103, notele de baz\u0103 de lemn cald \u0219i mosc senzual ofer\u0103 profunzime \u0219i longevitate, asigur\u00e2ndu-se c\u0103 acest parfum persist\u0103 mult timp dup\u0103 aplicare. Este o articula\u021bie echilibrat\u0103 de prospe\u021bime \u0219i c\u0103ldur\u0103, ideal\u0103 pentru orice moment al zilei.<\/p>\n<h2>Cadoul perfect pentru gentlemanul cu discern\u0103m\u00e2nt<\/h2>\n<p>Acest extract de parfum rafinat nu este doar un r\u0103sf\u0103\u021b personal, ci este \u0219i un cadou excep\u021bional pentru domnul exigent din via\u021ba ta. Fie pentru o zi de na\u0219tere, o aniversare sau pur \u0219i simplu pentru a-\u0219i ar\u0103ta aprecierea, Azule Elite este o dovad\u0103 a calit\u0103\u021bii \u0219i gustului. Prezentat \u00eentr-o sticl\u0103 frumos proiectat\u0103, \u00eentruchipeaz\u0103 esen\u021ba luxului \u0219i a m\u0103iestriei pentru care Anfar London este renumit\u0103.<\/p>\n<p>\u00cembun\u0103t\u0103\u021be\u0219te-\u021bi colec\u021bia de parfumuri cu Azule Elite de la Anfar London. Este mai mult dec\u00e2t un simplu parfum; este o expresie a individualit\u0103\u021bii tale. \u00cembr\u0103\u021bi\u0219eaz\u0103 elegan\u021ba, simte \u00eencrederea \u0219i f\u0103 fiecare moment memorabil.<\/p>","protected":false},"excerpt":{"rendered":"<p>Inspirat din Creed Aventus<\/p>","protected":false},"featured_media":2483,"comment_status":"open","ping_status":"closed","template":"","meta":{"om_disable_all_campaigns":false,"_monsterinsights_skip_tracking":false,"_monsterinsights_sitenote_active":false,"_monsterinsights_sitenote_note":"","_monsterinsights_sitenote_category":0},"product_brand":[79],"product_cat":[55],"product_tag":[],"class_list":{"0":"post-2481","1":"product","2":"type-product","3":"status-publish","4":"has-post-thumbnail","6":"product_brand-by-anfar-london","7":"product_cat-pentru-el","9":"first","10":"instock","11":"shipping-taxable","12":"purchasable","13":"product-type-simple"},"aioseo_notices":[],"ct_brands":[{"id":79,"name":"By Anfar London","slug":"by-anfar-london"}],"_links":{"self":[{"href":"https:\/\/habibimb.com\/en\/wp-json\/wp\/v2\/product\/2481","targetHints":{"allow":["GET"]}}],"collection":[{"href":"https:\/\/habibimb.com\/en\/wp-json\/wp\/v2\/product"}],"about":[{"href":"https:\/\/habibimb.com\/en\/wp-json\/wp\/v2\/types\/product"}],"replies":[{"embeddable":true,"href":"https:\/\/habibimb.com\/en\/wp-json\/wp\/v2\/comments?post=2481"}],"wp:featuredmedia":[{"embeddable":true,"href":"https:\/\/habibimb.com\/en\/wp-json\/wp\/v2\/media\/2483"}],"wp:attachment":[{"href":"https:\/\/habibimb.com\/en\/wp-json\/wp\/v2\/media?parent=2481"}],"wp:term":[{"taxonomy":"product_brand","embeddable":true,"href":"https:\/\/habibimb.com\/en\/wp-json\/wp\/v2\/product_brand?post=2481"},{"taxonomy":"product_cat","embeddable":true,"href":"https:\/\/habibimb.com\/en\/wp-json\/wp\/v2\/product_cat?post=2481"},{"taxonomy":"product_tag","embeddable":true,"href":"https:\/\/habibimb.com\/en\/wp-json\/wp\/v2\/product_tag?post=2481"}],"curies":[{"name":"wp","href":"https:\/\/api.w.org\/{rel}","templated":true}]}}