{"id":2478,"date":"2025-05-10T07:57:24","date_gmt":"2025-05-10T07:57:24","guid":{"rendered":"https:\/\/habibimb.com\/?post_type=product&#038;p=2478"},"modified":"2025-12-05T12:14:19","modified_gmt":"2025-12-05T12:14:19","slug":"apa-de-parfum-cherise-elixir-asten-unisex-100ml","status":"publish","type":"product","link":"https:\/\/habibimb.com\/en\/product\/apa-de-parfum-cherise-elixir-asten-unisex-100ml\/","title":{"rendered":"Cerise Elixir, Asten"},"content":{"rendered":"<h2>Descoperi\u021bi Cherise Elixir<\/h2>\n<p>Dezl\u0103n\u021buie-\u021bi elegan\u021ba interioar\u0103 cu Apa De Parfum Cherise Elixir de la Asten. Acest parfum unisex ofer\u0103 o arom\u0103 unic\u0103 care echilibreaz\u0103 frumos rafinamentul \u0219i prospe\u021bimea. Fie c\u0103 te \u00eembraci pentru o noapte \u00een ora\u0219 sau cau\u021bi un parfum de semn\u0103tur\u0103 pentru rutina ta zilnic\u0103, Cherise Elixir ofer\u0103 o experien\u021b\u0103 olfactiv\u0103 rafinat\u0103 pentru toat\u0103 lumea.<\/p>\n<h2>Note care atrag<\/h2>\n<p>Cherise Elixir se deschide cu o explozie vibrant\u0103 de note fructate, cre\u00e2nd o introducere \u00eembietoare \u0219i juc\u0103u\u0219\u0103. Pe m\u0103sur\u0103 ce parfumul se a\u0219eaz\u0103, dezv\u0103luie o inim\u0103 de nuan\u021be florale, aduc\u00e2nd un sentiment de armonie \u0219i c\u0103ldur\u0103 acestui parfum captivant. Notele de baz\u0103 te \u00eenv\u0103luie \u00eentr-o \u00eembr\u0103\u021bi\u0219are reconfortant\u0103 de chihlimbar \u0219i mosc, permi\u021b\u00e2nd parfumului s\u0103 persiste pe tot parcursul zilei, l\u0103s\u00e2nd \u00een urm\u0103 o urm\u0103 de intrig\u0103.<\/p>\n<h2>Perfect pentru orice ocazie<\/h2>\n<p>Versatilitatea Apa De Parfum Cherise Elixir \u00eel face o alegere excelent\u0103 pentru orice ocazie. Profilul s\u0103u echilibrat v\u0103 asigur\u0103 c\u0103 v\u0103 va \u00eenso\u021bi f\u0103r\u0103 probleme din zi p\u00e2n\u0103 seara. Ideal at\u00e2t pentru evenimente formale, c\u00e2t \u0219i pentru ie\u0219iri casual, acest parfum v\u0103 \u00eembun\u0103t\u0103\u021be\u0219te prezen\u021ba f\u0103r\u0103 a v\u0103 cople\u0219i individualitatea. \u00cembr\u0103\u021bi\u0219eaz\u0103 farmecul Elixirului Cherise \u0219i exprim\u0103-\u021bi unicitatea lumii.<\/p>","protected":false},"excerpt":{"rendered":"<p>Inspirat din Tom Ford Lost Cherry<\/p>","protected":false},"featured_media":2479,"comment_status":"open","ping_status":"closed","template":"","meta":{"om_disable_all_campaigns":false,"_monsterinsights_skip_tracking":false,"_monsterinsights_sitenote_active":false,"_monsterinsights_sitenote_note":"","_monsterinsights_sitenote_category":0},"product_brand":[80],"product_cat":[57],"product_tag":[],"class_list":{"0":"post-2478","1":"product","2":"type-product","3":"status-publish","4":"has-post-thumbnail","6":"product_brand-asten","7":"product_cat-unisex","9":"first","10":"instock","11":"shipping-taxable","12":"purchasable","13":"product-type-simple"},"aioseo_notices":[],"ct_brands":[{"id":80,"name":"Asten","slug":"asten"}],"_links":{"self":[{"href":"https:\/\/habibimb.com\/en\/wp-json\/wp\/v2\/product\/2478","targetHints":{"allow":["GET"]}}],"collection":[{"href":"https:\/\/habibimb.com\/en\/wp-json\/wp\/v2\/product"}],"about":[{"href":"https:\/\/habibimb.com\/en\/wp-json\/wp\/v2\/types\/product"}],"replies":[{"embeddable":true,"href":"https:\/\/habibimb.com\/en\/wp-json\/wp\/v2\/comments?post=2478"}],"wp:featuredmedia":[{"embeddable":true,"href":"https:\/\/habibimb.com\/en\/wp-json\/wp\/v2\/media\/2479"}],"wp:attachment":[{"href":"https:\/\/habibimb.com\/en\/wp-json\/wp\/v2\/media?parent=2478"}],"wp:term":[{"taxonomy":"product_brand","embeddable":true,"href":"https:\/\/habibimb.com\/en\/wp-json\/wp\/v2\/product_brand?post=2478"},{"taxonomy":"product_cat","embeddable":true,"href":"https:\/\/habibimb.com\/en\/wp-json\/wp\/v2\/product_cat?post=2478"},{"taxonomy":"product_tag","embeddable":true,"href":"https:\/\/habibimb.com\/en\/wp-json\/wp\/v2\/product_tag?post=2478"}],"curies":[{"name":"wp","href":"https:\/\/api.w.org\/{rel}","templated":true}]}}