{"id":2476,"date":"2025-05-10T07:55:22","date_gmt":"2025-05-10T07:55:22","guid":{"rendered":"https:\/\/habibimb.com\/?post_type=product&#038;p=2476"},"modified":"2025-05-15T07:32:37","modified_gmt":"2025-05-15T07:32:37","slug":"apa-de-parfum-black-orchestra-asten-unisex-100ml","status":"publish","type":"product","link":"https:\/\/habibimb.com\/en\/product\/apa-de-parfum-black-orchestra-asten-unisex-100ml\/","title":{"rendered":"Black Orchestra Asten"},"content":{"rendered":"<h2>Descoperi\u021bi esen\u021ba Asten<\/h2>\n<p>V\u0103 prezent\u0103m Apa De Parfum Black Orchestra Asten, un parfum unisex uimitor creat pentru a \u00eentruchipa rafinamentul \u0219i alura. Cu amestecul s\u0103u unic de note, acest parfum te transport\u0103 \u00eentr-un t\u0103r\u00e2m al elegan\u021bei \u0219i misterului, f\u0103c\u00e2ndu-l o alegere ideal\u0103 pentru orice ocazie. Sticla sa de 100 ml v\u0103 asigur\u0103 c\u0103 ave\u021bi o cantitate ampl\u0103 de acest parfum \u00eenc\u00e2nt\u0103tor, permi\u021b\u00e2ndu-v\u0103 s\u0103 v\u0103 delecta\u021bi cu aroma sa captivant\u0103 \u00een fiecare zi.<\/p>\n<h2>O simfonie de note de parfum<\/h2>\n<p>The Black Orchestra Asten este o simfonie armonioas\u0103 de note de parfum distincte \u0219i atr\u0103g\u0103toare care se desf\u0103\u0219oar\u0103 \u00eentr-o manier\u0103 fascinant\u0103. La deschidere, notele de citrice r\u0103coritoare revigoreaz\u0103 sim\u021burile, urmate de o inim\u0103 care dezv\u0103luie flori \u0219i condimente, cre\u00e2nd un echilibru \u00eenc\u00e2nt\u0103tor. Pe m\u0103sur\u0103 ce parfumul se a\u0219eaz\u0103, apar nuan\u021be p\u0103m\u00e2ntii \u0219i lemnoase, l\u0103s\u00e2nd o impresie de durat\u0103 care \u00eentruchipeaz\u0103 profunzimea \u0219i rafinamentul. Aceast\u0103 compozi\u021bie atent \u00eengrijit\u0103 asigur\u0103 versatilitate, f\u0103c\u00e2ndu-l potrivit at\u00e2t pentru zi, c\u00e2t \u0219i pentru noapte.<\/p>\n<h2>Parfumul t\u0103u perfect pentru fiecare ocazie<\/h2>\n<p>Fie c\u0103 v\u0103 \u00eendrepta\u021bi spre un eveniment formal, v\u0103 bucura\u021bi de o zi informal\u0103 sau pur \u0219i simplu dori\u021bi s\u0103 v\u0103 \u00eembun\u0103t\u0103\u021bi\u021bi rutina de zi cu zi, Apa De Parfum Black Orchestra Asten este \u00eenso\u021bitorul perfect. Natura sa unisex transcende grani\u021bele tradi\u021bionale, atr\u0103g\u00e2nd pe oricine pre\u021buie\u0219te o experien\u021b\u0103 olfactiv\u0103 unic\u0103 \u0219i memorabil\u0103. Acest parfum v\u0103 permite s\u0103 v\u0103 exprima\u021bi individualitatea, l\u0103s\u00e2nd o urm\u0103 de intrig\u0103 oriunde merge\u021bi. Experimenteaz\u0103 transformarea care vine odat\u0103 cu purtarea unui parfum care nu numai c\u0103 \u00ee\u021bi \u00eembun\u0103t\u0103\u021be\u0219te personalitatea, dar evoc\u0103 \u0219i emo\u021bii \u0219i amintiri.<\/p>\n<p>\u00cembun\u0103t\u0103\u021be\u0219te-\u021bi colec\u021bia de parfumuri cu Black Orchestra Asten. Cu profilul s\u0103u parfumat captivant, prezentarea elegant\u0103 \u0219i versatilitatea, ve\u021bi descoperi c\u0103 nu este doar un parfum, ci un accesoriu esen\u021bial. \u00cembr\u0103\u021bi\u0219eaz\u0103 farmecul Asten ast\u0103zi \u0219i f\u0103-l parfumul t\u0103u caracteristic.<\/p>","protected":false},"excerpt":{"rendered":"<p>Inspirat din Tom Ford Black Orchid<\/p>","protected":false},"featured_media":2477,"comment_status":"open","ping_status":"closed","template":"","meta":{"om_disable_all_campaigns":false,"_monsterinsights_skip_tracking":false,"_monsterinsights_sitenote_active":false,"_monsterinsights_sitenote_note":"","_monsterinsights_sitenote_category":0},"product_brand":[80],"product_cat":[57],"product_tag":[],"class_list":{"0":"post-2476","1":"product","2":"type-product","3":"status-publish","4":"has-post-thumbnail","6":"product_brand-asten","7":"product_cat-unisex","9":"first","10":"instock","11":"shipping-taxable","12":"purchasable","13":"product-type-simple"},"aioseo_notices":[],"ct_brands":[{"id":80,"name":"Asten","slug":"asten"}],"_links":{"self":[{"href":"https:\/\/habibimb.com\/en\/wp-json\/wp\/v2\/product\/2476","targetHints":{"allow":["GET"]}}],"collection":[{"href":"https:\/\/habibimb.com\/en\/wp-json\/wp\/v2\/product"}],"about":[{"href":"https:\/\/habibimb.com\/en\/wp-json\/wp\/v2\/types\/product"}],"replies":[{"embeddable":true,"href":"https:\/\/habibimb.com\/en\/wp-json\/wp\/v2\/comments?post=2476"}],"wp:featuredmedia":[{"embeddable":true,"href":"https:\/\/habibimb.com\/en\/wp-json\/wp\/v2\/media\/2477"}],"wp:attachment":[{"href":"https:\/\/habibimb.com\/en\/wp-json\/wp\/v2\/media?parent=2476"}],"wp:term":[{"taxonomy":"product_brand","embeddable":true,"href":"https:\/\/habibimb.com\/en\/wp-json\/wp\/v2\/product_brand?post=2476"},{"taxonomy":"product_cat","embeddable":true,"href":"https:\/\/habibimb.com\/en\/wp-json\/wp\/v2\/product_cat?post=2476"},{"taxonomy":"product_tag","embeddable":true,"href":"https:\/\/habibimb.com\/en\/wp-json\/wp\/v2\/product_tag?post=2476"}],"curies":[{"name":"wp","href":"https:\/\/api.w.org\/{rel}","templated":true}]}}