{"id":2474,"date":"2025-05-10T07:53:43","date_gmt":"2025-05-10T07:53:43","guid":{"rendered":"https:\/\/habibimb.com\/?post_type=product&#038;p=2474"},"modified":"2026-01-10T06:49:35","modified_gmt":"2026-01-10T06:49:35","slug":"apa-de-parfum-fallen-angel-asten-unisex-100ml","status":"publish","type":"product","link":"https:\/\/habibimb.com\/en\/product\/apa-de-parfum-fallen-angel-asten-unisex-100ml\/","title":{"rendered":"Fallen Angel, Asten"},"content":{"rendered":"<h2>Dezl\u0103n\u021buie-\u021bi esen\u021ba interioar\u0103<\/h2>\n<p>Descoperi\u021bi alura captivant\u0103 a Apa De Parfum Fallen Angel de la Asten, un parfum unisex conceput pentru cei care \u00eendr\u0103znesc s\u0103-\u0219i exprime individualitatea. Aceast\u0103 sticl\u0103 de 100 ml este completarea perfect\u0103 a colec\u021biei tale de parfumuri, oferind un parfum la fel de unic ca \u0219i purt\u0103torul. Echilibrul complicat al notelor creeaz\u0103 o experien\u021b\u0103 care se armonizeaz\u0103 frumos at\u00e2t cu \u021binuta de zi, c\u00e2t \u0219i de sear\u0103.<\/p>\n<h2>O simfonie de note<\/h2>\n<p>Parfumul se deschide cu un amestec atr\u0103g\u0103tor de note citrice \u0219i florale care revigoreaz\u0103 sim\u021burile. Se transform\u0103 perfect \u00eentr-o inim\u0103 de condimente bogate \u0219i lemne calde, oferindu-i o profunzime care persist\u0103 pe tot parcursul zilei. Notele de baz\u0103 ofer\u0103 un final moale, senzual, cu note de chihlimbar \u0219i mosc, f\u0103c\u00e2ndu-l o alegere irezistibil\u0103 at\u00e2t pentru b\u0103rba\u021bi, c\u00e2t \u0219i pentru femei. Indiferent dac\u0103 participa\u021bi la un eveniment formal sau v\u0103 bucura\u021bi de o zi informal\u0103, acest parfum v\u0103 \u00eenv\u0103luie \u00eentr-o \u00eembr\u0103\u021bi\u0219are cald\u0103, l\u0103s\u00e2nd o impresie de durat\u0103.<\/p>\n<h2>Perfect pentru toate ocaziile<\/h2>\n<p>Apa De Parfum Fallen Angel este conceput pentru a rezona cu persoanele care apreciaz\u0103 versatilitatea parfumului lor. Atrac\u021bia sa unisex \u00eei permite s\u0103 fie purtat de oricine, f\u0103c\u00e2ndu-l un cadou atent pentru cei dragi sau un r\u0103sf\u0103\u021b personal \u00eenc\u00e2nt\u0103tor. Designul elegant al sticlei adaug\u0103, de asemenea, o not\u0103 de rafinament, demn\u0103 de orice vanitate sau parfum.<\/p>\n<p>Aceast\u0103 ap\u0103 de parfum de 100 ml asigur\u0103 o purtare de lung\u0103 durat\u0103, astfel \u00eenc\u00e2t s\u0103 v\u0103 pute\u021bi bucura de aroma luxoas\u0103 de diminea\u021ba p\u00e2n\u0103 seara. \u00cembr\u0103\u021bi\u0219eaz\u0103-\u021bi esen\u021ba cu Fallen Angel de la Asten \u0219i las\u0103-\u021bi parfumul s\u0103-\u021bi spun\u0103 povestea.<\/p>","protected":false},"excerpt":{"rendered":"<p>Inspirat din <strong data-start=\"96\" data-end=\"113\">Angel\u2019s Share<\/strong> de la Kilian<\/p>","protected":false},"featured_media":2475,"comment_status":"open","ping_status":"closed","template":"","meta":{"om_disable_all_campaigns":false,"_monsterinsights_skip_tracking":false,"_monsterinsights_sitenote_active":false,"_monsterinsights_sitenote_note":"","_monsterinsights_sitenote_category":0},"product_brand":[80],"product_cat":[57],"product_tag":[],"class_list":{"0":"post-2474","1":"product","2":"type-product","3":"status-publish","4":"has-post-thumbnail","6":"product_brand-asten","7":"product_cat-unisex","9":"first","10":"instock","11":"shipping-taxable","12":"purchasable","13":"product-type-simple"},"aioseo_notices":[],"ct_brands":[{"id":80,"name":"Asten","slug":"asten"}],"_links":{"self":[{"href":"https:\/\/habibimb.com\/en\/wp-json\/wp\/v2\/product\/2474","targetHints":{"allow":["GET"]}}],"collection":[{"href":"https:\/\/habibimb.com\/en\/wp-json\/wp\/v2\/product"}],"about":[{"href":"https:\/\/habibimb.com\/en\/wp-json\/wp\/v2\/types\/product"}],"replies":[{"embeddable":true,"href":"https:\/\/habibimb.com\/en\/wp-json\/wp\/v2\/comments?post=2474"}],"wp:featuredmedia":[{"embeddable":true,"href":"https:\/\/habibimb.com\/en\/wp-json\/wp\/v2\/media\/2475"}],"wp:attachment":[{"href":"https:\/\/habibimb.com\/en\/wp-json\/wp\/v2\/media?parent=2474"}],"wp:term":[{"taxonomy":"product_brand","embeddable":true,"href":"https:\/\/habibimb.com\/en\/wp-json\/wp\/v2\/product_brand?post=2474"},{"taxonomy":"product_cat","embeddable":true,"href":"https:\/\/habibimb.com\/en\/wp-json\/wp\/v2\/product_cat?post=2474"},{"taxonomy":"product_tag","embeddable":true,"href":"https:\/\/habibimb.com\/en\/wp-json\/wp\/v2\/product_tag?post=2474"}],"curies":[{"name":"wp","href":"https:\/\/api.w.org\/{rel}","templated":true}]}}