{"id":2471,"date":"2025-05-10T07:51:34","date_gmt":"2025-05-10T07:51:34","guid":{"rendered":"https:\/\/habibimb.com\/?post_type=product&#038;p=2471"},"modified":"2026-01-26T10:52:53","modified_gmt":"2026-01-26T10:52:53","slug":"apa-de-parfum-cute-lady-asten-femei-100ml","status":"publish","type":"product","link":"https:\/\/habibimb.com\/en\/product\/apa-de-parfum-cute-lady-asten-femei-100ml\/","title":{"rendered":"Cute Lady, Asten"},"content":{"rendered":"<h2>Descoper\u0103 esen\u021ba feminit\u0103\u021bii<\/h2>\n<p>P\u0103\u0219e\u0219te \u00eentr-o lume a \u00eenc\u00e2nt\u0103rii cu <strong>Apa De Parfum Cute Lady<\/strong> de la Asten. Special conceput pentru femeile care \u00ee\u0219i \u00eembr\u0103\u021bi\u0219eaz\u0103 individualitatea, acest parfum atr\u0103g\u0103tor combin\u0103 notele florale delicate cu o not\u0103 de prospe\u021bime vie. Parfumul fermec\u0103tor v\u0103 invit\u0103 s\u0103 v\u0103 explora\u021bi latura juc\u0103u\u0219\u0103, f\u0103c\u00e2ndu-l parfumul perfect pentru orice ocazie &#8211; fie c\u0103 este vorba de o zi casual sau de un eveniment elegant de sear\u0103.<\/p>\n<h2>Dezl\u0103n\u021buie-\u021bi farmecul interior<\/h2>\n<p>Apa De Parfum Cute Lady este mai mult dec\u00e2t un parfum; Este o s\u0103rb\u0103toare a elegan\u021bei \u0219i a spiritului tineresc. Sticla de 100 ml prezint\u0103 un design frumos care reflect\u0103 esen\u021ba parfumului din interior. Cu note de v\u00e2rf care \u00ee\u021bi re\u00eemprosp\u0103teaz\u0103 sim\u021burile, trec\u00e2nd f\u0103r\u0103 probleme \u00eentr-o inim\u0103 de flori \u00eenflorite, acest parfum promite o experien\u021b\u0103 olfactiv\u0103 de neuitat. Indiferent dac\u0103 participa\u021bi la o \u00eent\u00e2lnire social\u0103 sau v\u0103 bucura\u021bi de o sear\u0103 lini\u0219tit\u0103 acas\u0103, acest parfum v\u0103 spore\u0219te alura natural\u0103.<\/p>\n<h2>Cadoul perfect pentru fiecare ocazie<\/h2>\n<p>Cau\u021bi un cadou atent? Apa De Parfum Cute Lady este un cadou \u00eenc\u00e2nt\u0103tor pentru zile de na\u0219tere, anivers\u0103ri sau pur \u0219i simplu pentru a ar\u0103ta cuiva c\u0103 \u00ee\u021bi pas\u0103. Profilul s\u0103u olfactiv versatil \u0219i ambalajul elegant \u00eel fac un plus pre\u021buit pentru colec\u021bia oricui. \u00cemp\u0103rt\u0103\u0219e\u0219te bucuria acestui parfum rafinat cu femeile speciale din via\u021ba ta \u0219i prive\u0219te-le lumin\u00e2ndu-se de recuno\u0219tin\u021b\u0103.<\/p>\n<p>R\u0103sf\u0103\u021ba\u021bi-v\u0103 pe dumneavoastr\u0103 sau pe o persoan\u0103 drag\u0103 cu aroma \u00eenc\u00e2nt\u0103toare a Apa De Parfum Cute Lady de la Asten. \u00cembr\u0103\u021bi\u0219eaz\u0103-\u021bi adev\u0103rata esen\u021b\u0103 \u0219i las\u0103 parfumul s\u0103-\u021bi \u00eenal\u021be spiritul, s\u0103 radieze \u00eencredere \u0219i s\u0103 lase o impresie de durat\u0103 oriunde te-ai duce.<\/p>","protected":false},"excerpt":{"rendered":"<p>Inspirat din Carolina Herrera Good Girl<\/p>","protected":false},"featured_media":2473,"comment_status":"open","ping_status":"closed","template":"","meta":{"om_disable_all_campaigns":false,"_monsterinsights_skip_tracking":false,"_monsterinsights_sitenote_active":false,"_monsterinsights_sitenote_note":"","_monsterinsights_sitenote_category":0},"product_brand":[80],"product_cat":[56],"product_tag":[],"class_list":{"0":"post-2471","1":"product","2":"type-product","3":"status-publish","4":"has-post-thumbnail","6":"product_brand-asten","7":"product_cat-pentru-ea","9":"first","10":"instock","11":"shipping-taxable","12":"purchasable","13":"product-type-simple"},"aioseo_notices":[],"ct_brands":[{"id":80,"name":"Asten","slug":"asten"}],"_links":{"self":[{"href":"https:\/\/habibimb.com\/en\/wp-json\/wp\/v2\/product\/2471","targetHints":{"allow":["GET"]}}],"collection":[{"href":"https:\/\/habibimb.com\/en\/wp-json\/wp\/v2\/product"}],"about":[{"href":"https:\/\/habibimb.com\/en\/wp-json\/wp\/v2\/types\/product"}],"replies":[{"embeddable":true,"href":"https:\/\/habibimb.com\/en\/wp-json\/wp\/v2\/comments?post=2471"}],"wp:featuredmedia":[{"embeddable":true,"href":"https:\/\/habibimb.com\/en\/wp-json\/wp\/v2\/media\/2473"}],"wp:attachment":[{"href":"https:\/\/habibimb.com\/en\/wp-json\/wp\/v2\/media?parent=2471"}],"wp:term":[{"taxonomy":"product_brand","embeddable":true,"href":"https:\/\/habibimb.com\/en\/wp-json\/wp\/v2\/product_brand?post=2471"},{"taxonomy":"product_cat","embeddable":true,"href":"https:\/\/habibimb.com\/en\/wp-json\/wp\/v2\/product_cat?post=2471"},{"taxonomy":"product_tag","embeddable":true,"href":"https:\/\/habibimb.com\/en\/wp-json\/wp\/v2\/product_tag?post=2471"}],"curies":[{"name":"wp","href":"https:\/\/api.w.org\/{rel}","templated":true}]}}