{"id":2468,"date":"2025-05-10T07:49:30","date_gmt":"2025-05-10T07:49:30","guid":{"rendered":"https:\/\/habibimb.com\/?post_type=product&#038;p=2468"},"modified":"2026-01-10T06:50:11","modified_gmt":"2026-01-10T06:50:11","slug":"apa-de-parfum-opulent-tabac-asten-unisex-100ml","status":"publish","type":"product","link":"https:\/\/habibimb.com\/en\/product\/apa-de-parfum-opulent-tabac-asten-unisex-100ml\/","title":{"rendered":"Opulent Tabac, Asten"},"content":{"rendered":"<h2>Dezv\u0103luie un parfum de distinc\u021bie<\/h2>\n<p>V\u0103 prezent\u0103m <strong>Apa De Parfum Opulent Tabac<\/strong> de la Asten &#8211; un parfum creat pentru persoanele exigente care apreciaz\u0103 o arom\u0103 bogat\u0103 \u0219i \u00eenv\u0103luitoare. Acest parfum unisex de 100 ml \u00eembin\u0103 perfect elegan\u021ba \u0219i c\u0103ldura, f\u0103c\u00e2ndu-l un plus ideal pentru orice garderob\u0103 de parfumuri.<\/p>\n<h2>Note care captiveaz\u0103<\/h2>\n<p>Cu un amestec armonios de note aromatice, Opulent Tabac se deschide cu o explozie \u00eenc\u00e2nt\u0103toare de condimente \u0219i lemne care capteaz\u0103 sim\u021burile imediat. Pe m\u0103sur\u0103 ce se a\u0219eaz\u0103, apare o inim\u0103 de tutun cremos \u0219i r\u0103\u0219in\u0103, sporindu-i profunzimea \u0219i caracterul. Notele de baz\u0103 ofer\u0103 o c\u0103ldur\u0103 persistent\u0103 care face ca fiecare purtare s\u0103 fie o experien\u021b\u0103 de neuitat.<\/p>\n<h2>Un clasic modern pentru fiecare ocazie<\/h2>\n<p>Apa De Parfum Opulent Tabac exceleaz\u0103 prin versatilitate, f\u0103c\u00e2ndu-l potrivit pentru zi \u0219i noapte. Fie c\u0103 te \u00eembraci pentru un eveniment de sear\u0103 sau cau\u021bi un parfum de zi cu zi, acest parfum se adapteaz\u0103 frumos, \u00eenv\u0103luindu-te \u00een \u00eembr\u0103\u021bi\u0219area sa luxoas\u0103. Este mai mult dec\u00e2t un parfum; Este o declara\u021bie de stil \u0219i rafinament, atr\u0103g\u0103toare at\u00e2t pentru b\u0103rba\u021bi, c\u00e2t \u0219i pentru femei.<\/p>","protected":false},"excerpt":{"rendered":"<p>Inspirat din Tom Ford Tobacco Vanille<\/p>","protected":false},"featured_media":2469,"comment_status":"open","ping_status":"closed","template":"","meta":{"om_disable_all_campaigns":false,"_monsterinsights_skip_tracking":false,"_monsterinsights_sitenote_active":false,"_monsterinsights_sitenote_note":"","_monsterinsights_sitenote_category":0},"product_brand":[80],"product_cat":[57],"product_tag":[],"class_list":{"0":"post-2468","1":"product","2":"type-product","3":"status-publish","4":"has-post-thumbnail","6":"product_brand-asten","7":"product_cat-unisex","9":"first","10":"instock","11":"shipping-taxable","12":"purchasable","13":"product-type-simple"},"aioseo_notices":[],"ct_brands":[{"id":80,"name":"Asten","slug":"asten"}],"_links":{"self":[{"href":"https:\/\/habibimb.com\/en\/wp-json\/wp\/v2\/product\/2468","targetHints":{"allow":["GET"]}}],"collection":[{"href":"https:\/\/habibimb.com\/en\/wp-json\/wp\/v2\/product"}],"about":[{"href":"https:\/\/habibimb.com\/en\/wp-json\/wp\/v2\/types\/product"}],"replies":[{"embeddable":true,"href":"https:\/\/habibimb.com\/en\/wp-json\/wp\/v2\/comments?post=2468"}],"wp:featuredmedia":[{"embeddable":true,"href":"https:\/\/habibimb.com\/en\/wp-json\/wp\/v2\/media\/2469"}],"wp:attachment":[{"href":"https:\/\/habibimb.com\/en\/wp-json\/wp\/v2\/media?parent=2468"}],"wp:term":[{"taxonomy":"product_brand","embeddable":true,"href":"https:\/\/habibimb.com\/en\/wp-json\/wp\/v2\/product_brand?post=2468"},{"taxonomy":"product_cat","embeddable":true,"href":"https:\/\/habibimb.com\/en\/wp-json\/wp\/v2\/product_cat?post=2468"},{"taxonomy":"product_tag","embeddable":true,"href":"https:\/\/habibimb.com\/en\/wp-json\/wp\/v2\/product_tag?post=2468"}],"curies":[{"name":"wp","href":"https:\/\/api.w.org\/{rel}","templated":true}]}}