{"id":2465,"date":"2025-05-10T07:47:42","date_gmt":"2025-05-10T07:47:42","guid":{"rendered":"https:\/\/habibimb.com\/?post_type=product&#038;p=2465"},"modified":"2025-12-08T06:36:25","modified_gmt":"2025-12-08T06:36:25","slug":"apa-de-parfum-hermosa-superior-asten-femei-100ml","status":"publish","type":"product","link":"https:\/\/habibimb.com\/en\/product\/apa-de-parfum-hermosa-superior-asten-femei-100ml\/","title":{"rendered":"Hermosa Superior, Asten"},"content":{"rendered":"<h2>Descoperi\u021bi elegan\u021ba \u00een fiecare spray<\/h2>\n<p>R\u0103sf\u0103\u021ba\u021bi-v\u0103 sim\u021burile cu parfumul captivant al <strong>Apa De Parfum Hermosa Superior<\/strong> de la Asten. Acest parfum rafinat este un amestec perfect de arome sofisticate concepute pentru femeia modern\u0103. \u00cenvelit \u00eentr-o sticl\u0103 uimitoare de 100 ml, ofer\u0103 o experien\u021b\u0103 parfumat\u0103 atr\u0103g\u0103toare care dureaz\u0103 toat\u0103 ziua. Ideal at\u00e2t pentru zi, c\u00e2t \u0219i pentru noapte, Hermosa Superior este parfumul semn\u0103tur\u0103 care face o impresie de durat\u0103.<\/p>\n<h2>Note care captiveaz\u0103<\/h2>\n<p>Fiecare pulverizare de Apa De Parfum Hermosa Superior dezv\u0103luie o selec\u021bie atent organizat\u0103 de note care func\u021bioneaz\u0103 armonios \u00eempreun\u0103. Notele de v\u00e2rf sunt proaspete \u0219i revigorante, ceea ce \u00eel face un \u00eenceput ideal pentru orice ocazie. Pe m\u0103sur\u0103 ce parfumul se a\u0219eaz\u0103, notele de mijloc florale \u0219i fructate \u00eenfloresc, cre\u00e2nd o esen\u021b\u0103 romantic\u0103 care \u00eentruchipeaz\u0103 feminitatea. \u00cen cele din urm\u0103, notele de baz\u0103 ofer\u0103 un fond de ten cald, moscat, care persist\u0103 frumos pe piele. Acest parfum cu mai multe straturi este conceput pentru a evolua pe parcursul zilei, asigur\u00e2ndu-v\u0103 c\u0103 v\u0103 sim\u021bi\u021bi \u00eentotdeauna cel mai bine.<\/p>\n<h2>De ce s\u0103 alege\u021bi Hermosa Superior?<\/h2>\n<p>Alegerea unui parfum este o experien\u021b\u0103 personal\u0103, iar <strong>Apa De Parfum Hermosa Superior<\/strong> v\u0103 asigur\u0103 c\u0103 nu purta\u021bi doar un parfum; \u00eentruchipezi o aur\u0103 de elegan\u021b\u0103 \u0219i stil. Acest parfum se remarc\u0103 nu numai prin calitatea sa, ci \u0219i prin natura sa versatil\u0103, trec\u00e2nd cu u\u0219urin\u021b\u0103 de la ie\u0219iri casual la evenimente formale. Este ideal pentru femeia care dore\u0219te s\u0103-\u0219i exprime personalitatea cu gra\u021bie \u0219i rafinament. \u00cenc\u00e2nta\u021bi-v\u0103 sau surprinde\u021bi pe cineva drag cu acest parfum atemporal care spune multe.<\/p>","protected":false},"excerpt":{"rendered":"<p>Inspirat din <strong data-start=\"87\" data-end=\"100\">Erba Pura<\/strong> de la Sospiro<\/p>","protected":false},"featured_media":2466,"comment_status":"open","ping_status":"closed","template":"","meta":{"om_disable_all_campaigns":false,"_monsterinsights_skip_tracking":false,"_monsterinsights_sitenote_active":false,"_monsterinsights_sitenote_note":"","_monsterinsights_sitenote_category":0},"product_brand":[80],"product_cat":[56],"product_tag":[],"class_list":{"0":"post-2465","1":"product","2":"type-product","3":"status-publish","4":"has-post-thumbnail","6":"product_brand-asten","7":"product_cat-pentru-ea","9":"first","10":"instock","11":"shipping-taxable","12":"purchasable","13":"product-type-simple"},"aioseo_notices":[],"ct_brands":[{"id":80,"name":"Asten","slug":"asten"}],"_links":{"self":[{"href":"https:\/\/habibimb.com\/en\/wp-json\/wp\/v2\/product\/2465","targetHints":{"allow":["GET"]}}],"collection":[{"href":"https:\/\/habibimb.com\/en\/wp-json\/wp\/v2\/product"}],"about":[{"href":"https:\/\/habibimb.com\/en\/wp-json\/wp\/v2\/types\/product"}],"replies":[{"embeddable":true,"href":"https:\/\/habibimb.com\/en\/wp-json\/wp\/v2\/comments?post=2465"}],"wp:featuredmedia":[{"embeddable":true,"href":"https:\/\/habibimb.com\/en\/wp-json\/wp\/v2\/media\/2466"}],"wp:attachment":[{"href":"https:\/\/habibimb.com\/en\/wp-json\/wp\/v2\/media?parent=2465"}],"wp:term":[{"taxonomy":"product_brand","embeddable":true,"href":"https:\/\/habibimb.com\/en\/wp-json\/wp\/v2\/product_brand?post=2465"},{"taxonomy":"product_cat","embeddable":true,"href":"https:\/\/habibimb.com\/en\/wp-json\/wp\/v2\/product_cat?post=2465"},{"taxonomy":"product_tag","embeddable":true,"href":"https:\/\/habibimb.com\/en\/wp-json\/wp\/v2\/product_tag?post=2465"}],"curies":[{"name":"wp","href":"https:\/\/api.w.org\/{rel}","templated":true}]}}