{"id":2463,"date":"2025-05-10T07:46:15","date_gmt":"2025-05-10T07:46:15","guid":{"rendered":"https:\/\/habibimb.com\/?post_type=product&#038;p=2463"},"modified":"2025-05-21T19:41:50","modified_gmt":"2025-05-21T19:41:50","slug":"apa-de-parfum-my-life-asten-femei-100ml","status":"publish","type":"product","link":"https:\/\/habibimb.com\/en\/product\/apa-de-parfum-my-life-asten-femei-100ml\/","title":{"rendered":"My Life, Asten"},"content":{"rendered":"<p>V\u0103 prezent\u0103m <strong>Apa De Parfum My Life de la Asten<\/strong>, un parfum de lux conceput pentru femeia modern\u0103 care caut\u0103 s\u0103-\u0219i exprime individualitatea \u0219i farmecul. Acest parfum rafinat de 100 ml \u00eencapsuleaz\u0103 un amestec perfect de elegan\u021b\u0103 \u0219i vivacitate, permi\u021b\u00e2ndu-\u021bi s\u0103-\u021bi \u00eentruchipezi esen\u021ba unic\u0103 \u00een fiecare zi.<\/p>\n<h2>Dezv\u0103luie-\u021bi str\u0103lucirea interioar\u0103<\/h2>\n<p>Apa De Parfum My Life nu este doar un parfum; Este o invita\u021bie de a-\u021bi \u00eembr\u0103\u021bi\u0219a identitatea \u0219i de a str\u0103luci \u00een fiecare moment. Notele de v\u00e2rf izbucnesc cu citrice r\u0103coritoare, combinate artistic cu nuan\u021be florale delicate care \u00ee\u021bi \u00eenal\u021b\u0103 spiritul. Pe m\u0103sur\u0103 ce parfumul se desf\u0103\u0219oar\u0103, vei descoperi o inim\u0103 bogat\u0103 \u00een esen\u021be captivante, asigur\u00e2ndu-te c\u0103 fiecare \u00eent\u00e2lnire las\u0103 o impresie de durat\u0103. Acest parfum transform\u0103 momentele banale \u00een experien\u021be extraordinare.<\/p>\n<h2>O impresie de durat\u0103<\/h2>\n<p>Longevitatea <strong>Apa De Parfum My Life<\/strong> este una dintre caracteristicile sale remarcabile. Realizat cu ingrediente de \u00eenalt\u0103 calitate, acest parfum asigur\u0103 c\u0103 parfumul t\u0103u captivant persist\u0103 pe tot parcursul zilei, adapt\u00e2ndu-se f\u0103r\u0103 efort la stilul t\u0103u de via\u021b\u0103. Fie c\u0103 este vorba de o zi la birou sau de o noapte \u00een ora\u0219, acest parfum versatil completeaz\u0103 orice ocazie, f\u0103c\u00e2ndu-l un plus esen\u021bial pentru colec\u021bia ta.<\/p>\n<h2>Ambalaj elegant<\/h2>\n<p>Conceput cu g\u00e2ndul la elegan\u021b\u0103, ambalajul <strong>Apa De Parfum My Life<\/strong>, Asten, este la fel de atr\u0103g\u0103tor ca \u0219i parfumul din interior. Sticla elegant\u0103 \u0219i sofisticat\u0103 reflect\u0103 m\u0103iestria parfumului, f\u0103c\u00e2ndu-l un accesoriu frumos pentru toaleta ta. De asemenea, este un cadou perfect pentru cineva special, ilustr\u00e2nd grija combinat\u0103 cu luxul.<\/p>\n<p>\u00cen concluzie, alegerea <strong>Apa De Parfum My Life, Asten, Femei-100ml<\/strong> \u00eenseamn\u0103 alegerea de a-\u021bi \u00eembr\u0103\u021bi\u0219a esen\u021ba unic\u0103, asigur\u00e2ndu-te c\u0103 faci o impresie de neuitat oriunde te-ai duce. Experimenta\u021bi ast\u0103zi farmecul acestui parfum captivant \u0219i l\u0103sa\u021bi-l s\u0103 devin\u0103 o parte esen\u021bial\u0103 a rutinei dumneavoastr\u0103 zilnice.<\/p>","protected":false},"excerpt":{"rendered":"<p>Inspirat din <strong data-start=\"78\" data-end=\"88\">My Way<\/strong> de la Giorgio Armani<\/p>","protected":false},"featured_media":2464,"comment_status":"open","ping_status":"closed","template":"","meta":{"om_disable_all_campaigns":false,"_monsterinsights_skip_tracking":false,"_monsterinsights_sitenote_active":false,"_monsterinsights_sitenote_note":"","_monsterinsights_sitenote_category":0},"product_brand":[80],"product_cat":[56],"product_tag":[],"class_list":{"0":"post-2463","1":"product","2":"type-product","3":"status-publish","4":"has-post-thumbnail","6":"product_brand-asten","7":"product_cat-pentru-ea","9":"first","10":"outofstock","11":"shipping-taxable","12":"purchasable","13":"product-type-simple"},"aioseo_notices":[],"ct_brands":[{"id":80,"name":"Asten","slug":"asten"}],"_links":{"self":[{"href":"https:\/\/habibimb.com\/en\/wp-json\/wp\/v2\/product\/2463","targetHints":{"allow":["GET"]}}],"collection":[{"href":"https:\/\/habibimb.com\/en\/wp-json\/wp\/v2\/product"}],"about":[{"href":"https:\/\/habibimb.com\/en\/wp-json\/wp\/v2\/types\/product"}],"replies":[{"embeddable":true,"href":"https:\/\/habibimb.com\/en\/wp-json\/wp\/v2\/comments?post=2463"}],"wp:featuredmedia":[{"embeddable":true,"href":"https:\/\/habibimb.com\/en\/wp-json\/wp\/v2\/media\/2464"}],"wp:attachment":[{"href":"https:\/\/habibimb.com\/en\/wp-json\/wp\/v2\/media?parent=2463"}],"wp:term":[{"taxonomy":"product_brand","embeddable":true,"href":"https:\/\/habibimb.com\/en\/wp-json\/wp\/v2\/product_brand?post=2463"},{"taxonomy":"product_cat","embeddable":true,"href":"https:\/\/habibimb.com\/en\/wp-json\/wp\/v2\/product_cat?post=2463"},{"taxonomy":"product_tag","embeddable":true,"href":"https:\/\/habibimb.com\/en\/wp-json\/wp\/v2\/product_tag?post=2463"}],"curies":[{"name":"wp","href":"https:\/\/api.w.org\/{rel}","templated":true}]}}