{"id":2461,"date":"2025-05-10T07:44:33","date_gmt":"2025-05-10T07:44:33","guid":{"rendered":"https:\/\/habibimb.com\/?post_type=product&#038;p=2461"},"modified":"2025-10-02T11:44:27","modified_gmt":"2025-10-02T11:44:27","slug":"apa-de-parfum-glow-glamourous-garden-asten-femei-100ml","status":"publish","type":"product","link":"https:\/\/habibimb.com\/en\/product\/apa-de-parfum-glow-glamourous-garden-asten-femei-100ml\/","title":{"rendered":"Glow Glamourous Garden, Asten"},"content":{"rendered":"<h2>Descoperi\u021bi farmecul gr\u0103dinii glamouroase Glow<\/h2>\n<p>P\u0103\u0219e\u0219te \u00eentr-o lume a farmecului parfumat cu Apa De Parfum Glow Glamourous Garden de la Asten. Acest parfum rafinat, croit special pentru femei, \u00eencapsuleaz\u0103 esen\u021ba unei gr\u0103dini luxuriante pline de elegan\u021b\u0103 \u0219i farmec. Perfect pentru orice ocazie, acest parfum de 100 ml ofer\u0103 o arom\u0103 captivant\u0103 care las\u0103 o impresie de durat\u0103.<\/p>\n<h2>Creat pentru femeia elegant\u0103<\/h2>\n<p>Conceput pentru cei care apreciaz\u0103 lucrurile bune din via\u021b\u0103, Glow Glamourous Garden este o celebrare a feminit\u0103\u021bii \u0219i a gra\u021biei. Fiecare spray te transport\u0103 \u00eentr-un paradis \u00eenflorit, cu note de v\u00e2rf care \u00ee\u021bi trezesc sim\u021burile \u0219i flori care \u00eenfloresc \u00een inima parfumului. Amestecul s\u0103u sofisticat v\u0103 asigur\u0103 c\u0103 ie\u0219i\u021bi \u00een eviden\u021b\u0103 \u00een orice mul\u021bime, f\u0103c\u00e2ndu-l un plus esen\u021bial pentru colec\u021bia dvs.<\/p>\n<h2>Esen\u021b\u0103 de lung\u0103 durat\u0103 pentru toate ocaziile<\/h2>\n<p>Cu o longevitate care v\u0103 asigur\u0103 s\u0103 v\u0103 bucura\u021bi de deliciul s\u0103u aromat pe tot parcursul zilei, Glow Glamourous Garden de la Asten este mai mult dec\u00e2t un simplu parfum &#8211; este o expresie a stilului dumneavoastr\u0103 unic. Indiferent dac\u0103 te \u00eendrep\u021bi spre un eveniment formal sau o zi casual, acest parfum te \u00eenv\u0103luie \u00eentr-un v\u0103l rafinat de parfum care \u00ee\u021bi spore\u0219te alura natural\u0103. Sticla de 100 ml este conceput\u0103 pentru a \u00eenc\u0103pea cu u\u0219urin\u021b\u0103 \u00een geant\u0103, ceea ce o face o alegere convenabil\u0103 pentru aplicarea din mers.<\/p>\n<p>R\u0103sf\u0103\u021ba\u021bi-v\u0103 cu farmecul captivant al Apa De Parfum Glow Glamourous Garden \u0219i l\u0103sa\u021bi notele sale \u00eenc\u00e2nt\u0103toare s\u0103 v\u0103 reflecte personalitatea str\u0103lucitoare. Face\u021bi fiecare moment memorabil cu acest parfum de lux care \u00eentruchipeaz\u0103 cu adev\u0103rat spiritul unei femei care \u0219tie s\u0103 str\u0103luceasc\u0103!<\/p>","protected":false},"excerpt":{"rendered":"<p>Inspirat din Gucci Flora<\/p>","protected":false},"featured_media":2462,"comment_status":"open","ping_status":"closed","template":"","meta":{"om_disable_all_campaigns":false,"_monsterinsights_skip_tracking":false,"_monsterinsights_sitenote_active":false,"_monsterinsights_sitenote_note":"","_monsterinsights_sitenote_category":0},"product_brand":[80],"product_cat":[56],"product_tag":[],"class_list":{"0":"post-2461","1":"product","2":"type-product","3":"status-publish","4":"has-post-thumbnail","6":"product_brand-asten","7":"product_cat-pentru-ea","9":"first","10":"instock","11":"shipping-taxable","12":"purchasable","13":"product-type-simple"},"aioseo_notices":[],"ct_brands":[{"id":80,"name":"Asten","slug":"asten"}],"_links":{"self":[{"href":"https:\/\/habibimb.com\/en\/wp-json\/wp\/v2\/product\/2461","targetHints":{"allow":["GET"]}}],"collection":[{"href":"https:\/\/habibimb.com\/en\/wp-json\/wp\/v2\/product"}],"about":[{"href":"https:\/\/habibimb.com\/en\/wp-json\/wp\/v2\/types\/product"}],"replies":[{"embeddable":true,"href":"https:\/\/habibimb.com\/en\/wp-json\/wp\/v2\/comments?post=2461"}],"wp:featuredmedia":[{"embeddable":true,"href":"https:\/\/habibimb.com\/en\/wp-json\/wp\/v2\/media\/2462"}],"wp:attachment":[{"href":"https:\/\/habibimb.com\/en\/wp-json\/wp\/v2\/media?parent=2461"}],"wp:term":[{"taxonomy":"product_brand","embeddable":true,"href":"https:\/\/habibimb.com\/en\/wp-json\/wp\/v2\/product_brand?post=2461"},{"taxonomy":"product_cat","embeddable":true,"href":"https:\/\/habibimb.com\/en\/wp-json\/wp\/v2\/product_cat?post=2461"},{"taxonomy":"product_tag","embeddable":true,"href":"https:\/\/habibimb.com\/en\/wp-json\/wp\/v2\/product_tag?post=2461"}],"curies":[{"name":"wp","href":"https:\/\/api.w.org\/{rel}","templated":true}]}}