{"id":2459,"date":"2025-05-10T07:42:10","date_gmt":"2025-05-10T07:42:10","guid":{"rendered":"https:\/\/habibimb.com\/?post_type=product&#038;p=2459"},"modified":"2025-05-15T07:32:37","modified_gmt":"2025-05-15T07:32:37","slug":"apa-de-parfum-life-story-sensation-asten-femei-100ml","status":"publish","type":"product","link":"https:\/\/habibimb.com\/en\/product\/apa-de-parfum-life-story-sensation-asten-femei-100ml\/","title":{"rendered":"Life Story Sensation, Asten"},"content":{"rendered":"<h2>Dezl\u0103n\u021buie-\u021bi esen\u021ba interioar\u0103<\/h2>\n<p>R\u0103sf\u0103\u021ba\u021bi-v\u0103 cu alura captivant\u0103 a Apa De Parfum Life Story Sensation de la Asten. Acest parfum rafinat pentru femei este conceput pentru cei care apreciaz\u0103 elegan\u021ba \u0219i rafinamentul \u00een fiecare moment al zilei lor. Cu o sticl\u0103 generoas\u0103 de 100 ml, ofer\u0103 o experien\u021b\u0103 de durat\u0103 care v\u0103 spore\u0219te farmecul natural \u0219i las\u0103 o impresie memorabil\u0103.<\/p>\n<h2>O simfonie de note de parfum<\/h2>\n<p>Life Story Sensation este un amestec delicat care \u00eembin\u0103 note florale \u0219i fructate, cre\u00e2nd un profil olfactiv armonios care \u00eenc\u00e2nt\u0103 sim\u021burile. Notele de v\u00e2rf revigoreaz\u0103 cu o explozie de prospe\u021bime, trec\u00e2nd f\u0103r\u0103 probleme \u00eentr-o inim\u0103 care combin\u0103 dulcea\u021ba \u0219i profunzimea. Pe m\u0103sur\u0103 ce se usuc\u0103, o baz\u0103 cald\u0103 \u0219i senzual\u0103 persist\u0103, oferind un finisaj reconfortant, care se simte at\u00e2t luxos, c\u00e2t \u0219i abordabil.<\/p>\n<h2>Parfumul t\u0103u de semn\u0103tur\u0103 pentru fiecare ocazie<\/h2>\n<p>Fie c\u0103 te preg\u0103te\u0219ti pentru un eveniment formal, o \u00eent\u00e2lnire informal\u0103 sau o sear\u0103 cu prietenii, Apa De Parfum Life Story Sensation este \u00eenso\u021bitorul perfect. Versatilitatea sa \u00eel face potrivit pentru purtarea de zi p\u00e2n\u0103 la noapte, adapt\u00e2ndu-se f\u0103r\u0103 efort la starea de spirit \u0219i atmosfera oric\u0103rei ocazii. Cu doar c\u00e2teva pulveriz\u0103ri, vei \u00eentruchipa \u00eencrederea \u0219i gra\u021bia, l\u0103s\u00e2ndu-i pe cei din jurul t\u0103u uimi\u021bi<\/p>\n<p>Investe\u0219te \u00een garderoba ta de parfumuri cu acest parfum fenomenal. \u00cembun\u0103t\u0103\u021be\u0219te-\u021bi rutina zilnic\u0103 \u0219i investe\u0219te \u00een senza\u021bia care este Life Story by Asten. Perfect pentru a v\u0103 face cadou sau a v\u0103 r\u0103sf\u0103\u021ba, dimensiunea de 100 ml v\u0103 asigur\u0103 c\u0103 ave\u021bi multe de care s\u0103 v\u0103 bucura\u021bi. Experimenteaz\u0103 esen\u021ba luxului \u0219i f\u0103 o declara\u021bie cu fiecare purtare.<\/p>","protected":false},"excerpt":{"rendered":"<p>Inspirat din Chlo\u00e9 Love Story<\/p>","protected":false},"featured_media":2460,"comment_status":"open","ping_status":"closed","template":"","meta":{"om_disable_all_campaigns":false,"_monsterinsights_skip_tracking":false,"_monsterinsights_sitenote_active":false,"_monsterinsights_sitenote_note":"","_monsterinsights_sitenote_category":0},"product_brand":[80],"product_cat":[56],"product_tag":[],"class_list":{"0":"post-2459","1":"product","2":"type-product","3":"status-publish","4":"has-post-thumbnail","6":"product_brand-asten","7":"product_cat-pentru-ea","9":"first","10":"instock","11":"shipping-taxable","12":"purchasable","13":"product-type-simple"},"aioseo_notices":[],"ct_brands":[{"id":80,"name":"Asten","slug":"asten"}],"_links":{"self":[{"href":"https:\/\/habibimb.com\/en\/wp-json\/wp\/v2\/product\/2459","targetHints":{"allow":["GET"]}}],"collection":[{"href":"https:\/\/habibimb.com\/en\/wp-json\/wp\/v2\/product"}],"about":[{"href":"https:\/\/habibimb.com\/en\/wp-json\/wp\/v2\/types\/product"}],"replies":[{"embeddable":true,"href":"https:\/\/habibimb.com\/en\/wp-json\/wp\/v2\/comments?post=2459"}],"wp:featuredmedia":[{"embeddable":true,"href":"https:\/\/habibimb.com\/en\/wp-json\/wp\/v2\/media\/2460"}],"wp:attachment":[{"href":"https:\/\/habibimb.com\/en\/wp-json\/wp\/v2\/media?parent=2459"}],"wp:term":[{"taxonomy":"product_brand","embeddable":true,"href":"https:\/\/habibimb.com\/en\/wp-json\/wp\/v2\/product_brand?post=2459"},{"taxonomy":"product_cat","embeddable":true,"href":"https:\/\/habibimb.com\/en\/wp-json\/wp\/v2\/product_cat?post=2459"},{"taxonomy":"product_tag","embeddable":true,"href":"https:\/\/habibimb.com\/en\/wp-json\/wp\/v2\/product_tag?post=2459"}],"curies":[{"name":"wp","href":"https:\/\/api.w.org\/{rel}","templated":true}]}}