{"id":2457,"date":"2025-05-10T07:40:34","date_gmt":"2025-05-10T07:40:34","guid":{"rendered":"https:\/\/habibimb.com\/?post_type=product&#038;p=2457"},"modified":"2025-05-15T12:22:54","modified_gmt":"2025-05-15T12:22:54","slug":"apa-de-parfum-740-asten-unisex-100ml","status":"publish","type":"product","link":"https:\/\/habibimb.com\/en\/product\/apa-de-parfum-740-asten-unisex-100ml\/","title":{"rendered":"740, Asten"},"content":{"rendered":"<h2>Experimenta\u021bi esen\u021ba Asten<\/h2>\n<p>Dezl\u0103n\u021buie-\u021bi individualitatea cu Apa De Parfum 740, Asten. Acest parfum unisex rafinat ofer\u0103 un buchet \u00eenc\u00e2nt\u0103tor care captiveaz\u0103 sim\u021burile \u0219i \u00eenal\u021b\u0103 orice moment. Creat at\u00e2t pentru b\u0103rba\u021bi, c\u00e2t \u0219i pentru femei, reprezint\u0103 un echilibru armonios de note proaspete \u0219i profunde, f\u0103c\u00e2ndu-l un plus versatil pentru orice colec\u021bie de parfumuri.<\/p>\n<h2>Profilul parfumului<\/h2>\n<p>Apa De Parfum 740 prezint\u0103 un amestec atr\u0103g\u0103tor de note de v\u00e2rf care explodeaz\u0103 cu citrice vibrante \u0219i acorduri florale, revigor\u00e2ndu-\u021bi instantaneu spiritul. Pe m\u0103sur\u0103 ce se a\u0219eaz\u0103, inima dezv\u0103luie un amestec de ierburi aromatice \u0219i flori delicate, \u00eencapsul\u00e2nd esen\u021ba celor mai fine elemente ale naturii. \u00cen cele din urm\u0103, notele de baz\u0103 te \u00eenv\u0103luie \u00eentr-o \u00eembr\u0103\u021bi\u0219are cald\u0103, cuprinz\u00e2nd lemn bogat \u0219i condimente subtile, l\u0103s\u00e2nd o impresie de durat\u0103 oriunde te-ai duce.<\/p>\n<h2>De ce s\u0103 alegi Asten?<\/h2>\n<p>Un parfum unic precum Apa De Parfum 740 nu este doar despre mirosul bun; este vorba despre a face o declara\u021bie. Acest parfum unisex este perfect pentru orice ocazie, indiferent dac\u0103 te \u00eendrep\u021bi spre un eveniment formal sau te bucuri de o ie\u0219ire casual cu prietenii. Sticla de 100 ml are un design elegant, f\u0103c\u00e2ndu-l un plus frumos pentru toaleta ta sau un cadou atent pentru o persoan\u0103 drag\u0103. R\u0103sf\u0103\u021ba\u021bi-v\u0103 cu luxul din Asten \u0219i l\u0103sa\u021bi-v\u0103 prezen\u021ba s\u0103 fie sim\u021bit\u0103 cu fiecare pulverizare.<\/p>","protected":false},"excerpt":{"rendered":"<p>Inspirat din Chanel Allure Homme \u00c9dition Blanche<\/p>","protected":false},"featured_media":2458,"comment_status":"open","ping_status":"closed","template":"","meta":{"om_disable_all_campaigns":false,"_monsterinsights_skip_tracking":false,"_monsterinsights_sitenote_active":false,"_monsterinsights_sitenote_note":"","_monsterinsights_sitenote_category":0},"product_brand":[80],"product_cat":[57],"product_tag":[],"class_list":{"0":"post-2457","1":"product","2":"type-product","3":"status-publish","4":"has-post-thumbnail","6":"product_brand-asten","7":"product_cat-unisex","9":"first","10":"outofstock","11":"shipping-taxable","12":"purchasable","13":"product-type-simple"},"aioseo_notices":[],"ct_brands":[{"id":80,"name":"Asten","slug":"asten"}],"_links":{"self":[{"href":"https:\/\/habibimb.com\/en\/wp-json\/wp\/v2\/product\/2457","targetHints":{"allow":["GET"]}}],"collection":[{"href":"https:\/\/habibimb.com\/en\/wp-json\/wp\/v2\/product"}],"about":[{"href":"https:\/\/habibimb.com\/en\/wp-json\/wp\/v2\/types\/product"}],"replies":[{"embeddable":true,"href":"https:\/\/habibimb.com\/en\/wp-json\/wp\/v2\/comments?post=2457"}],"wp:featuredmedia":[{"embeddable":true,"href":"https:\/\/habibimb.com\/en\/wp-json\/wp\/v2\/media\/2458"}],"wp:attachment":[{"href":"https:\/\/habibimb.com\/en\/wp-json\/wp\/v2\/media?parent=2457"}],"wp:term":[{"taxonomy":"product_brand","embeddable":true,"href":"https:\/\/habibimb.com\/en\/wp-json\/wp\/v2\/product_brand?post=2457"},{"taxonomy":"product_cat","embeddable":true,"href":"https:\/\/habibimb.com\/en\/wp-json\/wp\/v2\/product_cat?post=2457"},{"taxonomy":"product_tag","embeddable":true,"href":"https:\/\/habibimb.com\/en\/wp-json\/wp\/v2\/product_tag?post=2457"}],"curies":[{"name":"wp","href":"https:\/\/api.w.org\/{rel}","templated":true}]}}