{"id":2454,"date":"2025-05-10T07:39:00","date_gmt":"2025-05-10T07:39:00","guid":{"rendered":"https:\/\/habibimb.com\/?post_type=product&#038;p=2454"},"modified":"2025-05-15T07:32:37","modified_gmt":"2025-05-15T07:32:37","slug":"apa-de-parfum-oud-ou-desert-asten-unisex-100ml","status":"publish","type":"product","link":"https:\/\/habibimb.com\/en\/product\/apa-de-parfum-oud-ou-desert-asten-unisex-100ml\/","title":{"rendered":"Oud Ou Desert, Asten"},"content":{"rendered":"<h2>Descoperi\u021bi esen\u021ba de\u0219ertului Oud ou<\/h2>\n<p>V\u0103 prezent\u0103m Apa De Parfum Oud Ou Desert de la Asten, un parfum rafinat care se desf\u0103\u0219oar\u0103 ca o poveste captivant\u0103. Acest parfum unisex este creat pentru cei care apreciaz\u0103 aromele bogate \u0219i complexe care definesc parfumurile Oud. Amestecul de note nu este doar un parfum; Este o experien\u021b\u0103 care te transport\u0103 \u00een de\u0219erturi antice, unde soarele s\u0103rut\u0103 orizontul \u0219i aerul este dens cu esen\u021b\u0103 de p\u0103m\u00e2nt \u0219i condimente.<\/p>\n<h2>Note care captiveaz\u0103<\/h2>\n<p>La prima aplicare, ve\u021bi fi \u00eenv\u0103luit \u00eentr-o \u00eembr\u0103\u021bi\u0219are cald\u0103 de note picante \u0219i lemnoase, f\u0103c\u00e2nd loc unei inimi care radiaz\u0103 cu un amestec \u00eemb\u0103t\u0103tor de oud bogat. Stratificarea complicat\u0103 a mirosurilor ofer\u0103 profunzime \u0219i bog\u0103\u021bie care persist\u0103 pe piele pe tot parcursul zilei. Notele de sus\u021binere ale pielii \u0219i chihlimbarului creeaz\u0103 un echilibru atr\u0103g\u0103tor, f\u0103c\u00e2nd din Oud Ou Desert o alegere perfect\u0103 at\u00e2t pentru zi, c\u00e2t \u0219i pentru sear\u0103.<\/p>\n<h2>Elegan\u021b\u0103 \u00een fiecare detaliu<\/h2>\n<p>Prezentat \u00eentr-o sticl\u0103 uimitoare de 100 ml, designul reflect\u0103 natura sofisticat\u0103 a parfumului din interior. Este un plus perfect pentru orice chiuvet\u0103, \u00eentruchip\u00e2nd elegan\u021ba \u0219i luxul. Fie c\u0103 \u00eel d\u0103rui\u021bi unei persoane dragi sau v\u0103 r\u0103sf\u0103\u021ba\u021bi, Apa De Parfum Oud Ou Desert de la Asten promite nu numai s\u0103 v\u0103 mul\u021bumeasc\u0103 sim\u021burile, ci \u0219i s\u0103 v\u0103 \u00eenal\u021be orice ocazie. Experimenta\u021bi amestecul unic de tradi\u021bie \u0219i modernitate \u00eentr-o sticl\u0103 care vorbe\u0219te at\u00e2t b\u0103rba\u021bilor, c\u00e2t \u0219i femeilor.<\/p>\n<p>S\u0103 te cufunzi \u00een lumea Oud nu a fost niciodat\u0103 mai u\u0219or. Cu farmecul s\u0103u irezistibil \u0219i profilul olfactiv universal atr\u0103g\u0103tor, acest parfum este ideal pentru cei care doresc s\u0103 fac\u0103 o declara\u021bie. Impresia de durat\u0103 pe care o las\u0103 este de neuitat, asigur\u00e2ndu-v\u0103 c\u0103 ie\u0219i\u021bi \u00een eviden\u021b\u0103 \u00een orice mul\u021bime.<\/p>","protected":false},"excerpt":{"rendered":"<p>Inspirat din Tom Ford \u2013 Oud Wood<\/p>","protected":false},"featured_media":2455,"comment_status":"open","ping_status":"closed","template":"","meta":{"om_disable_all_campaigns":false,"_monsterinsights_skip_tracking":false,"_monsterinsights_sitenote_active":false,"_monsterinsights_sitenote_note":"","_monsterinsights_sitenote_category":0},"product_brand":[80],"product_cat":[57],"product_tag":[],"class_list":{"0":"post-2454","1":"product","2":"type-product","3":"status-publish","4":"has-post-thumbnail","6":"product_brand-asten","7":"product_cat-unisex","9":"first","10":"instock","11":"shipping-taxable","12":"purchasable","13":"product-type-simple"},"aioseo_notices":[],"ct_brands":[{"id":80,"name":"Asten","slug":"asten"}],"_links":{"self":[{"href":"https:\/\/habibimb.com\/en\/wp-json\/wp\/v2\/product\/2454","targetHints":{"allow":["GET"]}}],"collection":[{"href":"https:\/\/habibimb.com\/en\/wp-json\/wp\/v2\/product"}],"about":[{"href":"https:\/\/habibimb.com\/en\/wp-json\/wp\/v2\/types\/product"}],"replies":[{"embeddable":true,"href":"https:\/\/habibimb.com\/en\/wp-json\/wp\/v2\/comments?post=2454"}],"wp:featuredmedia":[{"embeddable":true,"href":"https:\/\/habibimb.com\/en\/wp-json\/wp\/v2\/media\/2455"}],"wp:attachment":[{"href":"https:\/\/habibimb.com\/en\/wp-json\/wp\/v2\/media?parent=2454"}],"wp:term":[{"taxonomy":"product_brand","embeddable":true,"href":"https:\/\/habibimb.com\/en\/wp-json\/wp\/v2\/product_brand?post=2454"},{"taxonomy":"product_cat","embeddable":true,"href":"https:\/\/habibimb.com\/en\/wp-json\/wp\/v2\/product_cat?post=2454"},{"taxonomy":"product_tag","embeddable":true,"href":"https:\/\/habibimb.com\/en\/wp-json\/wp\/v2\/product_tag?post=2454"}],"curies":[{"name":"wp","href":"https:\/\/api.w.org\/{rel}","templated":true}]}}