{"id":2452,"date":"2025-05-10T07:37:10","date_gmt":"2025-05-10T07:37:10","guid":{"rendered":"https:\/\/habibimb.com\/?post_type=product&#038;p=2452"},"modified":"2025-05-15T07:32:37","modified_gmt":"2025-05-15T07:32:37","slug":"apa-de-parfum-heartfelt-secrets-asten-femei-100ml","status":"publish","type":"product","link":"https:\/\/habibimb.com\/en\/product\/apa-de-parfum-heartfelt-secrets-asten-femei-100ml\/","title":{"rendered":"Heartfelt Secrets, Asten"},"content":{"rendered":"<h2>Dezv\u0103luie-\u021bi sim\u021burile cu secrete sincere<\/h2>\n<p>Scufunda\u021bi-v\u0103 \u00een lumea captivant\u0103 a parfumurilor cu <strong>Apa De Parfum Heartfelt Secrets<\/strong> de la Asten. Acest parfum rafinat este conceput pentru femeia modern\u0103 care caut\u0103 s\u0103 \u00eentruchipeze elegan\u021ba \u0219i gra\u021bia. Cu un volum generos de 100ml, te po\u021bi r\u0103sf\u0103\u021ba cu farmecul s\u0103u zi de zi, f\u0103c\u00e2nd din fiecare moment o oportunitate de a-\u021bi exprima personalitatea unic\u0103.<\/p>\n<h2>O simfonie de note<\/h2>\n<p>Heartfelt Secrets nu este doar un parfum; este o c\u0103l\u0103torie olfactiv\u0103 care se desf\u0103\u0219oar\u0103 \u00een timp. Se deschide cu note de v\u00e2rf vibrante care \u00ee\u021bi trezesc instantaneu spiritul. Heartfelt Secrets se transform\u0103 \u00eentr-o inim\u0103 floral\u0103 delicat\u0103, cre\u00e2nd un echilibru captivant care \u00eentruchipeaz\u0103 esen\u021ba feminit\u0103\u021bii. Notele de baz\u0103, bogate \u0219i calde, ofer\u0103 un final persistent care rezoneaz\u0103 cu rafinament \u0219i putere.<\/p>\n<h2>Completarea perfect\u0103 a colec\u021biei tale<\/h2>\n<p>Fie c\u0103 te \u00eembraci pentru un eveniment special sau adaugi o not\u0103 de elegan\u021b\u0103 rutinei tale de zi cu zi, Apa De Parfum Heartfelt Secrets este \u00eenso\u021bitorul perfect. Natura sa versatil\u0103 \u00eei permite s\u0103 se adapteze oric\u0103rei ocazii, l\u0103s\u00e2nd o impresie memorabil\u0103 oriunde te-ai duce. Sticla atent proiectat\u0103 \u00eei spore\u0219te farmecul, f\u0103c\u00e2ndu-l nu doar un parfum, ci \u0219i o pies\u0103 de art\u0103 rafinat\u0103 pentru toaleta ta.<\/p>\n<p>\u00cembr\u0103\u021bi\u0219eaz\u0103 magia <strong>Apa De Parfum Heartfelt Secrets<\/strong> \u0219i las\u0103-o s\u0103 fie o reflectare a frumuse\u021bii tale interioare. Cu fiecare spray, inviti \u00eencrederea \u0219i carisma \u00een via\u021ba ta, f\u0103c\u00e2ndu-l un plus esen\u021bial pentru repertoriul t\u0103u de frumuse\u021be. R\u0103sf\u0103\u021ba\u021bi-v\u0103 sau surprinde\u021bi o persoan\u0103 drag\u0103 cu acest parfum luxos &#8211; un cadou care spune multe despre rafinament \u0219i farmec.<\/p>","protected":false},"excerpt":{"rendered":"<p><strong data-start=\"97\" data-end=\"119\">Inspirat din Love, Don&#8217;t Be Shy<\/strong> de la Kilian<\/p>","protected":false},"featured_media":2453,"comment_status":"open","ping_status":"closed","template":"","meta":{"om_disable_all_campaigns":false,"_monsterinsights_skip_tracking":false,"_monsterinsights_sitenote_active":false,"_monsterinsights_sitenote_note":"","_monsterinsights_sitenote_category":0},"product_brand":[80],"product_cat":[56],"product_tag":[],"class_list":{"0":"post-2452","1":"product","2":"type-product","3":"status-publish","4":"has-post-thumbnail","6":"product_brand-asten","7":"product_cat-pentru-ea","9":"first","10":"instock","11":"shipping-taxable","12":"purchasable","13":"product-type-simple"},"aioseo_notices":[],"ct_brands":[{"id":80,"name":"Asten","slug":"asten"}],"_links":{"self":[{"href":"https:\/\/habibimb.com\/en\/wp-json\/wp\/v2\/product\/2452","targetHints":{"allow":["GET"]}}],"collection":[{"href":"https:\/\/habibimb.com\/en\/wp-json\/wp\/v2\/product"}],"about":[{"href":"https:\/\/habibimb.com\/en\/wp-json\/wp\/v2\/types\/product"}],"replies":[{"embeddable":true,"href":"https:\/\/habibimb.com\/en\/wp-json\/wp\/v2\/comments?post=2452"}],"wp:featuredmedia":[{"embeddable":true,"href":"https:\/\/habibimb.com\/en\/wp-json\/wp\/v2\/media\/2453"}],"wp:attachment":[{"href":"https:\/\/habibimb.com\/en\/wp-json\/wp\/v2\/media?parent=2452"}],"wp:term":[{"taxonomy":"product_brand","embeddable":true,"href":"https:\/\/habibimb.com\/en\/wp-json\/wp\/v2\/product_brand?post=2452"},{"taxonomy":"product_cat","embeddable":true,"href":"https:\/\/habibimb.com\/en\/wp-json\/wp\/v2\/product_cat?post=2452"},{"taxonomy":"product_tag","embeddable":true,"href":"https:\/\/habibimb.com\/en\/wp-json\/wp\/v2\/product_tag?post=2452"}],"curies":[{"name":"wp","href":"https:\/\/api.w.org\/{rel}","templated":true}]}}