{"id":2450,"date":"2025-05-10T07:35:30","date_gmt":"2025-05-10T07:35:30","guid":{"rendered":"https:\/\/habibimb.com\/?post_type=product&#038;p=2450"},"modified":"2025-05-15T07:32:37","modified_gmt":"2025-05-15T07:32:37","slug":"apa-de-parfum-ambrosia-allure-asten-unisex-100ml","status":"publish","type":"product","link":"https:\/\/habibimb.com\/en\/product\/apa-de-parfum-ambrosia-allure-asten-unisex-100ml\/","title":{"rendered":"Ambrosia Allure, Asten"},"content":{"rendered":"<h2>Descoperi\u021bi farmecul Ambrosia Allure<\/h2>\n<p>V\u0103 prezent\u0103m Apa De Parfum Ambrosia Allure de la Asten \u2013 un parfum unisex care captiveaz\u0103 sim\u021burile \u0219i las\u0103 o impresie de durat\u0103. Acest parfum rafinat vine \u00eentr-o sticl\u0103 generoas\u0103 de 100 ml, conceput\u0103 pentru a v\u0103 oferi o experien\u021b\u0103 aromatic\u0103 de neuitat. Perfect\u0103 at\u00e2t pentru b\u0103rba\u021bi, c\u00e2t \u0219i pentru femei, Ambrosia Allure \u00eembin\u0103 perfect notele care evoc\u0103 elegan\u021b\u0103 \u0219i farmec, f\u0103c\u00e2ndu-l alegerea ideal\u0103 pentru orice ocazie.<\/p>\n<h2>Un amestec captivant de note<\/h2>\n<p>\u00cen centrul Ambrosia Allure se afl\u0103 o fuziune magistral\u0103 de note vibrante \u0219i reconfortante. Notele de v\u00e2rf sunt proaspete \u0219i revigorante, invit\u00e2ndu-te \u00eentr-o lume de arome bogate care \u00ee\u021bi trezesc sim\u021burile. Pe m\u0103sur\u0103 ce parfumul se desf\u0103\u0219oar\u0103, inima dezv\u0103luie un buchet frumos, \u00een care acordurile florale \u0219i fructate se amestec\u0103 perfect, cre\u00e2nd o armonie \u00eenc\u00e2nt\u0103toare. \u00cen cele din urm\u0103, notele de baz\u0103 ofer\u0103 un final cald \u0219i senzual, \u00eenv\u0103luindu-te \u00eentr-o \u00eembr\u0103\u021bi\u0219are persistent\u0103. Aceast\u0103 compozi\u021bie atent realizat\u0103 face din Ambrosia Allure nu doar un parfum, ci o experien\u021b\u0103 care evolueaz\u0103 pe parcursul zilei.<\/p>\n<h2>Elegan\u021b\u0103 \u00een design<\/h2>\n<p>Dincolo de parfum, ambalajul Apa De Parfum Ambrosia Allure este o priveli\u0219te de privit. Sticla luxoas\u0103 are un design elegant \u0219i elegant, care reflect\u0103 rafinamentul parfumului din interior. Silueta sa elegant\u0103 \u0219i aten\u021bia la detalii \u00eel fac un plus frumos pentru toaleta sau dulapul t\u0103u. Fie c\u0103 \u00eel cump\u0103ra\u021bi pentru dumneavoastr\u0103 sau ca un cadou atent pentru o persoan\u0103 drag\u0103, prezentarea izbitoare a Ambrosia Allure va impresiona cu siguran\u021b\u0103.<\/p>\n<p>Disponibil \u00eentr-o dimensiune generoas\u0103 de 100 ml, acest parfum promite longevitate \u0219i o experien\u021b\u0103 olfactiv\u0103 rafinat\u0103 pe care o vei pre\u021bui zi de zi. Fie c\u0103 merge\u021bi la serviciu, participa\u021bi la un eveniment special sau pur \u0219i simplu v\u0103 bucura\u021bi de o zi informal\u0103, Ambrosia Allure este un partener perfect. \u00cembr\u0103\u021bi\u0219eaz\u0103 farmecul \u0219i \u00eembun\u0103t\u0103\u021be\u0219te-\u021bi colec\u021bia de parfumuri ast\u0103zi cu Apa De Parfum Ambrosia Allure de la Asten.<\/p>","protected":false},"excerpt":{"rendered":"<p>Inspirat din\u00a0<strong>Accord Particulier de la Givenchy<\/strong><\/p>","protected":false},"featured_media":2451,"comment_status":"open","ping_status":"closed","template":"","meta":{"om_disable_all_campaigns":false,"_monsterinsights_skip_tracking":false,"_monsterinsights_sitenote_active":false,"_monsterinsights_sitenote_note":"","_monsterinsights_sitenote_category":0},"product_brand":[80],"product_cat":[57],"product_tag":[],"class_list":{"0":"post-2450","1":"product","2":"type-product","3":"status-publish","4":"has-post-thumbnail","6":"product_brand-asten","7":"product_cat-unisex","9":"first","10":"instock","11":"shipping-taxable","12":"purchasable","13":"product-type-simple"},"aioseo_notices":[],"ct_brands":[{"id":80,"name":"Asten","slug":"asten"}],"_links":{"self":[{"href":"https:\/\/habibimb.com\/en\/wp-json\/wp\/v2\/product\/2450","targetHints":{"allow":["GET"]}}],"collection":[{"href":"https:\/\/habibimb.com\/en\/wp-json\/wp\/v2\/product"}],"about":[{"href":"https:\/\/habibimb.com\/en\/wp-json\/wp\/v2\/types\/product"}],"replies":[{"embeddable":true,"href":"https:\/\/habibimb.com\/en\/wp-json\/wp\/v2\/comments?post=2450"}],"wp:featuredmedia":[{"embeddable":true,"href":"https:\/\/habibimb.com\/en\/wp-json\/wp\/v2\/media\/2451"}],"wp:attachment":[{"href":"https:\/\/habibimb.com\/en\/wp-json\/wp\/v2\/media?parent=2450"}],"wp:term":[{"taxonomy":"product_brand","embeddable":true,"href":"https:\/\/habibimb.com\/en\/wp-json\/wp\/v2\/product_brand?post=2450"},{"taxonomy":"product_cat","embeddable":true,"href":"https:\/\/habibimb.com\/en\/wp-json\/wp\/v2\/product_cat?post=2450"},{"taxonomy":"product_tag","embeddable":true,"href":"https:\/\/habibimb.com\/en\/wp-json\/wp\/v2\/product_tag?post=2450"}],"curies":[{"name":"wp","href":"https:\/\/api.w.org\/{rel}","templated":true}]}}