{"id":2448,"date":"2025-05-10T07:33:54","date_gmt":"2025-05-10T07:33:54","guid":{"rendered":"https:\/\/habibimb.com\/?post_type=product&#038;p=2448"},"modified":"2025-05-15T07:32:37","modified_gmt":"2025-05-15T07:32:37","slug":"apa-de-parfum-flamboyant-asten-unisex-100ml","status":"publish","type":"product","link":"https:\/\/habibimb.com\/en\/product\/apa-de-parfum-flamboyant-asten-unisex-100ml\/","title":{"rendered":"Flamboyant, Asten"},"content":{"rendered":"<h2>Ridica\u021bi-v\u0103 sim\u021burile cu Flamboaiant<\/h2>\n<p>Descoper\u0103 alura \u00eenc\u00e2nt\u0103toare a <strong>Apa De Parfum Flamboyant<\/strong> de la Asten, un parfum unisex conceput pentru a-\u021bi captiva \u0219i ridica sim\u021burile. Cu un amestec armonios de note rafinate, acest parfum promite s\u0103 fie acompaniamentul perfect pentru orice ocazie, ating\u00e2nd un echilibru \u00eentre elegan\u021b\u0103 \u0219i spirit \u00eendr\u0103zne\u021b.<\/p>\n<h2>Un amestec sofisticat pentru to\u021bi<\/h2>\n<p>Flamboyant ofer\u0103 un amestec \u00eenc\u00e2nt\u0103tor de elemente proaspete \u0219i calde care pot fi apreciate de oricine, indiferent de sex. Notele de v\u00e2rf introduc o explozie revigorant\u0103 de citrice &#8211; un \u00eenceput perfect care \u00ee\u021bi treze\u0219te sim\u021burile. Pe m\u0103sur\u0103 ce parfumul evolueaz\u0103, notele de inim\u0103 de nuan\u021be florale \u0219i vegetale creeaz\u0103 un strat frumos de complexitate \u0219i c\u0103ldur\u0103, culmin\u00e2nd cu o baz\u0103 bogat\u0103 de nuan\u021be lemnoase \u0219i moscate. Aceast\u0103 plin\u0103tate \u0219i profunzime \u00eel fac perfect nu numai pentru purtarea \u00een timpul zilei, ci \u0219i pentru serile speciale.<\/p>\n<h2>Cadoul perfect pentru orice ocazie<\/h2>\n<p>Fie c\u0103 sunte\u021bi \u00een c\u0103utarea unui cadou atent sau pur \u0219i simplu v\u0103 r\u0103sf\u0103\u021ba\u021bi cu aprecierea de sine, <strong>Apa De Parfum Flamboyant<\/strong> este o alegere ideal\u0103. Ambalat elegant \u00eentr-o sticl\u0103 de 100 ml, nu este doar un parfum; este o expresie a artei \u0219i a rafinamentului. Atractivitatea sa unisex \u00eel face o op\u021biune versatil\u0103, asigur\u00e2ndu-se c\u0103 rezoneaz\u0103 bine cu o varietate de personalit\u0103\u021bi \u0219i preferin\u021be. Ofer\u0103 cadou o experien\u021b\u0103 parfumat\u0103 captivant\u0103, perfect\u0103 pentru zile de na\u0219tere, anivers\u0103ri sau orice s\u0103rb\u0103toare care necesit\u0103 o not\u0103 de lux.<\/p>\n<p>R\u0103sf\u0103\u021ba\u021bi-v\u0103 cu esen\u021ba sofisticat\u0103 a <strong>Apa De Parfum Flamboyant, Asten<\/strong>, \u0219i l\u0103sa\u021bi notele sale vibrante s\u0103 persiste pe tot parcursul zilei. Fiecare spray te \u00eenv\u0103luie \u00eentr-un nor de elegan\u021b\u0103, asigur\u00e2ndu-te c\u0103 la\u0219i o impresie de durat\u0103 oriunde te-ai duce. \u00cembr\u0103\u021bi\u0219eaz\u0103-\u021bi latura extravagant\u0103 cu capodopera lui Asten ast\u0103zi!<\/p>","protected":false},"excerpt":{"rendered":"<p>Inspirat din <strong data-start=\"90\" data-end=\"106\">Trouble-F\u00eate<\/strong> de la Givenchy<\/p>","protected":false},"featured_media":2449,"comment_status":"open","ping_status":"closed","template":"","meta":{"om_disable_all_campaigns":false,"_monsterinsights_skip_tracking":false,"_monsterinsights_sitenote_active":false,"_monsterinsights_sitenote_note":"","_monsterinsights_sitenote_category":0},"product_brand":[80],"product_cat":[57],"product_tag":[],"class_list":{"0":"post-2448","1":"product","2":"type-product","3":"status-publish","4":"has-post-thumbnail","6":"product_brand-asten","7":"product_cat-unisex","9":"first","10":"instock","11":"shipping-taxable","12":"purchasable","13":"product-type-simple"},"aioseo_notices":[],"ct_brands":[{"id":80,"name":"Asten","slug":"asten"}],"_links":{"self":[{"href":"https:\/\/habibimb.com\/en\/wp-json\/wp\/v2\/product\/2448","targetHints":{"allow":["GET"]}}],"collection":[{"href":"https:\/\/habibimb.com\/en\/wp-json\/wp\/v2\/product"}],"about":[{"href":"https:\/\/habibimb.com\/en\/wp-json\/wp\/v2\/types\/product"}],"replies":[{"embeddable":true,"href":"https:\/\/habibimb.com\/en\/wp-json\/wp\/v2\/comments?post=2448"}],"wp:featuredmedia":[{"embeddable":true,"href":"https:\/\/habibimb.com\/en\/wp-json\/wp\/v2\/media\/2449"}],"wp:attachment":[{"href":"https:\/\/habibimb.com\/en\/wp-json\/wp\/v2\/media?parent=2448"}],"wp:term":[{"taxonomy":"product_brand","embeddable":true,"href":"https:\/\/habibimb.com\/en\/wp-json\/wp\/v2\/product_brand?post=2448"},{"taxonomy":"product_cat","embeddable":true,"href":"https:\/\/habibimb.com\/en\/wp-json\/wp\/v2\/product_cat?post=2448"},{"taxonomy":"product_tag","embeddable":true,"href":"https:\/\/habibimb.com\/en\/wp-json\/wp\/v2\/product_tag?post=2448"}],"curies":[{"name":"wp","href":"https:\/\/api.w.org\/{rel}","templated":true}]}}