{"id":2446,"date":"2025-05-10T07:32:26","date_gmt":"2025-05-10T07:32:26","guid":{"rendered":"https:\/\/habibimb.com\/?post_type=product&#038;p=2446"},"modified":"2025-05-15T07:32:37","modified_gmt":"2025-05-15T07:32:37","slug":"apa-de-parfum-splendid-300-asten-unisex-100ml","status":"publish","type":"product","link":"https:\/\/habibimb.com\/en\/product\/apa-de-parfum-splendid-300-asten-unisex-100ml\/","title":{"rendered":"Splendid 300, Asten"},"content":{"rendered":"<h2>Experimenteaz\u0103 luxul cu Apa De Parfum Splendid 300<\/h2>\n<p>V\u0103 prezent\u0103m Apa De Parfum Splendid 300 de la Asten, un parfum unisex sofisticat care \u00eencapsuleaz\u0103 esen\u021ba elegan\u021bei \u0219i farmecului. Aceast\u0103 sticl\u0103 de 100 ml este conceput\u0103 pentru cei care apreciaz\u0103 lucrurile fine din via\u021b\u0103, ceea ce o face completarea perfect\u0103 pentru colec\u021bia ta de parfumuri.<\/p>\n<h2>Amestecul perfect de note<\/h2>\n<p>Apa De Parfum Splendid 300 prezint\u0103 un amestec armonios de note atent selectate care creeaz\u0103 o impresie de durat\u0103. Parfumul se deschide cu note de v\u00e2rf proaspete \u0219i vibrante, tranzi\u021bion\u00e2ndu-se perfect \u00eentr-o inim\u0103 de nuan\u021be florale \u0219i fructate. \u00cen cele din urm\u0103, notele de baz\u0103 ofer\u0103 un finisaj cald, \u00eenv\u0103luitor, ideal at\u00e2t pentru purtarea zilei, c\u00e2t \u0219i pentru ie\u0219irile de sear\u0103. Acest echilibru v\u0103 asigur\u0103 c\u0103 nu purta\u021bi doar un parfum; face\u021bi o declara\u021bie.<\/p>\n<h2>De ce s\u0103 alegi Apa de parfum splendid 300?<\/h2>\n<p>Alegerea Apa De Parfum Splendid 300 \u00eenseamn\u0103 alegerea unui parfum care \u00ee\u021bi eviden\u021biaz\u0103 personalitatea unic\u0103. Acest parfum versatil este conceput pentru toat\u0103 lumea, indiferent de sex, ceea ce \u00eel face o op\u021biune excelent\u0103 pentru oricine dore\u0219te s\u0103 se exprime prin parfumul lor. Formula de lung\u0103 durat\u0103 v\u0103 asigur\u0103 c\u0103 r\u0103m\u00e2ne\u021bi proasp\u0103t \u0219i aromat pe tot parcursul zilei, f\u0103c\u00e2ndu-l o parte esen\u021bial\u0103 a rutinei zilnice.<\/p>\n<p>Pe l\u00e2ng\u0103 parfumul s\u0103u captivant, ambalajul Apa De Parfum Splendid 300 este de-a dreptul rafinat. Sticla cu design elegant este o reflectare perfect\u0103 a experien\u021bei de lux care te a\u0219teapt\u0103. Fie pentru uz personal, fie pentru un cadou atent, acest parfum va impresiona cu siguran\u021b\u0103.<\/p>\n<p>Experimenta\u021bi farmecul \u0219i rafinamentul Apa De Parfum Splendid 300. Ridic\u0103-\u021bi jocul de parfumuri \u0219i las\u0103 parfumul s\u0103 fie o expresie a ceea ce e\u0219ti. Comanda\u021bi acum \u0219i r\u0103sf\u0103\u021ba\u021bi-v\u0103 cu o lume a luxului!<\/p>","protected":false},"excerpt":{"rendered":"<p>Inspirat din Le Labo Santal 33<\/p>","protected":false},"featured_media":2447,"comment_status":"open","ping_status":"closed","template":"","meta":{"om_disable_all_campaigns":false,"_monsterinsights_skip_tracking":false,"_monsterinsights_sitenote_active":false,"_monsterinsights_sitenote_note":"","_monsterinsights_sitenote_category":0},"product_brand":[80],"product_cat":[57],"product_tag":[],"class_list":{"0":"post-2446","1":"product","2":"type-product","3":"status-publish","4":"has-post-thumbnail","6":"product_brand-asten","7":"product_cat-unisex","9":"first","10":"instock","11":"shipping-taxable","12":"purchasable","13":"product-type-simple"},"aioseo_notices":[],"ct_brands":[{"id":80,"name":"Asten","slug":"asten"}],"_links":{"self":[{"href":"https:\/\/habibimb.com\/en\/wp-json\/wp\/v2\/product\/2446","targetHints":{"allow":["GET"]}}],"collection":[{"href":"https:\/\/habibimb.com\/en\/wp-json\/wp\/v2\/product"}],"about":[{"href":"https:\/\/habibimb.com\/en\/wp-json\/wp\/v2\/types\/product"}],"replies":[{"embeddable":true,"href":"https:\/\/habibimb.com\/en\/wp-json\/wp\/v2\/comments?post=2446"}],"wp:featuredmedia":[{"embeddable":true,"href":"https:\/\/habibimb.com\/en\/wp-json\/wp\/v2\/media\/2447"}],"wp:attachment":[{"href":"https:\/\/habibimb.com\/en\/wp-json\/wp\/v2\/media?parent=2446"}],"wp:term":[{"taxonomy":"product_brand","embeddable":true,"href":"https:\/\/habibimb.com\/en\/wp-json\/wp\/v2\/product_brand?post=2446"},{"taxonomy":"product_cat","embeddable":true,"href":"https:\/\/habibimb.com\/en\/wp-json\/wp\/v2\/product_cat?post=2446"},{"taxonomy":"product_tag","embeddable":true,"href":"https:\/\/habibimb.com\/en\/wp-json\/wp\/v2\/product_tag?post=2446"}],"curies":[{"name":"wp","href":"https:\/\/api.w.org\/{rel}","templated":true}]}}