{"id":2444,"date":"2025-05-10T07:30:35","date_gmt":"2025-05-10T07:30:35","guid":{"rendered":"https:\/\/habibimb.com\/?post_type=product&#038;p=2444"},"modified":"2025-05-22T06:03:50","modified_gmt":"2025-05-22T06:03:50","slug":"apa-de-parfum-soiree-chic-asten-unisex-100ml","status":"publish","type":"product","link":"https:\/\/habibimb.com\/en\/product\/apa-de-parfum-soiree-chic-asten-unisex-100ml\/","title":{"rendered":"Soiree Chic, Asten"},"content":{"rendered":"<h2>Experimenta\u021bi o esen\u021b\u0103 atemporal\u0103<\/h2>\n<p>V\u0103 prezent\u0103m <strong>Apa De Parfum Soiree Chic<\/strong> de la Asten, un parfum captivant conceput pentru cei care caut\u0103 s\u0103 lase o impresie de durat\u0103. Acest parfum unisex rafinat, disponibil \u00eentr-o sticl\u0103 generoas\u0103 de 100 ml, \u00eencapsuleaz\u0103 elegan\u021b\u0103 \u0219i rafinament, f\u0103c\u00e2ndu-l accesoriul perfect at\u00e2t pentru zi, c\u00e2t \u0219i pentru noapte. Fie c\u0103 v\u0103 \u00eendrepta\u021bi spre o \u00eent\u00e2lnire important\u0103 sau o sear\u0103 memorabil\u0103, Soiree Chic v\u0103 distinge prin profilul s\u0103u unic de parfum.<\/p>\n<h2>Note care rezoneaz\u0103<\/h2>\n<p>Soiree Chic se desf\u0103\u0219oar\u0103 cu un amestec \u00eenc\u00e2nt\u0103tor de note de v\u00e2rf care excit\u0103 sim\u021burile. Pe m\u0103sur\u0103 ce aplica\u021bi parfumul, notele ini\u021biale de citrice \u0219i florale v\u0103 trezesc spiritul, oferind o ridicare r\u0103coritoare. Pe m\u0103sur\u0103 ce parfumul se dezvolt\u0103, apar note de mijloc de chihlimbar bogat \u0219i condimente calde, cre\u00e2nd o experien\u021b\u0103 de lux care persist\u0103 p\u00e2n\u0103 seara. \u00cen cele din urm\u0103, notele de baz\u0103 de nuan\u021be de mosc \u0219i lemn profund te \u00eenv\u0103luie \u00eentr-o \u00eembr\u0103\u021bi\u0219are reconfortant\u0103, f\u0103c\u00e2nd acest parfum pe c\u00e2t de versatil, pe at\u00e2t de memorabil.<\/p>\n<h2>Apel unisex pentru orice ocazie<\/h2>\n<p>Conceput at\u00e2t pentru b\u0103rba\u021bi, c\u00e2t \u0219i pentru femei, <strong>Apa De Parfum Soiree Chic<\/strong> transcende grani\u021bele tradi\u021bionale de gen. Compozi\u021bia sa echilibrat\u0103 asigur\u0103 c\u0103 oricine \u00eel poate purta confortabil, permi\u021b\u00e2ndu-v\u0103 s\u0103 v\u0103 exprima\u021bi stilul personal f\u0103r\u0103 efort. Ideal pentru ie\u0219iri casual, set\u0103ri profesionale sau \u00eent\u00e2lniri intime, acest parfum unisex este alegerea ta pentru a \u00eembun\u0103t\u0103\u021bi orice \u021binut\u0103 \u0219i stare de spirit.<\/p>\n<p>Mai mult dec\u00e2t un simplu parfum, Soiree Chic este o experien\u021b\u0103 care \u00eentruchipeaz\u0103 \u00eencrederea \u0219i gra\u021bia. Cu formula sa rafinat\u0103 \u0219i ambalajul fermec\u0103tor, este, de asemenea, un cadou fantastic pentru cei dragi care apreciaz\u0103 mirosurile de \u00eenalt\u0103 calitate. Descoper\u0103 ce face <strong>ca Apa De Parfum Soiree Chic<\/strong> s\u0103 fie o completare obligatorie a colec\u021biei tale de parfumuri \u0219i f\u0103 fiecare moment memorabil.<\/p>","protected":false},"excerpt":{"rendered":"<p>Inspirat din <strong data-start=\"45\" data-end=\"59\">Noctambule<\/strong> de la Givenchy<\/p>","protected":false},"featured_media":2445,"comment_status":"open","ping_status":"closed","template":"","meta":{"om_disable_all_campaigns":false,"_monsterinsights_skip_tracking":false,"_monsterinsights_sitenote_active":false,"_monsterinsights_sitenote_note":"","_monsterinsights_sitenote_category":0},"product_brand":[80],"product_cat":[57],"product_tag":[],"class_list":{"0":"post-2444","1":"product","2":"type-product","3":"status-publish","4":"has-post-thumbnail","6":"product_brand-asten","7":"product_cat-unisex","9":"first","10":"outofstock","11":"shipping-taxable","12":"purchasable","13":"product-type-simple"},"aioseo_notices":[],"ct_brands":[{"id":80,"name":"Asten","slug":"asten"}],"_links":{"self":[{"href":"https:\/\/habibimb.com\/en\/wp-json\/wp\/v2\/product\/2444","targetHints":{"allow":["GET"]}}],"collection":[{"href":"https:\/\/habibimb.com\/en\/wp-json\/wp\/v2\/product"}],"about":[{"href":"https:\/\/habibimb.com\/en\/wp-json\/wp\/v2\/types\/product"}],"replies":[{"embeddable":true,"href":"https:\/\/habibimb.com\/en\/wp-json\/wp\/v2\/comments?post=2444"}],"wp:featuredmedia":[{"embeddable":true,"href":"https:\/\/habibimb.com\/en\/wp-json\/wp\/v2\/media\/2445"}],"wp:attachment":[{"href":"https:\/\/habibimb.com\/en\/wp-json\/wp\/v2\/media?parent=2444"}],"wp:term":[{"taxonomy":"product_brand","embeddable":true,"href":"https:\/\/habibimb.com\/en\/wp-json\/wp\/v2\/product_brand?post=2444"},{"taxonomy":"product_cat","embeddable":true,"href":"https:\/\/habibimb.com\/en\/wp-json\/wp\/v2\/product_cat?post=2444"},{"taxonomy":"product_tag","embeddable":true,"href":"https:\/\/habibimb.com\/en\/wp-json\/wp\/v2\/product_tag?post=2444"}],"curies":[{"name":"wp","href":"https:\/\/api.w.org\/{rel}","templated":true}]}}