{"id":2442,"date":"2025-05-10T07:27:01","date_gmt":"2025-05-10T07:27:01","guid":{"rendered":"https:\/\/habibimb.com\/?post_type=product&#038;p=2442"},"modified":"2025-05-15T07:32:26","modified_gmt":"2025-05-15T07:32:26","slug":"apa-de-parfum-lovely-asten-femei-100ml","status":"publish","type":"product","link":"https:\/\/habibimb.com\/en\/product\/apa-de-parfum-lovely-asten-femei-100ml\/","title":{"rendered":"Lovely, Asten"},"content":{"rendered":"<h2>Descoper\u0103 esen\u021ba elegan\u021bei<\/h2>\n<p>\u00cembun\u0103t\u0103\u021be\u0219te-\u021bi colec\u021bia de parfumuri cu \u00eenc\u00e2nt\u0103torul <strong>Apa De Parfum Lovely de la Asten<\/strong>. Acest parfum rafinat, conceput special pentru femei, \u00eentruchipeaz\u0103 rafinamentul \u0219i farmecul \u00een fiecare pic\u0103tur\u0103. Cu amestecul s\u0103u perfect de note florale \u0219i fructate, creeaz\u0103 un parfum atemporal, care este at\u00e2t proasp\u0103t, c\u00e2t \u0219i atr\u0103g\u0103tor.<\/p>\n<h2>Note de parfum care captiveaz\u0103<\/h2>\n<p>Aroma captivant\u0103 a acestui parfum \u00eencepe cu note de v\u00e2rf de citrice str\u0103lucitoare \u0219i flori delicate, aduc\u00e2nd o explozie ini\u021bial\u0103 de prospe\u021bime sim\u021burilor tale. Pe m\u0103sur\u0103 ce se a\u0219eaz\u0103, inima dezv\u0103luie un buchet de trandafiri \u00eenflori\u021bi \u0219i fructe dulci, cre\u00e2nd un echilibru armonios care este cu adev\u0103rat irezistibil. \u00cen cele din urm\u0103, parfumul persist\u0103 cu note de baz\u0103 de chihlimbar cald \u0219i vanilie moale, l\u0103s\u00e2nd o urm\u0103 de elegan\u021b\u0103 pe parcursul zilei. Asten&#8217;s Lovely nu este doar un parfum; este o experien\u021b\u0103 care \u00eentruchipeaz\u0103 feminitatea \u0219i gra\u021bia.<\/p>\n<h2>Perfect pentru orice ocazie<\/h2>\n<p>Fie c\u0103 merge\u021bi la birou, participa\u021bi la o \u00eent\u00e2lnire social\u0103 sau v\u0103 bucura\u021bi de o noapte romantic\u0103, <strong>Apa De Parfum Lovely<\/strong> este \u00eenso\u021bitorul ideal. Caracterul s\u0103u versatil \u00eel face potrivit pentru orice ocazie, asigur\u00e2ndu-v\u0103 c\u0103 v\u0103 sim\u021bi\u021bi \u00eencrez\u0103tor \u0219i fermec\u0103tor \u00een orice moment. Sticla elegant\u0103 de 100 ml adaug\u0103 o not\u0103 de lux chiuvetei tale, f\u0103c\u00e2ndu-l un cadou perfect pentru tine sau pentru o persoan\u0103 drag\u0103.<\/p>\n<p>R\u0103sf\u0103\u021ba\u021bi-v\u0103 cu lumea captivant\u0103 a parfumurilor cu Lovely by Asten \u0219i experimenta\u021bi modul \u00een care un parfum v\u0103 poate transforma starea de spirit \u0219i v\u0103 poate spori prezen\u021ba.<\/p>","protected":false},"excerpt":{"rendered":"<p>Inspirat din Yves Saint Laurent \u2013 Libre<\/p>","protected":false},"featured_media":2443,"comment_status":"open","ping_status":"closed","template":"","meta":{"om_disable_all_campaigns":false,"_monsterinsights_skip_tracking":false,"_monsterinsights_sitenote_active":false,"_monsterinsights_sitenote_note":"","_monsterinsights_sitenote_category":0},"product_brand":[80],"product_cat":[56],"product_tag":[],"class_list":{"0":"post-2442","1":"product","2":"type-product","3":"status-publish","4":"has-post-thumbnail","6":"product_brand-asten","7":"product_cat-pentru-ea","9":"first","10":"instock","11":"shipping-taxable","12":"purchasable","13":"product-type-simple"},"aioseo_notices":[],"ct_brands":[{"id":80,"name":"Asten","slug":"asten"}],"_links":{"self":[{"href":"https:\/\/habibimb.com\/en\/wp-json\/wp\/v2\/product\/2442","targetHints":{"allow":["GET"]}}],"collection":[{"href":"https:\/\/habibimb.com\/en\/wp-json\/wp\/v2\/product"}],"about":[{"href":"https:\/\/habibimb.com\/en\/wp-json\/wp\/v2\/types\/product"}],"replies":[{"embeddable":true,"href":"https:\/\/habibimb.com\/en\/wp-json\/wp\/v2\/comments?post=2442"}],"wp:featuredmedia":[{"embeddable":true,"href":"https:\/\/habibimb.com\/en\/wp-json\/wp\/v2\/media\/2443"}],"wp:attachment":[{"href":"https:\/\/habibimb.com\/en\/wp-json\/wp\/v2\/media?parent=2442"}],"wp:term":[{"taxonomy":"product_brand","embeddable":true,"href":"https:\/\/habibimb.com\/en\/wp-json\/wp\/v2\/product_brand?post=2442"},{"taxonomy":"product_cat","embeddable":true,"href":"https:\/\/habibimb.com\/en\/wp-json\/wp\/v2\/product_cat?post=2442"},{"taxonomy":"product_tag","embeddable":true,"href":"https:\/\/habibimb.com\/en\/wp-json\/wp\/v2\/product_tag?post=2442"}],"curies":[{"name":"wp","href":"https:\/\/api.w.org\/{rel}","templated":true}]}}