{"id":2439,"date":"2025-05-10T07:24:21","date_gmt":"2025-05-10T07:24:21","guid":{"rendered":"https:\/\/habibimb.com\/?post_type=product&#038;p=2439"},"modified":"2025-06-11T14:45:26","modified_gmt":"2025-06-11T14:45:26","slug":"apa-de-parfum-asten-savage-intense-barbati-100ml","status":"publish","type":"product","link":"https:\/\/habibimb.com\/en\/product\/apa-de-parfum-asten-savage-intense-barbati-100ml\/","title":{"rendered":"Asten, Savage Intense"},"content":{"rendered":"<h2>Descoperi\u021bi farmecul Asten&#8217;s Savage Intense<\/h2>\n<p>R\u0103sf\u0103\u021ba\u021bi-v\u0103 cu parfumul captivant al <strong>Apa De Parfum Asten, Savage Intense<\/strong>, conceput special pentru b\u0103rbatul modern care caut\u0103 s\u0103-\u0219i exprime individualitatea. Acest parfum luxos nu numai c\u0103 \u00ee\u021bi \u00eembun\u0103t\u0103\u021be\u0219te prezen\u021ba, dar devine \u0219i un element de semn\u0103tur\u0103 al stilului t\u0103u. Cu amestecul s\u0103u elaborat de parfumuri, Savage Intense este perfect pentru orice ocazie, promi\u021b\u00e2nd s\u0103 lase o impresie de durat\u0103.<\/p>\n<h2>Profil de parfum rafinat<\/h2>\n<p>Savage Intense se deschide cu note proaspete, picante, care revigoreaz\u0103 sim\u021burile. Inima parfumului dezv\u0103luie o armonie de florale elegante, ad\u0103ug\u00e2nd profunzime \u0219i bog\u0103\u021bie compozi\u021biei. \u00cen cele din urm\u0103, se a\u0219eaz\u0103 \u00eentr-o baz\u0103 cald\u0103, lemnoas\u0103, care persist\u0103 pe tot parcursul zilei, cre\u00e2nd o potec\u0103 atr\u0103g\u0103toare care \u00eei atrage pe ceilal\u021bi. Conceput\u0103 pentru cei care apreciaz\u0103 calitatea fin\u0103 \u0219i m\u0103iestria excep\u021bional\u0103, aceast\u0103 ap\u0103 de parfum este o adev\u0103rat\u0103 capodoper\u0103 pentru b\u0103rba\u021bi.<\/p>\n<h2>De ce s\u0103 alege\u021bi Savage Intense?<\/h2>\n<p>C\u00e2nd alegi <strong>Apa De Parfum Asten, Savage Intense<\/strong>, nu cumperi doar un parfum; \u00eembr\u0103\u021bi\u0219ezi un stil de via\u021b\u0103. Aroma sa sofisticat\u0103 rezoneaz\u0103 cu \u00eencredere \u0219i farmec, f\u0103c\u00e2ndu-l un partener ideal at\u00e2t pentru zi, c\u00e2t \u0219i pentru sear\u0103. Flaconul de 100 ml este proiectat elegant, asigur\u00e2ndu-se c\u0103 arat\u0103 la fel de bine pe dulap pe c\u00e2t miroase pe piele. Bucura\u021bi-v\u0103 de efectul de lung\u0103 durat\u0103 al acestui parfum, care v\u0103 va \u00eembun\u0103t\u0103\u021bi cu siguran\u021b\u0103 starea de spirit \u0219i v\u0103 va \u00eembun\u0103t\u0103\u021bi experien\u021bele zilnice.<\/p>","protected":false},"excerpt":{"rendered":"<p>Inspirat din Dior Sauvage<\/p>","protected":false},"featured_media":2441,"comment_status":"open","ping_status":"closed","template":"","meta":{"om_disable_all_campaigns":false,"_monsterinsights_skip_tracking":false,"_monsterinsights_sitenote_active":false,"_monsterinsights_sitenote_note":"","_monsterinsights_sitenote_category":0},"product_brand":[80],"product_cat":[55],"product_tag":[],"class_list":{"0":"post-2439","1":"product","2":"type-product","3":"status-publish","4":"has-post-thumbnail","6":"product_brand-asten","7":"product_cat-pentru-el","9":"first","10":"outofstock","11":"shipping-taxable","12":"purchasable","13":"product-type-simple"},"aioseo_notices":[],"ct_brands":[{"id":80,"name":"Asten","slug":"asten"}],"_links":{"self":[{"href":"https:\/\/habibimb.com\/en\/wp-json\/wp\/v2\/product\/2439","targetHints":{"allow":["GET"]}}],"collection":[{"href":"https:\/\/habibimb.com\/en\/wp-json\/wp\/v2\/product"}],"about":[{"href":"https:\/\/habibimb.com\/en\/wp-json\/wp\/v2\/types\/product"}],"replies":[{"embeddable":true,"href":"https:\/\/habibimb.com\/en\/wp-json\/wp\/v2\/comments?post=2439"}],"wp:featuredmedia":[{"embeddable":true,"href":"https:\/\/habibimb.com\/en\/wp-json\/wp\/v2\/media\/2441"}],"wp:attachment":[{"href":"https:\/\/habibimb.com\/en\/wp-json\/wp\/v2\/media?parent=2439"}],"wp:term":[{"taxonomy":"product_brand","embeddable":true,"href":"https:\/\/habibimb.com\/en\/wp-json\/wp\/v2\/product_brand?post=2439"},{"taxonomy":"product_cat","embeddable":true,"href":"https:\/\/habibimb.com\/en\/wp-json\/wp\/v2\/product_cat?post=2439"},{"taxonomy":"product_tag","embeddable":true,"href":"https:\/\/habibimb.com\/en\/wp-json\/wp\/v2\/product_tag?post=2439"}],"curies":[{"name":"wp","href":"https:\/\/api.w.org\/{rel}","templated":true}]}}