{"id":2437,"date":"2025-05-10T07:20:37","date_gmt":"2025-05-10T07:20:37","guid":{"rendered":"https:\/\/habibimb.com\/?post_type=product&#038;p=2437"},"modified":"2025-10-02T11:23:14","modified_gmt":"2025-10-02T11:23:14","slug":"apa-de-parfum-opium-divin-collection-privee-paris-femei-50ml","status":"publish","type":"product","link":"https:\/\/habibimb.com\/en\/product\/apa-de-parfum-opium-divin-collection-privee-paris-femei-50ml\/","title":{"rendered":"Opium Divin, Collection Privee Paris"},"content":{"rendered":"<h2>Descoperi\u021bi farmecul Opium Divin<\/h2>\n<p>P\u0103\u0219i\u021bi \u00eentr-o lume a elegan\u021bei \u0219i rafinamentului cu Apa De Parfum Opium Divin din apreciata colec\u021bie Privee Paris. Acest parfum rafinat, croit pentru femei, \u00eencapsuleaz\u0103 un amestec perfect de opulen\u021b\u0103 \u0219i farmec, f\u0103c\u00e2ndu-l o alegere ideal\u0103 pentru cei care doresc s\u0103 lase o impresie de durat\u0103. Cu fiecare spray, experimenta\u021bi aroma luxoas\u0103 care \u00eentruchipeaz\u0103 spiritul \u0219icului parizian.<\/p>\n<h2>Compozi\u021bia elegan\u021bei<\/h2>\n<p>Opium Divin este conceput pentru femeia modern\u0103 care \u00ee\u0219i \u00eembr\u0103\u021bi\u0219eaz\u0103 senzualitatea. Parfumul se deschide cu note de v\u00e2rf radiante care trezesc sim\u021burile, urmate de o inim\u0103 plin\u0103 de elemente calde \u0219i primitoare. Notele de baz\u0103 creeaz\u0103 o urm\u0103 persistent\u0103, \u00eenv\u0103luindu-te \u00eentr-o aur\u0103 de mister \u0219i farmec. Este un amestec armonios care vorbe\u0219te despre esen\u021ba feminit\u0103\u021bii, f\u0103c\u00e2ndu-l un element de baz\u0103 \u00een colec\u021bia de parfumuri a oric\u0103rei femei.<\/p>\n<h2>Perfect pentru orice ocazie<\/h2>\n<p>Fie c\u0103 te \u00eembraci pentru un eveniment special sau vrei s\u0103-\u021bi \u00eembun\u0103t\u0103\u021be\u0219ti rutina de zi cu zi, Apa De Parfum Opium Divin este \u00eenso\u021bitorul perfect. Parfumul s\u0103u versatil v\u0103 asigur\u0103 c\u0103 v\u0103 sim\u021bi\u021bi \u00eencrez\u0103tor \u0219i atr\u0103g\u0103tor, indiferent de ocazie. Cu o sticl\u0103 generoas\u0103 de 50 ml, este ideal\u0103 at\u00e2t pentru toalet\u0103, c\u00e2t \u0219i pentru geant\u0103, permi\u021b\u00e2ndu-v\u0103 s\u0103 v\u0103 r\u0103sf\u0103\u021ba\u021bi cu aroma sa luxoas\u0103 oric\u00e2nd dori\u021bi. \u00cembun\u0103t\u0103\u021be\u0219te-\u021bi jocul de parfumuri cu Opium Divin \u0219i las\u0103 parfumul s\u0103u \u00eenc\u00e2nt\u0103tor s\u0103-\u021bi defineasc\u0103 prezen\u021ba.<\/p>","protected":false},"excerpt":{"rendered":"<p>Inspirat din <strong data-start=\"104\" data-end=\"119\">Black Opium<\/strong> de la Yves Saint Laurent<\/p>","protected":false},"featured_media":2438,"comment_status":"open","ping_status":"closed","template":"","meta":{"om_disable_all_campaigns":false,"_monsterinsights_skip_tracking":false,"_monsterinsights_sitenote_active":false,"_monsterinsights_sitenote_note":"","_monsterinsights_sitenote_category":0},"product_brand":[84],"product_cat":[56],"product_tag":[],"class_list":{"0":"post-2437","1":"product","2":"type-product","3":"status-publish","4":"has-post-thumbnail","6":"product_brand-collection-privee","7":"product_cat-pentru-ea","9":"first","10":"outofstock","11":"shipping-taxable","12":"purchasable","13":"product-type-simple"},"aioseo_notices":[],"ct_brands":[{"id":84,"name":"Collection Priv\u00e9e","slug":"collection-privee"}],"_links":{"self":[{"href":"https:\/\/habibimb.com\/en\/wp-json\/wp\/v2\/product\/2437","targetHints":{"allow":["GET"]}}],"collection":[{"href":"https:\/\/habibimb.com\/en\/wp-json\/wp\/v2\/product"}],"about":[{"href":"https:\/\/habibimb.com\/en\/wp-json\/wp\/v2\/types\/product"}],"replies":[{"embeddable":true,"href":"https:\/\/habibimb.com\/en\/wp-json\/wp\/v2\/comments?post=2437"}],"wp:featuredmedia":[{"embeddable":true,"href":"https:\/\/habibimb.com\/en\/wp-json\/wp\/v2\/media\/2438"}],"wp:attachment":[{"href":"https:\/\/habibimb.com\/en\/wp-json\/wp\/v2\/media?parent=2437"}],"wp:term":[{"taxonomy":"product_brand","embeddable":true,"href":"https:\/\/habibimb.com\/en\/wp-json\/wp\/v2\/product_brand?post=2437"},{"taxonomy":"product_cat","embeddable":true,"href":"https:\/\/habibimb.com\/en\/wp-json\/wp\/v2\/product_cat?post=2437"},{"taxonomy":"product_tag","embeddable":true,"href":"https:\/\/habibimb.com\/en\/wp-json\/wp\/v2\/product_tag?post=2437"}],"curies":[{"name":"wp","href":"https:\/\/api.w.org\/{rel}","templated":true}]}}