{"id":2434,"date":"2025-05-10T07:17:17","date_gmt":"2025-05-10T07:17:17","guid":{"rendered":"https:\/\/habibimb.com\/?post_type=product&#038;p=2434"},"modified":"2025-05-15T07:32:26","modified_gmt":"2025-05-15T07:32:26","slug":"parfum-gris-saphir-collection-privee-infinitif-unisex-50ml","status":"publish","type":"product","link":"https:\/\/habibimb.com\/en\/product\/parfum-gris-saphir-collection-privee-infinitif-unisex-50ml\/","title":{"rendered":"Parfum Gris Saphir, Collection Privee Infinitif"},"content":{"rendered":"<h2>Dezv\u0103luie farmecul parfumului gris Saphir<\/h2>\n<p>P\u0103\u0219e\u0219te \u00eentr-o lume a rafinamentului \u0219i elegan\u021bei cu Parfum Gris Saphir din apreciata colec\u021bie Privee Infinitif. Acest parfum \u00eenc\u00e2nt\u0103tor unisex, \u00eenvelit \u00eentr-o sticl\u0103 de 50 ml frumos realizat\u0103, este conceput pentru a-\u021bi accentua stilul \u0219i personalitatea. Indiferent dac\u0103 v\u0103 preg\u0103ti\u021bi pentru o zi casual sau pentru un eveniment formal de sear\u0103, acest parfum versatil va l\u0103sa o impresie de durat\u0103.<\/p>\n<h2>Un amestec armonios de note<\/h2>\n<p>Parfum Gris Saphir este o compozi\u021bie magistral\u0103 care armonizeaz\u0103 notele florale, fructate \u0219i lemnoase. Parfumul se deschide cu o explozie r\u0103coritoare de citrice, invit\u00e2ndu-te cu energia sa vibrant\u0103. Pe m\u0103sur\u0103 ce se dezvolt\u0103, inima dezv\u0103luie un buchet de flori delicate, evoc\u00e2nd sentimente de romantism \u0219i nostalgie. \u00cen cele din urm\u0103, notele de baz\u0103 au \u00eemp\u0103m\u00e2ntat parfumul cu nuan\u021be bogate de lemn cald \u0219i mosc subtil, cre\u00e2nd un finisaj rafinat care persist\u0103 frumos pe piele.<\/p>\n<h2>Perfect pentru orice ocazie<\/h2>\n<p>Acest parfum unisex se adreseaz\u0103 tuturor, f\u0103c\u00e2ndu-l o alegere de neegalat pentru oricine caut\u0103 un parfum de semn\u0103tur\u0103. Profilul s\u0103u echilibrat asigur\u0103 c\u0103 este potrivit at\u00e2t pentru ziua c\u00e2t \u0219i pentru noapte, f\u0103c\u00e2ndu-l \u00eenso\u021bitorul ideal pentru momentele \u00eemp\u0103rt\u0103\u0219ite cu cei dragi sau evenimente speciale. Parfum Gris Saphir nu numai c\u0103 \u00ee\u021bi \u00eembun\u0103t\u0103\u021be\u0219te stilul personal, dar devine \u0219i parte din identitatea ta, \u00eenv\u0103luindu-te \u00eentr-o aur\u0103 de \u00eencredere oriunde te-ai duce.<\/p>\n<p>R\u0103sf\u0103\u021ba\u021bi-v\u0103 cu c\u0103l\u0103toria parfumurilor de lux pe care o ofer\u0103 Parfum Gris Saphir. Cu povestea sa bogat\u0103 \u0219i formula rafinat\u0103, v\u0103 va captiva cu siguran\u021b\u0103 sim\u021burile \u0219i v\u0103 va ridica colec\u021bia de parfumuri. Experimenta\u021bi aceast\u0103 capodoper\u0103 ast\u0103zi \u0219i \u00eembr\u0103\u021bi\u0219a\u021bi adev\u0103rata esen\u021b\u0103 a luxului cu fiecare spritz.<\/p>","protected":false},"excerpt":{"rendered":"<p>Inspirat din Dior &#8211; Gris Motaigne<\/p>\n<p><strong>NOTE DE TOP:<\/strong>Bergamota<br \/>\n<strong>NOTE DE MIJLOC:<\/strong>Trandafir turcesc, iasomie, sambac<br \/>\n<strong>NOTE DE FOND:<\/strong>Paciuli, mu\u0219chi, note de stejar, chihlimbar<\/p>","protected":false},"featured_media":2435,"comment_status":"open","ping_status":"closed","template":"","meta":{"om_disable_all_campaigns":false,"_monsterinsights_skip_tracking":false,"_monsterinsights_sitenote_active":false,"_monsterinsights_sitenote_note":"","_monsterinsights_sitenote_category":0},"product_brand":[84],"product_cat":[57],"product_tag":[],"class_list":{"0":"post-2434","1":"product","2":"type-product","3":"status-publish","4":"has-post-thumbnail","6":"product_brand-collection-privee","7":"product_cat-unisex","9":"first","10":"instock","11":"shipping-taxable","12":"purchasable","13":"product-type-simple"},"aioseo_notices":[],"ct_brands":[{"id":84,"name":"Collection Priv\u00e9e","slug":"collection-privee"}],"_links":{"self":[{"href":"https:\/\/habibimb.com\/en\/wp-json\/wp\/v2\/product\/2434","targetHints":{"allow":["GET"]}}],"collection":[{"href":"https:\/\/habibimb.com\/en\/wp-json\/wp\/v2\/product"}],"about":[{"href":"https:\/\/habibimb.com\/en\/wp-json\/wp\/v2\/types\/product"}],"replies":[{"embeddable":true,"href":"https:\/\/habibimb.com\/en\/wp-json\/wp\/v2\/comments?post=2434"}],"wp:featuredmedia":[{"embeddable":true,"href":"https:\/\/habibimb.com\/en\/wp-json\/wp\/v2\/media\/2435"}],"wp:attachment":[{"href":"https:\/\/habibimb.com\/en\/wp-json\/wp\/v2\/media?parent=2434"}],"wp:term":[{"taxonomy":"product_brand","embeddable":true,"href":"https:\/\/habibimb.com\/en\/wp-json\/wp\/v2\/product_brand?post=2434"},{"taxonomy":"product_cat","embeddable":true,"href":"https:\/\/habibimb.com\/en\/wp-json\/wp\/v2\/product_cat?post=2434"},{"taxonomy":"product_tag","embeddable":true,"href":"https:\/\/habibimb.com\/en\/wp-json\/wp\/v2\/product_tag?post=2434"}],"curies":[{"name":"wp","href":"https:\/\/api.w.org\/{rel}","templated":true}]}}