{"id":2430,"date":"2025-05-10T06:58:01","date_gmt":"2025-05-10T06:58:01","guid":{"rendered":"https:\/\/habibimb.com\/?post_type=product&#038;p=2430"},"modified":"2026-01-10T06:35:07","modified_gmt":"2026-01-10T06:35:07","slug":"extract-de-parfum-golden-elixir-riiffs-unisex-100ml","status":"publish","type":"product","link":"https:\/\/habibimb.com\/en\/product\/extract-de-parfum-golden-elixir-riiffs-unisex-100ml\/","title":{"rendered":"Golden Elixir, Riiffs"},"content":{"rendered":"<h2>Dezv\u0103lui\u021bi esen\u021ba luxului<\/h2>\n<p>V\u0103 prezent\u0103m Extract De Parfum Golden Elixir de la Riiffs &#8211; un parfum distinct conceput pentru cei care apreciaz\u0103 aspectele mai fine ale vie\u021bii. Acest parfum unisex este expresia suprem\u0103 a elegan\u021bei \u0219i rafinamentului, f\u0103c\u00e2ndu-l un plus obligatoriu pentru colec\u021bia ta. \u00cenv\u0103lui\u021bi-v\u0103 \u00een acest parfum captivant care \u00eembin\u0103 notele bogate \u0219i alura radiant\u0103.<\/p>\n<h2>Un amestec armonios de arome<\/h2>\n<p>Elixirul de aur prezint\u0103 o compozi\u021bie atent organizat\u0103 care evoc\u0103 un sentiment de c\u0103ldur\u0103 \u0219i bog\u0103\u021bie. Notele de v\u00e2rf se deschid cu o explozie de citrice r\u0103coritoare care trezesc sim\u021burile, conduc\u00e2ndu-te c\u0103tre o inim\u0103 de esen\u021be florale care \u00eenal\u021b\u0103 \u0219i inspir\u0103. La baz\u0103, acest parfum rafinat se instaleaz\u0103 \u00eentr-un amestec fin de note lemnoase \u0219i senzuale, asigur\u00e2nd o impresie de durat\u0103 oriunde te-ai duce. Cu fiecare pulverizare, te \u00eenv\u0103lui\u021bi \u00eentr-o aur\u0103 aurie de rafinament.<\/p>\n<h2>Cadoul perfect pentru orice ocazie<\/h2>\n<p>Fie c\u0103 este vorba de o ocazie special\u0103 sau de un r\u0103sf\u0103\u021b personal, Extract De Parfum Golden Elixir este parfumul ideal. Designul elegant al sticlei de 100 ml nu numai c\u0103 arat\u0103 uimitor pe toalet\u0103, dar confirm\u0103 \u0219i calitatea \u0219i aten\u021bia din spatele produsului. Perfect ca cadou pentru o persoan\u0103 drag\u0103 sau ca r\u0103sf\u0103\u021b binemeritat pentru tine, acest parfum unisex atrage pe oricine caut\u0103 s\u0103-\u0219i \u00eembr\u0103\u021bi\u0219eze individualitatea prin parfum.<\/p>\n<p>Nu rata\u021bi ocazia de a ad\u0103uga o not\u0103 de lux \u0219i amintiri de durat\u0103 colec\u021biei dvs. Cu profilul s\u0103u olfactiv de neegalat \u0219i ambalajul luxos, Golden Elixir de la Riiffs este mai mult dec\u00e2t un simplu parfum; Este o invita\u021bie de a experimenta via\u021ba la maximum, un spray la un moment dat.<\/p>","protected":false},"excerpt":{"rendered":"<p>Inspirat din Angel&#8217;s Share by\u00a0Kilian<\/p>","protected":false},"featured_media":2432,"comment_status":"open","ping_status":"closed","template":"","meta":{"om_disable_all_campaigns":false,"_monsterinsights_skip_tracking":false,"_monsterinsights_sitenote_active":false,"_monsterinsights_sitenote_note":"","_monsterinsights_sitenote_category":0},"product_brand":[73],"product_cat":[57],"product_tag":[],"class_list":{"0":"post-2430","1":"product","2":"type-product","3":"status-publish","4":"has-post-thumbnail","6":"product_brand-riiffs","7":"product_cat-unisex","9":"first","10":"outofstock","11":"shipping-taxable","12":"purchasable","13":"product-type-simple"},"aioseo_notices":[],"ct_brands":[{"id":73,"name":"Riiffs","slug":"riiffs"}],"_links":{"self":[{"href":"https:\/\/habibimb.com\/en\/wp-json\/wp\/v2\/product\/2430","targetHints":{"allow":["GET"]}}],"collection":[{"href":"https:\/\/habibimb.com\/en\/wp-json\/wp\/v2\/product"}],"about":[{"href":"https:\/\/habibimb.com\/en\/wp-json\/wp\/v2\/types\/product"}],"replies":[{"embeddable":true,"href":"https:\/\/habibimb.com\/en\/wp-json\/wp\/v2\/comments?post=2430"}],"wp:featuredmedia":[{"embeddable":true,"href":"https:\/\/habibimb.com\/en\/wp-json\/wp\/v2\/media\/2432"}],"wp:attachment":[{"href":"https:\/\/habibimb.com\/en\/wp-json\/wp\/v2\/media?parent=2430"}],"wp:term":[{"taxonomy":"product_brand","embeddable":true,"href":"https:\/\/habibimb.com\/en\/wp-json\/wp\/v2\/product_brand?post=2430"},{"taxonomy":"product_cat","embeddable":true,"href":"https:\/\/habibimb.com\/en\/wp-json\/wp\/v2\/product_cat?post=2430"},{"taxonomy":"product_tag","embeddable":true,"href":"https:\/\/habibimb.com\/en\/wp-json\/wp\/v2\/product_tag?post=2430"}],"curies":[{"name":"wp","href":"https:\/\/api.w.org\/{rel}","templated":true}]}}