{"id":2427,"date":"2025-05-10T06:55:01","date_gmt":"2025-05-10T06:55:01","guid":{"rendered":"https:\/\/habibimb.com\/?post_type=product&#038;p=2427"},"modified":"2025-11-07T08:15:56","modified_gmt":"2025-11-07T08:15:56","slug":"apa-de-parfum-rose-de-soleil-riiffs-femei-100ml","status":"publish","type":"product","link":"https:\/\/habibimb.com\/en\/product\/apa-de-parfum-rose-de-soleil-riiffs-femei-100ml\/","title":{"rendered":"Rose De Soleil, Riiffs"},"content":{"rendered":"<h2>Dezv\u0103luie-\u021bi str\u0103lucirea interioar\u0103<\/h2>\n<p>Descoper\u0103 alura \u00eenc\u00e2nt\u0103toare a <strong>Apa de Parfum Rose De Soleil<\/strong>, un parfum de lux creat pentru femeile care \u00ee\u0219i \u00eembr\u0103\u021bi\u0219eaz\u0103 individualitatea \u0219i pre\u021buiesc momentele frumoase. Acest parfum rafinat de la Riiffs ofer\u0103 un amestec armonios de note florale, atent organizate pentru a crea un parfum fascinant care captiveaz\u0103 sim\u021burile \u0219i las\u0103 o impresie de durat\u0103.<\/p>\n<h2>O simfonie a elegan\u021bei florale<\/h2>\n<p>Cu grandoarea sa de 100 ml, <strong>Rose De Soleil<\/strong> v\u0103 invit\u0103 s\u0103 porni\u021bi \u00eentr-o c\u0103l\u0103torie olfactiv\u0103 printr-o gr\u0103din\u0103 luxuriant\u0103 \u00een plin\u0103 floare. Notele de v\u00e2rf izbucnesc cu prospe\u021bimea trandafirilor \u00eenflori\u021bi, \u00eempletite cu note de citrice care evoc\u0103 un sentiment de bucurie \u0219i vitalitate. Pe m\u0103sur\u0103 ce parfumul se dezvolt\u0103, ve\u021bi experimenta notele de inim\u0103 de bujor delicat \u0219i iasomie \u00eenflorit\u0103, cre\u00e2nd o aur\u0103 moale \u0219i romantic\u0103 care v\u0103 \u00eenv\u0103luie \u00eentr-o \u00eembr\u0103\u021bi\u0219are parfumat\u0103.<\/p>\n<h2>Parfum de lung\u0103 durat\u0103 pentru orice ocazie<\/h2>\n<p>Ceea ce diferen\u021biaz\u0103 <strong>Apa de Parfum Rose De Soleil<\/strong> este puterea sa remarcabil\u0103. Acest parfum fin lucrat asigur\u0103 c\u0103 parfumul persist\u0103 pe tot parcursul zilei, \u00eembun\u0103t\u0103\u021bind fiecare moment cu o not\u0103 de elegan\u021b\u0103. Indiferent dac\u0103 te \u00eendrep\u021bi spre un eveniment formal sau te bucuri de o ie\u0219ire casual, acest parfum se adapteaz\u0103 stilului t\u0103u, f\u0103c\u00e2ndu-l un plus versatil pentru colec\u021bia ta. R\u0103sf\u0103\u021ba\u021bi-v\u0103 sau d\u0103rui\u021bi-l cuiva special &#8211; acest parfum rafinat este perfect pentru toate ocaziile.<\/p>","protected":false},"excerpt":{"rendered":"<p>Inspirat din Scandal Jean Paul Gaultier<\/p>","protected":false},"featured_media":2429,"comment_status":"open","ping_status":"closed","template":"","meta":{"om_disable_all_campaigns":false,"_monsterinsights_skip_tracking":false,"_monsterinsights_sitenote_active":false,"_monsterinsights_sitenote_note":"","_monsterinsights_sitenote_category":0},"product_brand":[73],"product_cat":[56],"product_tag":[],"class_list":{"0":"post-2427","1":"product","2":"type-product","3":"status-publish","4":"has-post-thumbnail","6":"product_brand-riiffs","7":"product_cat-pentru-ea","9":"first","10":"instock","11":"sale","12":"shipping-taxable","13":"purchasable","14":"product-type-simple"},"aioseo_notices":[],"ct_brands":[{"id":73,"name":"Riiffs","slug":"riiffs"}],"_links":{"self":[{"href":"https:\/\/habibimb.com\/en\/wp-json\/wp\/v2\/product\/2427","targetHints":{"allow":["GET"]}}],"collection":[{"href":"https:\/\/habibimb.com\/en\/wp-json\/wp\/v2\/product"}],"about":[{"href":"https:\/\/habibimb.com\/en\/wp-json\/wp\/v2\/types\/product"}],"replies":[{"embeddable":true,"href":"https:\/\/habibimb.com\/en\/wp-json\/wp\/v2\/comments?post=2427"}],"wp:featuredmedia":[{"embeddable":true,"href":"https:\/\/habibimb.com\/en\/wp-json\/wp\/v2\/media\/2429"}],"wp:attachment":[{"href":"https:\/\/habibimb.com\/en\/wp-json\/wp\/v2\/media?parent=2427"}],"wp:term":[{"taxonomy":"product_brand","embeddable":true,"href":"https:\/\/habibimb.com\/en\/wp-json\/wp\/v2\/product_brand?post=2427"},{"taxonomy":"product_cat","embeddable":true,"href":"https:\/\/habibimb.com\/en\/wp-json\/wp\/v2\/product_cat?post=2427"},{"taxonomy":"product_tag","embeddable":true,"href":"https:\/\/habibimb.com\/en\/wp-json\/wp\/v2\/product_tag?post=2427"}],"curies":[{"name":"wp","href":"https:\/\/api.w.org\/{rel}","templated":true}]}}