{"id":2424,"date":"2025-05-10T06:50:40","date_gmt":"2025-05-10T06:50:40","guid":{"rendered":"https:\/\/habibimb.com\/?post_type=product&#038;p=2424"},"modified":"2025-05-15T07:32:26","modified_gmt":"2025-05-15T07:32:26","slug":"apa-de-parfum-prive-blue-riiffs-unisex-80ml","status":"publish","type":"product","link":"https:\/\/habibimb.com\/en\/product\/apa-de-parfum-prive-blue-riiffs-unisex-80ml\/","title":{"rendered":"Prive Blue, Riiffs, 80"},"content":{"rendered":"<h2>Descoperi\u021bi esen\u021ba Prive Blue<\/h2>\n<p>V\u0103 prezent\u0103m Apa de Parfum Prive Blue de Riiffs, un parfum unisex captivant care transcende aromele tradi\u021bionale. \u00cenvelit \u00eentr-o sticl\u0103 elegant\u0103 de 100 ml, acest parfum ofer\u0103 o experien\u021b\u0103 aromatic\u0103 conceput\u0103 pentru a rezona cu persoane de toate stilurile \u0219i preferin\u021bele. Amestecul s\u0103u \u00eenc\u00e2nt\u0103tor nu numai c\u0103 v\u0103 ridic\u0103 aroma de zi cu zi, dar las\u0103 \u0219i o impresie memorabil\u0103 oriunde merge\u021bi.<\/p>\n<h2>Profilul parfumului<\/h2>\n<p>\u00cen inima Apa de Parfum Prive Blue se afl\u0103 o combina\u021bie armonioas\u0103 de note fructate, florale \u0219i lemnoase. Explozia ini\u021bial\u0103 de prospe\u021bime v\u0103 va revigora sim\u021burile, deschiz\u00e2ndu-se cu acorduri vibrante de citrice care v\u0103 trezesc spiritul. Pe m\u0103sur\u0103 ce parfumul se desf\u0103\u0219oar\u0103, tonurile florale se \u00eempletesc, cre\u00e2nd un caracter delicat, dar robust. Parfumul se usuc\u0103 f\u0103r\u0103 probleme p\u00e2n\u0103 la o baz\u0103 cald\u0103 \u0219i p\u0103m\u00e2nteasc\u0103, oferind o impresie de durat\u0103 care persist\u0103 pe tot parcursul zilei. Acest parfum de semn\u0103tur\u0103 este creat pentru cei care apreciaz\u0103 rafinamentul cu o not\u0103 de elegan\u021b\u0103 juc\u0103u\u0219\u0103.<\/p>\n<h2>Perfect pentru orice ocazie<\/h2>\n<p>Fie c\u0103 te \u00eendrep\u021bi spre un brunch casual, o \u00eent\u00e2lnire de afaceri important\u0103 sau o sear\u0103 romantic\u0103, Apa de Parfum Prive Blue \u00ee\u021bi completeaz\u0103 fiecare moment. Versatilitatea sa \u00eel face o alegere ideal\u0103 at\u00e2t pentru utilizarea zilnic\u0103, c\u00e2t \u0219i pentru ocazii speciale, asigur\u00e2ndu-v\u0103 \u00eentotdeauna un miros rafinat. Atrac\u021bia unisex a acestui parfum permite persoanelor s\u0103-l \u00eemp\u0103rt\u0103\u0219easc\u0103, f\u0103c\u00e2ndu-l un cadou minunat sau un r\u0103sf\u0103\u021b personal. Cu Prive Blue, purta\u021bi o pies\u0103 de elegan\u021b\u0103 oriunde v\u0103 duce via\u021ba.<\/p>\n<p>Experimenta\u021bi ast\u0103zi farmecul \u0219i siguran\u021ba Apa de Parfum Prive Blue de la Riiffs \u0219i scufunda\u021bi-v\u0103 \u00eentr-o lume de arome \u00eenc\u00e2nt\u0103toare. C\u0103l\u0103toria ta cu parfumuri \u00eencepe aici.<\/p>","protected":false},"excerpt":{"rendered":"<p>Descoperi\u021bi esen\u021ba Prive Blue V\u0103 prezent\u0103m Apa de Parfum Prive Blue de Riiffs, un parfum unisex captivant care transcende aromele tradi\u021bionale. \u00cenvelit \u00eentr-o sticl\u0103 elegant\u0103 de 100 ml, acest parfum ofer\u0103 o experien\u021b\u0103 aromatic\u0103 conceput\u0103 pentru a rezona cu persoane de toate stilurile \u0219i preferin\u021bele. Amestecul s\u0103u \u00eenc\u00e2nt\u0103tor nu numai c\u0103 v\u0103 ridic\u0103 aroma de [&hellip;]<\/p>","protected":false},"featured_media":2426,"comment_status":"open","ping_status":"closed","template":"","meta":{"om_disable_all_campaigns":false,"_monsterinsights_skip_tracking":false,"_monsterinsights_sitenote_active":false,"_monsterinsights_sitenote_note":"","_monsterinsights_sitenote_category":0},"product_brand":[73],"product_cat":[57],"product_tag":[],"class_list":{"0":"post-2424","1":"product","2":"type-product","3":"status-publish","4":"has-post-thumbnail","6":"product_brand-riiffs","7":"product_cat-unisex","9":"first","10":"instock","11":"shipping-taxable","12":"purchasable","13":"product-type-simple"},"aioseo_notices":[],"ct_brands":[{"id":73,"name":"Riiffs","slug":"riiffs"}],"_links":{"self":[{"href":"https:\/\/habibimb.com\/en\/wp-json\/wp\/v2\/product\/2424","targetHints":{"allow":["GET"]}}],"collection":[{"href":"https:\/\/habibimb.com\/en\/wp-json\/wp\/v2\/product"}],"about":[{"href":"https:\/\/habibimb.com\/en\/wp-json\/wp\/v2\/types\/product"}],"replies":[{"embeddable":true,"href":"https:\/\/habibimb.com\/en\/wp-json\/wp\/v2\/comments?post=2424"}],"wp:featuredmedia":[{"embeddable":true,"href":"https:\/\/habibimb.com\/en\/wp-json\/wp\/v2\/media\/2426"}],"wp:attachment":[{"href":"https:\/\/habibimb.com\/en\/wp-json\/wp\/v2\/media?parent=2424"}],"wp:term":[{"taxonomy":"product_brand","embeddable":true,"href":"https:\/\/habibimb.com\/en\/wp-json\/wp\/v2\/product_brand?post=2424"},{"taxonomy":"product_cat","embeddable":true,"href":"https:\/\/habibimb.com\/en\/wp-json\/wp\/v2\/product_cat?post=2424"},{"taxonomy":"product_tag","embeddable":true,"href":"https:\/\/habibimb.com\/en\/wp-json\/wp\/v2\/product_tag?post=2424"}],"curies":[{"name":"wp","href":"https:\/\/api.w.org\/{rel}","templated":true}]}}