{"id":2421,"date":"2025-05-10T06:46:39","date_gmt":"2025-05-10T06:46:39","guid":{"rendered":"https:\/\/habibimb.com\/?post_type=product&#038;p=2421"},"modified":"2026-04-10T05:11:31","modified_gmt":"2026-04-10T05:11:31","slug":"extract-de-parfum-momento-riiffs-unisex-100ml","status":"publish","type":"product","link":"https:\/\/habibimb.com\/en\/product\/extract-de-parfum-momento-riiffs-unisex-100ml\/","title":{"rendered":"Momento, Riiffs"},"content":{"rendered":"<h2>Experimenta\u021bi esen\u021ba elegan\u021bei<\/h2>\n<p>V\u0103 prezent\u0103m Extract De Parfum Momento de la Riiffs, un parfum captivant care \u00eentruchipeaz\u0103 rafinamentul \u0219i farmecul. Acest parfum unisex, prezentat \u00eentr-o sticl\u0103 generoas\u0103 de 100 ml, este conceput pentru cei care apreciaz\u0103 lucrurile fine din via\u021b\u0103. \u00cembun\u0103t\u0103\u021be\u0219te-\u021bi profilul de parfum cu acest amestec luxos care poate fi purtat pentru orice ocazie, zi sau noapte.<\/p>\n<h2>Un amestec armonios de note<\/h2>\n<p>Extract De Parfum Momento captiveaz\u0103 sim\u021burile cu combina\u021bia sa atent selec\u021bionat\u0103 de note parfumate. Notele de v\u00e2rf sunt r\u0103coritoare, oferind o explozie ini\u021bial\u0103 de vibra\u021bie care te atrage. Pe m\u0103sur\u0103 ce parfumul se dezvolt\u0103, notele de inim\u0103 dezv\u0103luie o armonie frumoas\u0103, cre\u00e2nd o experien\u021b\u0103 atr\u0103g\u0103toare care persist\u0103 pe tot parcursul zilei. \u00cen cele din urm\u0103, notele de baz\u0103 ofer\u0103 un final cald \u0219i reconfortant, asigur\u00e2ndu-v\u0103 c\u0103 v\u0103 sim\u021bi\u021bi \u00eenv\u0103luit \u00een elegan\u021b\u0103 de diminea\u021ba p\u00e2n\u0103 seara.<\/p>\n<h2>Perfect pentru toat\u0103 lumea<\/h2>\n<p>Acest parfum unisex transcende grani\u021bele tradi\u021bionale, f\u0103c\u00e2ndu-l potrivit pentru toat\u0103 lumea. Fie c\u0103 v\u0103 \u00eembr\u0103ca\u021bi pentru o ocazie special\u0103 sau pur \u0219i simplu c\u0103uta\u021bi s\u0103 v\u0103 \u00eembun\u0103t\u0103\u021bi\u021bi stilul de zi cu zi, Extract De Parfum Momento este o alegere ideal\u0103. Profilul s\u0103u de parfum echilibrat asigur\u0103 c\u0103 atrage o gam\u0103 divers\u0103 de gusturi, oferind un parfum de semn\u0103tur\u0103 pentru oricine, indiferent de sex.<\/p>\n<p>Realizat cu ingrediente de \u00eenalt\u0103 calitate, acest parfum nu numai c\u0103 miroase rafinat, dar dureaz\u0103 \u0219i pe tot parcursul zilei, permi\u021b\u00e2ndu-v\u0103 s\u0103 face\u021bi o impresie de durat\u0103 oriunde a\u021bi merge. Cu atrac\u021bia sa clasic\u0103, dar modern\u0103, Extract De Parfum Momento de la Riiffs este mai mult dec\u00e2t un simplu parfum; este o declara\u021bie de individualitate \u0219i rafinament.<\/p>\n<p>R\u0103sf\u0103\u021ba\u021bi-v\u0103 cu experien\u021ba de lux a Extract De Parfum Momento ast\u0103zi \u0219i descoperi\u021bi un parfum care vorbe\u0219te despre esen\u021ba dvs.<\/p>","protected":false},"excerpt":{"rendered":"<p>Inspirat din Arabians Tonka Montale<\/p>","protected":false},"featured_media":2423,"comment_status":"open","ping_status":"closed","template":"","meta":{"om_disable_all_campaigns":false,"_monsterinsights_skip_tracking":false,"_monsterinsights_sitenote_active":false,"_monsterinsights_sitenote_note":"","_monsterinsights_sitenote_category":0},"product_brand":[73],"product_cat":[57],"product_tag":[],"class_list":{"0":"post-2421","1":"product","2":"type-product","3":"status-publish","4":"has-post-thumbnail","6":"product_brand-riiffs","7":"product_cat-unisex","9":"first","10":"instock","11":"shipping-taxable","12":"purchasable","13":"product-type-simple"},"aioseo_notices":[],"ct_brands":[{"id":73,"name":"Riiffs","slug":"riiffs"}],"_links":{"self":[{"href":"https:\/\/habibimb.com\/en\/wp-json\/wp\/v2\/product\/2421","targetHints":{"allow":["GET"]}}],"collection":[{"href":"https:\/\/habibimb.com\/en\/wp-json\/wp\/v2\/product"}],"about":[{"href":"https:\/\/habibimb.com\/en\/wp-json\/wp\/v2\/types\/product"}],"replies":[{"embeddable":true,"href":"https:\/\/habibimb.com\/en\/wp-json\/wp\/v2\/comments?post=2421"}],"wp:featuredmedia":[{"embeddable":true,"href":"https:\/\/habibimb.com\/en\/wp-json\/wp\/v2\/media\/2423"}],"wp:attachment":[{"href":"https:\/\/habibimb.com\/en\/wp-json\/wp\/v2\/media?parent=2421"}],"wp:term":[{"taxonomy":"product_brand","embeddable":true,"href":"https:\/\/habibimb.com\/en\/wp-json\/wp\/v2\/product_brand?post=2421"},{"taxonomy":"product_cat","embeddable":true,"href":"https:\/\/habibimb.com\/en\/wp-json\/wp\/v2\/product_cat?post=2421"},{"taxonomy":"product_tag","embeddable":true,"href":"https:\/\/habibimb.com\/en\/wp-json\/wp\/v2\/product_tag?post=2421"}],"curies":[{"name":"wp","href":"https:\/\/api.w.org\/{rel}","templated":true}]}}