{"id":2418,"date":"2025-05-10T06:02:23","date_gmt":"2025-05-10T06:02:23","guid":{"rendered":"https:\/\/habibimb.com\/?post_type=product&#038;p=2418"},"modified":"2025-05-15T07:32:26","modified_gmt":"2025-05-15T07:32:26","slug":"parfum-vie-absolue-colection-platinium-femei-50ml","status":"publish","type":"product","link":"https:\/\/habibimb.com\/en\/product\/parfum-vie-absolue-colection-platinium-femei-50ml\/","title":{"rendered":"Parfum Vie Absolue, Colection Platinium"},"content":{"rendered":"<h2>Descoper\u0103 Parfum Vie Absolue<\/h2>\n<p>R\u0103sf\u0103\u021ba\u021bi-v\u0103 cu elegan\u021ba rafinat\u0103 a Parfumului Vie Absolue de la prestigioasa Colec\u021bia Platinum. Acest parfum captivant promite o experien\u021b\u0103 excep\u021bional\u0103 pentru femeile care apreciaz\u0103 lucrurile fine din via\u021b\u0103. Cu amestecul s\u0103u unic de note, Vie Absolue ridic\u0103 orice ocazie, f\u0103c\u00e2ndu-l completarea perfect\u0103 pentru colec\u021bia ta de parfumuri.<\/p>\n<h2>Arome Distincte \u0219i Emo\u021bii Intense<\/h2>\n<p>Parfum Vie Absolue seduce sim\u021burile cu aromele sale bogate \u0219i sofisticate. Deschiz\u00e2ndu-se cu note de v\u00e2rf vii, acest parfum introduce un echilibru delicat care se transform\u0103 \u00eentr-o inim\u0103 atr\u0103g\u0103toare. Surprinde nuan\u021be florale \u0219i fructate, reflect\u00e2nd feminitatea \u0219i gra\u021bia. Notele de baz\u0103 ofer\u0103 un final cald, asigur\u00e2ndu-se c\u0103 parfumul persist\u0103 pe piele, \u00eenv\u0103luindu-te \u00eentr-o aur\u0103 de farmec \u0219i rafinament.<\/p>\n<h2>Utilizare Versatil\u0103 pentru Fiecare Moment<\/h2>\n<p>Acest parfum versatil este ideal at\u00e2t pentru zi, c\u00e2t \u0219i pentru sear\u0103, f\u0103c\u00e2ndu-l un element de baz\u0103 pentru garderoba oric\u0103rei femei. Fie c\u0103 te \u00eembraci pentru un eveniment formal sau te bucuri de o ie\u0219ire casual cu prietenii, Parfum Vie Absolue \u00ee\u021bi completeaz\u0103 stilul f\u0103r\u0103 efort. Flaconul s\u0103u de 50 ml are un design elegant, perfect pentru a fi expus pe toalet\u0103, fiind \u00een acela\u0219i timp practic pentru c\u0103l\u0103torii.<\/p>\n<p>Transform\u0103-\u021bi rutina zilnic\u0103 \u00eentr-o experien\u021b\u0103 de lux cu acest parfum frumos. \u00cembun\u0103t\u0103\u021be\u0219te-\u021bi starea de spirit \u0219i exprim\u0103-\u021bi stilul personal cu Parfum Vie Absolue, un parfum unic ca \u0219i tine. Ave\u021bi \u00eencredere \u00een noi; Odat\u0103 ce \u00eel \u00eencerci, nu vei mai dori s\u0103 fii f\u0103r\u0103 el.<\/p>","protected":false},"excerpt":{"rendered":"<p><strong>Inspirat din Lancome &#8211; La vie est belle<\/strong><\/p>","protected":false},"featured_media":2419,"comment_status":"open","ping_status":"closed","template":"","meta":{"om_disable_all_campaigns":false,"_monsterinsights_skip_tracking":false,"_monsterinsights_sitenote_active":false,"_monsterinsights_sitenote_note":"","_monsterinsights_sitenote_category":0},"product_brand":[98],"product_cat":[56],"product_tag":[],"class_list":{"0":"post-2418","1":"product","2":"type-product","3":"status-publish","4":"has-post-thumbnail","6":"product_brand-colection-platinium","7":"product_cat-pentru-ea","9":"first","10":"instock","11":"shipping-taxable","12":"purchasable","13":"product-type-simple"},"aioseo_notices":[],"ct_brands":[{"id":98,"name":"Colection Platinium","slug":"colection-platinium"}],"_links":{"self":[{"href":"https:\/\/habibimb.com\/en\/wp-json\/wp\/v2\/product\/2418","targetHints":{"allow":["GET"]}}],"collection":[{"href":"https:\/\/habibimb.com\/en\/wp-json\/wp\/v2\/product"}],"about":[{"href":"https:\/\/habibimb.com\/en\/wp-json\/wp\/v2\/types\/product"}],"replies":[{"embeddable":true,"href":"https:\/\/habibimb.com\/en\/wp-json\/wp\/v2\/comments?post=2418"}],"wp:featuredmedia":[{"embeddable":true,"href":"https:\/\/habibimb.com\/en\/wp-json\/wp\/v2\/media\/2419"}],"wp:attachment":[{"href":"https:\/\/habibimb.com\/en\/wp-json\/wp\/v2\/media?parent=2418"}],"wp:term":[{"taxonomy":"product_brand","embeddable":true,"href":"https:\/\/habibimb.com\/en\/wp-json\/wp\/v2\/product_brand?post=2418"},{"taxonomy":"product_cat","embeddable":true,"href":"https:\/\/habibimb.com\/en\/wp-json\/wp\/v2\/product_cat?post=2418"},{"taxonomy":"product_tag","embeddable":true,"href":"https:\/\/habibimb.com\/en\/wp-json\/wp\/v2\/product_tag?post=2418"}],"curies":[{"name":"wp","href":"https:\/\/api.w.org\/{rel}","templated":true}]}}