{"id":2415,"date":"2025-05-10T05:58:00","date_gmt":"2025-05-10T05:58:00","guid":{"rendered":"https:\/\/habibimb.com\/?post_type=product&#038;p=2415"},"modified":"2026-01-15T10:19:19","modified_gmt":"2026-01-15T10:19:19","slug":"extract-de-parfum-golden-elixir-reserve-riiffs-unisex-100ml","status":"publish","type":"product","link":"https:\/\/habibimb.com\/en\/product\/extract-de-parfum-golden-elixir-reserve-riiffs-unisex-100ml\/","title":{"rendered":"Golden Elixir Reserve, Riiffs"},"content":{"rendered":"<h2>Experimenta\u021bi esen\u021ba luxului<\/h2>\n<p>R\u0103sf\u0103\u021ba\u021bi-v\u0103 cu farmecul sofisticat al Extract De Parfum Golden Elixir Reserve de la Riiffs, un parfum care redefine\u0219te elegan\u021ba at\u00e2t pentru b\u0103rba\u021bi, c\u00e2t \u0219i pentru femei. Acest parfum unisex rafinat surprinde amestecul perfect de bog\u0103\u021bie \u0219i subtilitate, f\u0103c\u00e2ndu-l o alegere ideal\u0103 pentru orice ocazie. Cu profilul s\u0103u olfactiv atr\u0103g\u0103tor, acest parfum te \u00eenv\u0103luie \u00eentr-o aur\u0103 aurie de \u00eencredere \u0219i alur\u0103.<\/p>\n<h2>Note rafinate pentru o impresie de durat\u0103<\/h2>\n<p>Golden Elixir Reserve se deschide cu note de v\u00e2rf \u00eenc\u00e2nt\u0103toare care trezesc sim\u021burile, trec\u00e2nd f\u0103r\u0103 probleme la o inim\u0103 care evoc\u0103 c\u0103ldur\u0103 \u0219i profunzime. Pe m\u0103sur\u0103 ce parfumul se a\u0219eaz\u0103, notele de baz\u0103 persist\u0103 f\u0103r\u0103 efort, oferind o urm\u0103 captivant\u0103 care r\u0103m\u00e2ne de neuitat. Fiecare spritz dezv\u0103luie o nou\u0103 dimensiune, permi\u021b\u00e2ndu-v\u0103 s\u0103 v\u0103 exprima\u021bi individualitatea \u0219i stilul. Amestecul armonios de elemente aromatice asigur\u0103 c\u0103 acest parfum va \u00eentoarce capetele \u0219i va l\u0103sa o impresie de durat\u0103 oriunde te-ai duce.<\/p>\n<h2>Creat pentru toate ocaziile<\/h2>\n<p>Fie c\u0103 te \u00eembraci pentru un eveniment formal sau te bucuri de o zi casual, Extract De Parfum Golden Elixir Reserve este o completare versatil\u0103 pentru colec\u021bia ta de parfumuri. Natura sa unisex \u00eel face potrivit pentru toat\u0103 lumea, permi\u021b\u00e2ndu-v\u0103 s\u0103 v\u0103 \u00eentruchipa\u021bi esen\u021ba unic\u0103. Sticla generoas\u0103 de 100 ml este perfect\u0103 pentru o purtare de lung\u0103 durat\u0103, permi\u021b\u00e2ndu-v\u0103 s\u0103 v\u0103 bucura\u021bi de parfumul luxos pe tot parcursul zilei. \u00cembun\u0103t\u0103\u021be\u0219te-\u021bi jocul de parfumuri \u0219i las\u0103 Golden Elixir Reserve s\u0103 devin\u0103 parfumul t\u0103u caracteristic care \u00ee\u021bi define\u0219te prezen\u021ba.<\/p>","protected":false},"excerpt":{"rendered":"<p>Inspirat din Angel&#8217;s Share by\u00a0Kilian<\/p>","protected":false},"featured_media":2417,"comment_status":"open","ping_status":"closed","template":"","meta":{"om_disable_all_campaigns":false,"_monsterinsights_skip_tracking":false,"_monsterinsights_sitenote_active":false,"_monsterinsights_sitenote_note":"","_monsterinsights_sitenote_category":0},"product_brand":[73],"product_cat":[57],"product_tag":[],"class_list":{"0":"post-2415","1":"product","2":"type-product","3":"status-publish","4":"has-post-thumbnail","6":"product_brand-riiffs","7":"product_cat-unisex","9":"first","10":"outofstock","11":"shipping-taxable","12":"purchasable","13":"product-type-simple"},"aioseo_notices":[],"ct_brands":[{"id":73,"name":"Riiffs","slug":"riiffs"}],"_links":{"self":[{"href":"https:\/\/habibimb.com\/en\/wp-json\/wp\/v2\/product\/2415","targetHints":{"allow":["GET"]}}],"collection":[{"href":"https:\/\/habibimb.com\/en\/wp-json\/wp\/v2\/product"}],"about":[{"href":"https:\/\/habibimb.com\/en\/wp-json\/wp\/v2\/types\/product"}],"replies":[{"embeddable":true,"href":"https:\/\/habibimb.com\/en\/wp-json\/wp\/v2\/comments?post=2415"}],"wp:featuredmedia":[{"embeddable":true,"href":"https:\/\/habibimb.com\/en\/wp-json\/wp\/v2\/media\/2417"}],"wp:attachment":[{"href":"https:\/\/habibimb.com\/en\/wp-json\/wp\/v2\/media?parent=2415"}],"wp:term":[{"taxonomy":"product_brand","embeddable":true,"href":"https:\/\/habibimb.com\/en\/wp-json\/wp\/v2\/product_brand?post=2415"},{"taxonomy":"product_cat","embeddable":true,"href":"https:\/\/habibimb.com\/en\/wp-json\/wp\/v2\/product_cat?post=2415"},{"taxonomy":"product_tag","embeddable":true,"href":"https:\/\/habibimb.com\/en\/wp-json\/wp\/v2\/product_tag?post=2415"}],"curies":[{"name":"wp","href":"https:\/\/api.w.org\/{rel}","templated":true}]}}