{"id":2412,"date":"2025-05-10T05:54:06","date_gmt":"2025-05-10T05:54:06","guid":{"rendered":"https:\/\/habibimb.com\/?post_type=product&#038;p=2412"},"modified":"2025-05-15T07:32:26","modified_gmt":"2025-05-15T07:32:26","slug":"apa-de-parfum-goodness-oud-purple-wave-riiffs-femei-100ml","status":"publish","type":"product","link":"https:\/\/habibimb.com\/en\/product\/apa-de-parfum-goodness-oud-purple-wave-riiffs-femei-100ml\/","title":{"rendered":"Goodness Oud Purple Wave, Riiffs"},"content":{"rendered":"<h2>Dezv\u0103luirea esen\u021bei bun\u0103t\u0103\u021bii Oud<\/h2>\n<p>Descoper\u0103 aroma luxoas\u0103 a Apa De Parfum Goodness Oud Purple Wave, un parfum Signature care combin\u0103 elegant bog\u0103\u021bia oud-ului cu note florale proaspete \u0219i vibrante. Conceput special pentru femei, acest parfum de 100 ml ofer\u0103 un profil sofisticat \u0219i \u00eenc\u00e2nt\u0103tor care \u00ee\u021bi va captiva sim\u021burile \u0219i va l\u0103sa o impresie de durat\u0103.<\/p>\n<h2>Observ\u0103 c\u0103 Dazzle<\/h2>\n<p>Goodness Oud Purple Wave se deschide cu note de v\u00e2rf str\u0103lucitoare \u0219i revigorante, preg\u0103tind scena pentru o c\u0103l\u0103torie olfactiv\u0103 complex\u0103. Pe m\u0103sur\u0103 ce parfumul evolueaz\u0103, apar note bogate de inim\u0103 de flori florale, oferind profunzime \u0219i elegan\u021b\u0103. \u00cen cele din urm\u0103, notele calde de baz\u0103 ale oudului te \u00eenv\u0103luie, cre\u00e2nd un final cald \u0219i senzual care persist\u0103 pe tot parcursul zilei. Acest parfum echilibreaz\u0103 frumos prospe\u021bimea \u0219i profunzimea, f\u0103c\u00e2ndu-l potrivit pentru orice ocazie.<\/p>\n<h2>De ce s\u0103 alegi Goodness Oud?<\/h2>\n<p>Alegerea Apa De Parfum Goodness Oud Purple Wave \u00eenseamn\u0103 \u00eembr\u0103\u021bi\u0219area calit\u0103\u021bii \u0219i rafinamentului \u00eentr-o sticl\u0103. Dimensiunea de 100 ml v\u0103 asigur\u0103 c\u0103 ave\u021bi o mul\u021bime de parfum cu care s\u0103 v\u0103 r\u0103sf\u0103\u021ba\u021bi zilnic. Indiferent dac\u0103 e\u0219ti la un brunch casual sau la un eveniment elegant de sear\u0103, acest parfum trece impecabil, ad\u0103ug\u00e2nd o aur\u0103 de \u00eencredere \u0219i farmec de fiecare dat\u0103 c\u00e2nd \u00eel por\u021bi. \u00cembun\u0103t\u0103\u021be\u0219te-\u021bi colec\u021bia de parfumuri cu un parfum care vorbe\u0219te despre lux \u0219i individualitate.<\/p>","protected":false},"excerpt":{"rendered":"<p>Inspirat din Libre by Yves Saint Laurent<\/p>\n<p><strong>Note de v\u00e2rf:<\/strong>\u00a0rom, zmeur\u0103<br \/>\n<strong>Note de mijloc:<\/strong>\u00a0scor\u021bi\u0219oar\u0103, \u0219ofran, tutun<br \/>\n<strong>Note de baz\u0103:<\/strong>\u00a0lemn de cedru, lemn de santal, piele, vanilie<\/p>","protected":false},"featured_media":2414,"comment_status":"open","ping_status":"closed","template":"","meta":{"om_disable_all_campaigns":false,"_monsterinsights_skip_tracking":false,"_monsterinsights_sitenote_active":false,"_monsterinsights_sitenote_note":"","_monsterinsights_sitenote_category":0},"product_brand":[73],"product_cat":[56],"product_tag":[],"class_list":{"0":"post-2412","1":"product","2":"type-product","3":"status-publish","4":"has-post-thumbnail","6":"product_brand-riiffs","7":"product_cat-pentru-ea","9":"first","10":"instock","11":"shipping-taxable","12":"purchasable","13":"product-type-simple"},"aioseo_notices":[],"ct_brands":[{"id":73,"name":"Riiffs","slug":"riiffs"}],"_links":{"self":[{"href":"https:\/\/habibimb.com\/en\/wp-json\/wp\/v2\/product\/2412","targetHints":{"allow":["GET"]}}],"collection":[{"href":"https:\/\/habibimb.com\/en\/wp-json\/wp\/v2\/product"}],"about":[{"href":"https:\/\/habibimb.com\/en\/wp-json\/wp\/v2\/types\/product"}],"replies":[{"embeddable":true,"href":"https:\/\/habibimb.com\/en\/wp-json\/wp\/v2\/comments?post=2412"}],"wp:featuredmedia":[{"embeddable":true,"href":"https:\/\/habibimb.com\/en\/wp-json\/wp\/v2\/media\/2414"}],"wp:attachment":[{"href":"https:\/\/habibimb.com\/en\/wp-json\/wp\/v2\/media?parent=2412"}],"wp:term":[{"taxonomy":"product_brand","embeddable":true,"href":"https:\/\/habibimb.com\/en\/wp-json\/wp\/v2\/product_brand?post=2412"},{"taxonomy":"product_cat","embeddable":true,"href":"https:\/\/habibimb.com\/en\/wp-json\/wp\/v2\/product_cat?post=2412"},{"taxonomy":"product_tag","embeddable":true,"href":"https:\/\/habibimb.com\/en\/wp-json\/wp\/v2\/product_tag?post=2412"}],"curies":[{"name":"wp","href":"https:\/\/api.w.org\/{rel}","templated":true}]}}