{"id":2409,"date":"2025-05-10T05:28:09","date_gmt":"2025-05-10T05:28:09","guid":{"rendered":"https:\/\/habibimb.com\/?post_type=product&#038;p=2409"},"modified":"2025-05-15T07:32:26","modified_gmt":"2025-05-15T07:32:26","slug":"apa-de-parfum-goodness-oud-rouge-riiffs-femei-100ml","status":"publish","type":"product","link":"https:\/\/habibimb.com\/en\/product\/apa-de-parfum-goodness-oud-rouge-riiffs-femei-100ml\/","title":{"rendered":"Goodness Oud Rouge, Riiffs"},"content":{"rendered":"<h2>Descoperi\u021bi farmecul Oud Rouge<\/h2>\n<p>P\u0103\u0219e\u0219te \u00eentr-o lume a elegan\u021bei \u0219i rafinamentului cu Apa De Parfum Goodness Oud Rouge. Acest parfum rafinat de la Riiffs surprinde esen\u021ba luxului, f\u0103c\u00e2nd \u00een acela\u0219i timp o declara\u021bie \u00eendr\u0103znea\u021b\u0103 care persist\u0103 \u00een aer. Conceput pentru femeia modern\u0103, acest parfum \u00eencapsuleaz\u0103 un amestec unic de note bogate de oud armonizate cu un buchet de nuan\u021be florale \u0219i lemnoase, cre\u00e2nd o experien\u021b\u0103 olfactiv\u0103 cu adev\u0103rat memorabil\u0103.<\/p>\n<h2>O alegere perfect\u0103 pentru fiecare ocazie<\/h2>\n<p>Indiferent dac\u0103 participa\u021bi la un eveniment plin de farmec sau v\u0103 bucura\u021bi de o zi informal\u0103, Goodness Oud Rouge este \u00eenso\u021bitorul ideal. Profilul s\u0103u versatil v\u0103 asigur\u0103 c\u0103 \u00eel pute\u021bi purta zi sau noapte, f\u0103c\u00e2ndu-l un plus esen\u021bial pentru colec\u021bia dvs. Infuzat cu note de v\u00e2rf de fructe str\u0103lucitoare, urmate de o inim\u0103 de flori somptuoase \u0219i note de baz\u0103 profunde \u0219i r\u0103\u0219inoase, acest parfum ofer\u0103 o arom\u0103 captivant\u0103 care reflect\u0103 personalitatea ta \u00eencrez\u0103toare.<\/p>\n<h2>Experimenta\u021bi calitatea \u0219i elegan\u021ba<\/h2>\n<p>Fiecare sticl\u0103 de Apa De Parfum Goodness Oud Rouge con\u021bine 100 ml de parfum fin lucrat, perfect pentru un cadou generos sau un r\u0103sf\u0103\u021b pentru tine. Designul elegant \u0219i elegant al sticlei exemplific\u0103 estetica modern\u0103 \u0219i rafinamentul, f\u0103c\u00e2ndu-l un plus uimitor pentru orice vanitate. Angajamentul nostru fa\u021b\u0103 de calitate \u00eenseamn\u0103 c\u0103 investi\u021bi nu numai \u00eentr-un parfum uimitor, ci \u0219i \u00eentr-un produs conceput pentru a rezista, asigur\u00e2ndu-v\u0103 c\u0103 v\u0103 bucura\u021bi de aroma captivant\u0103 pe tot parcursul zilei.<\/p>\n<p>R\u0103sf\u0103\u021ba\u021bi-v\u0103 cu bog\u0103\u021bia Oud Rouge \u0219i l\u0103sa\u021bi fiecare pulverizare a acestui parfum \u00eenc\u00e2nt\u0103tor s\u0103 v\u0103 trezeasc\u0103 sim\u021burile, l\u0103s\u00e2nd o impresie de durat\u0103 oriunde a\u021bi merge. Experimenta\u021bi alura luxoas\u0103 a Riiffs ast\u0103zi!<\/p>","protected":false},"excerpt":{"rendered":"<p>Inspirat din Fame Paco Rabanne<\/p>\n<p>&nbsp;<\/p>\n<p><b>Note de varf<\/b>: Mango, Bergamota<br \/>\n<b>Note de mijloc<\/b>: Iasomie, Oliban<br \/>\n<b>Note de baza<\/b>: Vanilie, Lemn de Santal<\/p>","protected":false},"featured_media":2410,"comment_status":"open","ping_status":"closed","template":"","meta":{"om_disable_all_campaigns":false,"_monsterinsights_skip_tracking":false,"_monsterinsights_sitenote_active":false,"_monsterinsights_sitenote_note":"","_monsterinsights_sitenote_category":0},"product_brand":[73],"product_cat":[56],"product_tag":[],"class_list":{"0":"post-2409","1":"product","2":"type-product","3":"status-publish","4":"has-post-thumbnail","6":"product_brand-riiffs","7":"product_cat-pentru-ea","9":"first","10":"instock","11":"shipping-taxable","12":"purchasable","13":"product-type-simple"},"aioseo_notices":[],"ct_brands":[{"id":73,"name":"Riiffs","slug":"riiffs"}],"_links":{"self":[{"href":"https:\/\/habibimb.com\/en\/wp-json\/wp\/v2\/product\/2409","targetHints":{"allow":["GET"]}}],"collection":[{"href":"https:\/\/habibimb.com\/en\/wp-json\/wp\/v2\/product"}],"about":[{"href":"https:\/\/habibimb.com\/en\/wp-json\/wp\/v2\/types\/product"}],"replies":[{"embeddable":true,"href":"https:\/\/habibimb.com\/en\/wp-json\/wp\/v2\/comments?post=2409"}],"wp:featuredmedia":[{"embeddable":true,"href":"https:\/\/habibimb.com\/en\/wp-json\/wp\/v2\/media\/2410"}],"wp:attachment":[{"href":"https:\/\/habibimb.com\/en\/wp-json\/wp\/v2\/media?parent=2409"}],"wp:term":[{"taxonomy":"product_brand","embeddable":true,"href":"https:\/\/habibimb.com\/en\/wp-json\/wp\/v2\/product_brand?post=2409"},{"taxonomy":"product_cat","embeddable":true,"href":"https:\/\/habibimb.com\/en\/wp-json\/wp\/v2\/product_cat?post=2409"},{"taxonomy":"product_tag","embeddable":true,"href":"https:\/\/habibimb.com\/en\/wp-json\/wp\/v2\/product_tag?post=2409"}],"curies":[{"name":"wp","href":"https:\/\/api.w.org\/{rel}","templated":true}]}}