{"id":2406,"date":"2025-05-10T05:25:19","date_gmt":"2025-05-10T05:25:19","guid":{"rendered":"https:\/\/habibimb.com\/?post_type=product&#038;p=2406"},"modified":"2025-10-02T11:25:05","modified_gmt":"2025-10-02T11:25:05","slug":"apa-de-parfum-goodness-oud-blanc-riiffs-femei-100ml","status":"publish","type":"product","link":"https:\/\/habibimb.com\/en\/product\/apa-de-parfum-goodness-oud-blanc-riiffs-femei-100ml\/","title":{"rendered":"Goodness Oud Blanc, Riiffs"},"content":{"rendered":"<h2>Descoperi\u021bi farmecul Oud Blanc<\/h2>\n<p>Experimenteaz\u0103 un parfum care exemplific\u0103 luxul \u0219i rafinamentul &#8211; \u00ee\u021bi prezent\u0103m Apa De Parfum Goodness Oud Blanc de la Riiffs. Creat pentru femeia modern\u0103, acest parfum rafinat surprinde \u00eens\u0103\u0219i esen\u021ba elegan\u021bei, f\u0103c\u00e2ndu-l completarea perfect\u0103 pentru colec\u021bia ta de parfumuri. Cu fiecare pulverizare, e\u0219ti \u00eenv\u0103luit \u00eentr-un parfum la fel de bogat \u0219i complicat ca via\u021ba pe care o duci.<\/p>\n<h2>Un profil de parfum ca nimeni altul<\/h2>\n<p>Aroma Oud Blanc se desf\u0103\u0219oar\u0103 cu note de v\u00e2rf captivante care \u00ee\u021bi \u00eent\u00e2mpin\u0103 sim\u021burile, duc\u00e2nd la o inim\u0103 de flori luxuriante \u0219i condimente calde. Pe m\u0103sur\u0103 ce parfumul se a\u0219eaz\u0103, notele de baz\u0103 de oud profund \u0219i afumat creeaz\u0103 o impresie de durat\u0103 care persist\u0103 pe tot parcursul zilei. Nu este doar un miros; este un portret al personalit\u0103\u021bii tale &#8211; puternic\u0103, \u00eencrez\u0103toare \u0219i incontestabil gra\u021bioas\u0103. Perfect pentru toate ocaziile, acest parfum trece f\u0103r\u0103 probleme de la zi la noapte, ridic\u00e2ndu-\u021bi prezen\u021ba oriunde te-ai duce.<\/p>\n<h2>Perfect ambalat pentru cadouri sau r\u0103sf\u0103\u021b personal<\/h2>\n<p>Prezentat \u00eentr-o sticl\u0103 elegant\u0103 de 100 ml, Apa De Parfum Goodness Oud Blanc este un cadou uimitor pentru tine sau pentru o persoan\u0103 drag\u0103. Designul s\u0103u sofisticat \u0219i parfumul luxos \u00eel fac ideal pentru s\u0103rb\u0103tori, s\u0103rb\u0103tori sau pur \u0219i simplu pentru c\u0103. R\u0103sf\u0103\u021ba\u021bi-v\u0103 cu aceast\u0103 \u00eenc\u00e2ntare olfactiv\u0103 care promite s\u0103 v\u0103 \u00eembun\u0103t\u0103\u021beasc\u0103 rutina zilnic\u0103 \u0219i s\u0103 devin\u0103 un element de baz\u0103 \u00een regimul dumneavoastr\u0103 de \u00eenfrumuse\u021bare. \u00cembr\u0103\u021bi\u0219eaz\u0103 farmecul Oud Blanc \u0219i transform\u0103-\u021bi experien\u021ba parfumului.<\/p>","protected":false},"excerpt":{"rendered":"<p>Descoperi\u021bi farmecul Oud Blanc Experimenteaz\u0103 un parfum care exemplific\u0103 luxul \u0219i rafinamentul &#8211; \u00ee\u021bi prezent\u0103m Apa De Parfum Goodness Oud Blanc de la Riiffs. Creat pentru femeia modern\u0103, acest parfum rafinat surprinde \u00eens\u0103\u0219i esen\u021ba elegan\u021bei, f\u0103c\u00e2ndu-l completarea perfect\u0103 pentru colec\u021bia ta de parfumuri. Cu fiecare pulverizare, e\u0219ti \u00eenv\u0103luit \u00eentr-un parfum la fel de bogat \u0219i [&hellip;]<\/p>","protected":false},"featured_media":2408,"comment_status":"open","ping_status":"closed","template":"","meta":{"om_disable_all_campaigns":false,"_monsterinsights_skip_tracking":false,"_monsterinsights_sitenote_active":false,"_monsterinsights_sitenote_note":"","_monsterinsights_sitenote_category":0},"product_brand":[73],"product_cat":[56],"product_tag":[],"class_list":{"0":"post-2406","1":"product","2":"type-product","3":"status-publish","4":"has-post-thumbnail","6":"product_brand-riiffs","7":"product_cat-pentru-ea","9":"first","10":"outofstock","11":"shipping-taxable","12":"purchasable","13":"product-type-simple"},"aioseo_notices":[],"ct_brands":[{"id":73,"name":"Riiffs","slug":"riiffs"}],"_links":{"self":[{"href":"https:\/\/habibimb.com\/en\/wp-json\/wp\/v2\/product\/2406","targetHints":{"allow":["GET"]}}],"collection":[{"href":"https:\/\/habibimb.com\/en\/wp-json\/wp\/v2\/product"}],"about":[{"href":"https:\/\/habibimb.com\/en\/wp-json\/wp\/v2\/types\/product"}],"replies":[{"embeddable":true,"href":"https:\/\/habibimb.com\/en\/wp-json\/wp\/v2\/comments?post=2406"}],"wp:featuredmedia":[{"embeddable":true,"href":"https:\/\/habibimb.com\/en\/wp-json\/wp\/v2\/media\/2408"}],"wp:attachment":[{"href":"https:\/\/habibimb.com\/en\/wp-json\/wp\/v2\/media?parent=2406"}],"wp:term":[{"taxonomy":"product_brand","embeddable":true,"href":"https:\/\/habibimb.com\/en\/wp-json\/wp\/v2\/product_brand?post=2406"},{"taxonomy":"product_cat","embeddable":true,"href":"https:\/\/habibimb.com\/en\/wp-json\/wp\/v2\/product_cat?post=2406"},{"taxonomy":"product_tag","embeddable":true,"href":"https:\/\/habibimb.com\/en\/wp-json\/wp\/v2\/product_tag?post=2406"}],"curies":[{"name":"wp","href":"https:\/\/api.w.org\/{rel}","templated":true}]}}