{"id":2403,"date":"2025-05-09T16:58:43","date_gmt":"2025-05-09T16:58:43","guid":{"rendered":"https:\/\/habibimb.com\/?post_type=product&#038;p=2403"},"modified":"2025-05-15T07:32:26","modified_gmt":"2025-05-15T07:32:26","slug":"apa-de-parfum-incense-gold-riiffs-femei-100ml","status":"publish","type":"product","link":"https:\/\/habibimb.com\/en\/product\/apa-de-parfum-incense-gold-riiffs-femei-100ml\/","title":{"rendered":"Incense Gold, Riiffs"},"content":{"rendered":"<h2>Dezl\u0103n\u021buie esen\u021ba luxului<\/h2>\n<p>Descoperi\u021bi alura captivant\u0103 a <strong>Incense Gold Eau de Parfum<\/strong>, un parfum care \u00eentruchipeaz\u0103 rafinamentul \u0219i elegan\u021ba. Creat pentru femeia modern\u0103, acest parfum rafinat de la Riiffs transcende simplul parfum pentru a deveni o parte integrant\u0103 a personalit\u0103\u021bii tale. Cu un amestec de note bogate, Incense Gold v\u0103 invit\u0103 \u00eentr-o c\u0103l\u0103torie aromatic\u0103 care rezoneaz\u0103 cu puterea \u0219i individualitatea voastr\u0103 interioar\u0103.<\/p>\n<h2>Profilul \u0219i notele parfumului<\/h2>\n<p>Incense Gold este o compozi\u021bie magistral\u0103 care armonizeaz\u0103 notele de v\u00e2rf, de mijloc \u0219i de baz\u0103 pentru a crea un parfum unic echilibrat. Pulverizarea ini\u021bial\u0103 dezv\u0103luie note vibrante care aprind sim\u021burile, evolu\u00e2nd treptat \u00een note de inim\u0103 care ofer\u0103 profunzime \u0219i complexitate. \u00cen cele din urm\u0103, notele de baz\u0103 calde \u0219i primitoare r\u0103m\u00e2n pe piele, oferind o impresie de durat\u0103. Acest parfum este mai mult dec\u00e2t un simplu parfum; este o experien\u021b\u0103 care las\u0103 o amprent\u0103 de ne\u0219ters.<\/p>\n<h2>De ce s\u0103 alegi t\u0103m\u00e2ie aur?<\/h2>\n<p>Alegerea T\u0103m\u00e2iei Gold \u00eenseamn\u0103 s\u0103 \u00eembr\u0103\u021bi\u0219ezi un parfum care reflect\u0103 esen\u021ba ta unic\u0103. Flaconul de 100 ml are un design elegant, ceea ce \u00eel face nu numai un plus perfect pentru colec\u021bia ta de parfumuri, ci \u0219i o pies\u0103 atr\u0103g\u0103toare pentru toaleta ta. Versatilitatea sa \u00eei permite s\u0103 treac\u0103 f\u0103r\u0103 efort de la zi la noapte, f\u0103c\u00e2ndu-l potrivit pentru orice ocazie, de la \u00eent\u00e2lniri de birou la ie\u0219iri de sear\u0103. Cu promisiunea de calitate a lui Riiffs, pute\u021bi avea \u00eencredere c\u0103 Incense Gold v\u0103 va oferi o experien\u021b\u0103 olfactiv\u0103 de lung\u0103 durat\u0103 \u0219i memorabil\u0103, care v\u0103 eviden\u021biaz\u0103 rafinamentul.<\/p>\n<p>R\u0103sf\u0103\u021ba\u021bi-v\u0103 cu un parfum care capteaz\u0103 aten\u021bia \u0219i v\u0103 complimenteaz\u0103 aura. P\u0103\u0219i\u021bi \u00eentr-o lume a elegan\u021bei cu parfumul unic de <strong>Incense Gold Eau de Parfum<\/strong> \u0219i l\u0103sa\u021bi-v\u0103 sim\u021bit\u0103 prezen\u021ba din momentul \u00een care intra\u021bi \u00eentr-o camer\u0103.<\/p>","protected":false},"excerpt":{"rendered":"<p>Dezl\u0103n\u021buie esen\u021ba luxului Descoperi\u021bi alura captivant\u0103 a Incense Gold Eau de Parfum, un parfum care \u00eentruchipeaz\u0103 rafinamentul \u0219i elegan\u021ba. Creat pentru femeia modern\u0103, acest parfum rafinat de la Riiffs transcende simplul parfum pentru a deveni o parte integrant\u0103 a personalit\u0103\u021bii tale. Cu un amestec de note bogate, Incense Gold v\u0103 invit\u0103 \u00eentr-o c\u0103l\u0103torie aromatic\u0103 care [&hellip;]<\/p>","protected":false},"featured_media":2405,"comment_status":"open","ping_status":"closed","template":"","meta":{"om_disable_all_campaigns":false,"_monsterinsights_skip_tracking":false,"_monsterinsights_sitenote_active":false,"_monsterinsights_sitenote_note":"","_monsterinsights_sitenote_category":0},"product_brand":[73],"product_cat":[56],"product_tag":[],"class_list":{"0":"post-2403","1":"product","2":"type-product","3":"status-publish","4":"has-post-thumbnail","6":"product_brand-riiffs","7":"product_cat-pentru-ea","9":"first","10":"instock","11":"shipping-taxable","12":"purchasable","13":"product-type-simple"},"aioseo_notices":[],"ct_brands":[{"id":73,"name":"Riiffs","slug":"riiffs"}],"_links":{"self":[{"href":"https:\/\/habibimb.com\/en\/wp-json\/wp\/v2\/product\/2403","targetHints":{"allow":["GET"]}}],"collection":[{"href":"https:\/\/habibimb.com\/en\/wp-json\/wp\/v2\/product"}],"about":[{"href":"https:\/\/habibimb.com\/en\/wp-json\/wp\/v2\/types\/product"}],"replies":[{"embeddable":true,"href":"https:\/\/habibimb.com\/en\/wp-json\/wp\/v2\/comments?post=2403"}],"wp:featuredmedia":[{"embeddable":true,"href":"https:\/\/habibimb.com\/en\/wp-json\/wp\/v2\/media\/2405"}],"wp:attachment":[{"href":"https:\/\/habibimb.com\/en\/wp-json\/wp\/v2\/media?parent=2403"}],"wp:term":[{"taxonomy":"product_brand","embeddable":true,"href":"https:\/\/habibimb.com\/en\/wp-json\/wp\/v2\/product_brand?post=2403"},{"taxonomy":"product_cat","embeddable":true,"href":"https:\/\/habibimb.com\/en\/wp-json\/wp\/v2\/product_cat?post=2403"},{"taxonomy":"product_tag","embeddable":true,"href":"https:\/\/habibimb.com\/en\/wp-json\/wp\/v2\/product_tag?post=2403"}],"curies":[{"name":"wp","href":"https:\/\/api.w.org\/{rel}","templated":true}]}}