{"id":2400,"date":"2025-05-09T16:55:06","date_gmt":"2025-05-09T16:55:06","guid":{"rendered":"https:\/\/habibimb.com\/?post_type=product&#038;p=2400"},"modified":"2025-05-15T07:32:26","modified_gmt":"2025-05-15T07:32:26","slug":"apa-de-parfum-honour-pour-homme-riiffs-barbati-100ml","status":"publish","type":"product","link":"https:\/\/habibimb.com\/en\/product\/apa-de-parfum-honour-pour-homme-riiffs-barbati-100ml\/","title":{"rendered":"Honour Pour Homme, Riiffs"},"content":{"rendered":"<p>Descoper\u0103 alura captivant\u0103 a <strong>Apa De Parfum Honour Pour Homme<\/strong> de la Riiffs. Acest parfum de lux a fost creat meticulos pentru b\u0103rbatul modern care este \u00eencrez\u0103tor \u00een stilul s\u0103u \u0219i cunoa\u0219te puterea primei impresii. Cu amestecul s\u0103u complicat de note, acest parfum este conceput nu doar pentru a parfuma, ci \u0219i pentru a-\u021bi spori prezen\u021ba, f\u0103c\u00e2ndu-l un plus esen\u021bial pentru rutina ta zilnic\u0103.<\/p>\n<h2>Note de parfum: o c\u0103l\u0103torie senzorial\u0103<\/h2>\n<p>\u00cen centrul experien\u021bei Honour Pour Homme se afl\u0103 o compozi\u021bie unic\u0103 care \u00eembin\u0103 elemente \u00eendr\u0103zne\u021be \u0219i subtile. Notele de v\u00e2rf izbucnesc cu citrice vibrante, trezind sim\u021burile \u0219i oferind un \u00eenceput revigorant. Pe m\u0103sur\u0103 ce se a\u0219eaz\u0103, apar note de inim\u0103 cu accente florale \u0219i picante, cre\u00e2nd un mijloc sofisticat care captiveaz\u0103 \u0219i intrig\u0103. \u00cen cele din urm\u0103, notele de baz\u0103 de lemn cald \u0219i chihlimbar bogat ofer\u0103 un final de lung\u0103 durat\u0103, asigur\u00e2ndu-v\u0103 c\u0103 l\u0103sa\u021bi o urm\u0103 memorabil\u0103 oriunde merge\u021bi.<\/p>\n<h2>Perfect pentru orice ocazie<\/h2>\n<p>Aceast\u0103 sticl\u0103 de 100 ml de Apa De Parfum Honour Pour Homme este \u00eenso\u021bitorul perfect pentru fiecare aspect al vie\u021bii. Fie c\u0103 te \u00eendrep\u021bi spre un eveniment formal, te bucuri de o sear\u0103 cu prietenii sau pur \u0219i simplu \u00ee\u021bi desf\u0103\u0219ori activit\u0103\u021bile zilnice, acest parfum se adapteaz\u0103 perfect la orice ambian\u021b\u0103. Versatilitatea sa \u00eel face o alegere excelent\u0103 pentru birou, cine romantice sau ie\u0219iri casual. Cu doar c\u00e2teva spray-uri, po\u021bi \u00eentruchipa \u00eencrederea \u0219i farmecul \u00een fiecare zi a s\u0103pt\u0103m\u00e2nii.<\/p>\n<h2>Ambalaje care vorbesc despre elegan\u021b\u0103<\/h2>\n<p>Prezentarea Honour Pour Homme este la fel de rafinat\u0103 ca \u0219i parfumul \u00een sine. Sticla cu design elegant reflect\u0103 rafinamentul modern, f\u0103c\u00e2ndu-l un plus uimitor pentru colec\u021bia ta de parfumuri sau un cadou atent pentru cineva special. Designul s\u0103u elegant \u0219i masculin asigur\u0103 c\u0103 arat\u0103 grozav pe chiuvet\u0103, combin\u00e2nd stilul cu func\u021bionalitatea.<\/p>\n<p>Investe\u0219te \u00een prezen\u021ba ta cu <strong>Apa De Parfum Honour Pour Homme<\/strong> de la Riiffs. Acest parfum rafinat nu numai c\u0103 v\u0103 completeaz\u0103 stilul personal, dar v\u0103 \u00eembun\u0103t\u0103\u021be\u0219te \u0219i experien\u021bele de zi cu zi. Nu rata\u021bi ocazia de a v\u0103 ridica esen\u021ba &#8211; ad\u0103uga\u021bi acest parfum remarcabil la colec\u021bia dvs.<\/p>","protected":false},"excerpt":{"rendered":"<p><strong>Note de v\u00e2rf:<\/strong> Grapefruit, Lamaie, Menta, Piper roz, Bergamota, Coriandru;<\/p>\n<p><strong>Note de mijloc:<\/strong> Ghimbir, Nucsoara, Iasomie, Pepene;<\/p>\n<p><strong>Note de baz\u0103:<\/strong>\u00a0Tamaie, Ambra, Lemn de cedru, Lemn de santal, Patchouli, Labdanum.<\/p>","protected":false},"featured_media":2402,"comment_status":"open","ping_status":"closed","template":"","meta":{"om_disable_all_campaigns":false,"_monsterinsights_skip_tracking":false,"_monsterinsights_sitenote_active":false,"_monsterinsights_sitenote_note":"","_monsterinsights_sitenote_category":0},"product_brand":[73],"product_cat":[55],"product_tag":[],"class_list":{"0":"post-2400","1":"product","2":"type-product","3":"status-publish","4":"has-post-thumbnail","6":"product_brand-riiffs","7":"product_cat-pentru-el","9":"first","10":"instock","11":"shipping-taxable","12":"purchasable","13":"product-type-simple"},"aioseo_notices":[],"ct_brands":[{"id":73,"name":"Riiffs","slug":"riiffs"}],"_links":{"self":[{"href":"https:\/\/habibimb.com\/en\/wp-json\/wp\/v2\/product\/2400","targetHints":{"allow":["GET"]}}],"collection":[{"href":"https:\/\/habibimb.com\/en\/wp-json\/wp\/v2\/product"}],"about":[{"href":"https:\/\/habibimb.com\/en\/wp-json\/wp\/v2\/types\/product"}],"replies":[{"embeddable":true,"href":"https:\/\/habibimb.com\/en\/wp-json\/wp\/v2\/comments?post=2400"}],"wp:featuredmedia":[{"embeddable":true,"href":"https:\/\/habibimb.com\/en\/wp-json\/wp\/v2\/media\/2402"}],"wp:attachment":[{"href":"https:\/\/habibimb.com\/en\/wp-json\/wp\/v2\/media?parent=2400"}],"wp:term":[{"taxonomy":"product_brand","embeddable":true,"href":"https:\/\/habibimb.com\/en\/wp-json\/wp\/v2\/product_brand?post=2400"},{"taxonomy":"product_cat","embeddable":true,"href":"https:\/\/habibimb.com\/en\/wp-json\/wp\/v2\/product_cat?post=2400"},{"taxonomy":"product_tag","embeddable":true,"href":"https:\/\/habibimb.com\/en\/wp-json\/wp\/v2\/product_tag?post=2400"}],"curies":[{"name":"wp","href":"https:\/\/api.w.org\/{rel}","templated":true}]}}