{"id":2397,"date":"2025-05-09T16:51:36","date_gmt":"2025-05-09T16:51:36","guid":{"rendered":"https:\/\/habibimb.com\/?post_type=product&#038;p=2397"},"modified":"2025-05-15T07:32:26","modified_gmt":"2025-05-15T07:32:26","slug":"apa-de-parfum-extreme-amber-louis-varel-femei-100ml","status":"publish","type":"product","link":"https:\/\/habibimb.com\/en\/product\/apa-de-parfum-extreme-amber-louis-varel-femei-100ml\/","title":{"rendered":"Extreme Amber, Louis Varel"},"content":{"rendered":"<h2>R\u0103sf\u0103\u021ba\u021bi-v\u0103 cu esen\u021ba luxului<\/h2>\n<p>Experimenta\u021bi alura captivant\u0103 a Apa De Parfum Extreme Amber de Louis Varel. Acest parfum rafinat pentru femei este conceput pentru cei care apreciaz\u0103 lucrurile mai bune din via\u021b\u0103. Realizat cu un amestec unic de arome, ofer\u0103 o arom\u0103 care rezoneaz\u0103 cu elegan\u021b\u0103 \u0219i rafinament. Indiferent dac\u0103 v\u0103 \u00eembr\u0103ca\u021bi pentru o ie\u0219ire casual sau pentru un eveniment extravagant, acest parfum promite s\u0103 v\u0103 sporeasc\u0103 prezen\u021ba \u0219i s\u0103 lase o impresie de durat\u0103.<\/p>\n<h2>Un profil de parfum captivant<\/h2>\n<p>Apa De Parfum Extreme Amber prezint\u0103 un amestec bogat \u0219i complex care evoc\u0103 un sentiment de mister \u0219i alur\u0103. Notele de deschidere sunt vibrante \u0219i pline de via\u021b\u0103, introduc\u00e2nd purt\u0103torul \u00eentr-o experien\u021b\u0103 aromatic\u0103 proasp\u0103t\u0103, dar profund\u0103. Pe m\u0103sur\u0103 ce parfumul se desf\u0103\u0219oar\u0103, ve\u021bi descoperi chihlimbar cald \u00eempletit cu nuan\u021be florale subtile, cre\u00e2nd un echilibru armonios care este at\u00e2t reconfortant, c\u00e2t \u0219i primitor. Acest parfum cu mai multe fa\u021bete trece frumos pe tot parcursul zilei, f\u0103c\u00e2ndu-l ideal pentru orice ocazie.<\/p>\n<h2>Cadoul perfect pentru orice ocazie<\/h2>\n<p>Cau\u021bi un cadou atent? Apa De Parfum Extreme Amber este o alegere atemporal\u0103 pentru zile de na\u0219tere, anivers\u0103ri sau s\u0103rb\u0103tori speciale. Sticla sa frumos proiectat\u0103 reflect\u0103 parfumul luxos p\u0103strat \u00een interior, f\u0103c\u00e2ndu-l un plus uimitor pentru orice dulap. R\u0103sf\u0103\u021ba\u021bi-v\u0103 sau \u00eenc\u00e2nta\u021bi pe cineva special cu acest parfum \u00eenc\u00e2nt\u0103tor care va deveni cu siguran\u021b\u0103 un parfum \u00eendr\u0103git.<\/p>","protected":false},"excerpt":{"rendered":"<p>Note de varf: Bergamota, Caramel;<\/p>\n<p>Note de mijloc: Paciuli, Trandafir, Lily of the Valley (Lacramioare);<\/p>\n<p>Note de baza: boabe de fasole Tonka, Vanilie, Ambra, Mosc.<\/p>","protected":false},"featured_media":2399,"comment_status":"open","ping_status":"closed","template":"","meta":{"om_disable_all_campaigns":false,"_monsterinsights_skip_tracking":false,"_monsterinsights_sitenote_active":false,"_monsterinsights_sitenote_note":"","_monsterinsights_sitenote_category":0},"product_brand":[67],"product_cat":[56],"product_tag":[],"class_list":{"0":"post-2397","1":"product","2":"type-product","3":"status-publish","4":"has-post-thumbnail","6":"product_brand-louis-varel","7":"product_cat-pentru-ea","9":"first","10":"instock","11":"shipping-taxable","12":"purchasable","13":"product-type-simple"},"aioseo_notices":[],"ct_brands":[{"id":67,"name":"Louis Varel","slug":"louis-varel"}],"_links":{"self":[{"href":"https:\/\/habibimb.com\/en\/wp-json\/wp\/v2\/product\/2397","targetHints":{"allow":["GET"]}}],"collection":[{"href":"https:\/\/habibimb.com\/en\/wp-json\/wp\/v2\/product"}],"about":[{"href":"https:\/\/habibimb.com\/en\/wp-json\/wp\/v2\/types\/product"}],"replies":[{"embeddable":true,"href":"https:\/\/habibimb.com\/en\/wp-json\/wp\/v2\/comments?post=2397"}],"wp:featuredmedia":[{"embeddable":true,"href":"https:\/\/habibimb.com\/en\/wp-json\/wp\/v2\/media\/2399"}],"wp:attachment":[{"href":"https:\/\/habibimb.com\/en\/wp-json\/wp\/v2\/media?parent=2397"}],"wp:term":[{"taxonomy":"product_brand","embeddable":true,"href":"https:\/\/habibimb.com\/en\/wp-json\/wp\/v2\/product_brand?post=2397"},{"taxonomy":"product_cat","embeddable":true,"href":"https:\/\/habibimb.com\/en\/wp-json\/wp\/v2\/product_cat?post=2397"},{"taxonomy":"product_tag","embeddable":true,"href":"https:\/\/habibimb.com\/en\/wp-json\/wp\/v2\/product_tag?post=2397"}],"curies":[{"name":"wp","href":"https:\/\/api.w.org\/{rel}","templated":true}]}}