{"id":2375,"date":"2025-05-09T14:31:59","date_gmt":"2025-05-09T14:31:59","guid":{"rendered":"https:\/\/habibimb.com\/?post_type=product&#038;p=2375"},"modified":"2025-05-15T07:32:26","modified_gmt":"2025-05-15T07:32:26","slug":"apa-de-parfum-velocity-for-him-fragrance-world-barbati-100ml","status":"publish","type":"product","link":"https:\/\/habibimb.com\/en\/product\/apa-de-parfum-velocity-for-him-fragrance-world-barbati-100ml\/","title":{"rendered":"Velocity For Him, Fragrance World"},"content":{"rendered":"<h2>Dezl\u0103n\u021buie-\u021bi sim\u021burile cu vitez\u0103<\/h2>\n<p>V\u0103 prezent\u0103m Apa De Parfum Velocity For Him de la Fragrance World, un parfum captivant conceput pentru omul modern. Conceput\u0103 pentru a-\u021bi spori prezen\u021ba, aceast\u0103 sticl\u0103 de parfum de 100 ml este mai mult dec\u00e2t un parfum &#8211; este o alegere de stil de via\u021b\u0103. Cu fiecare pulverizare, \u00eembr\u0103\u021bi\u0219eaz\u0103 un v\u00e2rtej de mirosuri proaspete care surprind esen\u021ba unei vie\u021bi \u00eencrez\u0103toare \u0219i dinamice.<\/p>\n<h2>Un amestec distinctiv de note<\/h2>\n<p>Velocity se deschide cu note de v\u00e2rf vibrante care revigoreaz\u0103 sim\u021burile, \u00eembin\u00e2nd prospe\u021bimea citric\u0103 cu nuan\u021be picante. Pe m\u0103sur\u0103 ce parfumul se dezvolt\u0103, notele de mijloc dezv\u0103luie o inim\u0103 bogat\u0103 \u00een condimente aromate \u0219i flori subtile, cre\u00e2nd o alur\u0103 irezistibil\u0103. Notele de baz\u0103 de lemn cald \u0219i mosc ofer\u0103 profunzime de durat\u0103, asigur\u00e2ndu-v\u0103 c\u0103 l\u0103sa\u021bi o impresie memorabil\u0103 oriunde merge\u021bi. Aceast\u0103 evolu\u021bie intrigant\u0103 a notelor face din Apa De Parfum Velocity For Him o alegere remarcabil\u0103 pentru orice ocazie.<\/p>\n<h2>Calitate \u00een care po\u021bi avea \u00eencredere<\/h2>\n<p>Fragrance World se m\u00e2ndre\u0219te cu crearea de parfumuri de \u00eenalt\u0103 calitate care \u00eentruchipeaz\u0103 elegan\u021ba \u0219i rafinamentul. Apa De Parfum Velocity For Him nu face excep\u021bie. G\u0103zduit \u00eentr-o sticl\u0103 cu design elegant, acest parfum este perfect pentru cei care apreciaz\u0103 luxul subtil. Indiferent dac\u0103 te \u00eendrep\u021bi spre serviciu, o ie\u0219ire casual sau un eveniment de sear\u0103, parfumul s\u0103u versatil se adapteaz\u0103 f\u0103r\u0103 efort la orice scenariu, permi\u021b\u00e2ndu-\u021bi s\u0103-\u021bi exprimi individualitatea.<\/p>\n<p>Nu numai c\u0103 acest parfum ofer\u0103 o experien\u021b\u0103 aromatic\u0103 excep\u021bional\u0103, dar formula sa de lung\u0103 durat\u0103 v\u0103 asigur\u0103 c\u0103 r\u0103m\u00e2ne\u021bi proasp\u0103t ore \u00eentregi. Perfect pentru toate anotimpurile, Velocity este un plus esen\u021bial pentru trusa de \u00eengrijire a oric\u0103rui b\u0103rbat. R\u0103sf\u0103\u021ba\u021bi-v\u0103 cu acest parfum \u0219i bucura\u021bi-v\u0103 de complimentele care v\u0103 vin \u00een cale.<\/p>","protected":false},"excerpt":{"rendered":"<p><strong>Note de v\u00e2rf:<\/strong> piper negru, lavanda, cardamom.<\/p>\n<p><strong>Note de mijloc:<\/strong> t\u0103m\u00e2ie, paciuli.<\/p>\n<p><strong>Note de baz\u0103:<\/strong>\u00a0vanilie, boabe de tonka.<\/p>","protected":false},"featured_media":2377,"comment_status":"open","ping_status":"closed","template":"","meta":{"om_disable_all_campaigns":false,"_monsterinsights_skip_tracking":false,"_monsterinsights_sitenote_active":false,"_monsterinsights_sitenote_note":"","_monsterinsights_sitenote_category":0},"product_brand":[61],"product_cat":[55],"product_tag":[],"class_list":{"0":"post-2375","1":"product","2":"type-product","3":"status-publish","4":"has-post-thumbnail","6":"product_brand-fragance-world","7":"product_cat-pentru-el","9":"first","10":"instock","11":"shipping-taxable","12":"purchasable","13":"product-type-simple"},"aioseo_notices":[],"ct_brands":[{"id":61,"name":"Fragrance World","slug":"fragance-world"}],"_links":{"self":[{"href":"https:\/\/habibimb.com\/en\/wp-json\/wp\/v2\/product\/2375","targetHints":{"allow":["GET"]}}],"collection":[{"href":"https:\/\/habibimb.com\/en\/wp-json\/wp\/v2\/product"}],"about":[{"href":"https:\/\/habibimb.com\/en\/wp-json\/wp\/v2\/types\/product"}],"replies":[{"embeddable":true,"href":"https:\/\/habibimb.com\/en\/wp-json\/wp\/v2\/comments?post=2375"}],"wp:featuredmedia":[{"embeddable":true,"href":"https:\/\/habibimb.com\/en\/wp-json\/wp\/v2\/media\/2377"}],"wp:attachment":[{"href":"https:\/\/habibimb.com\/en\/wp-json\/wp\/v2\/media?parent=2375"}],"wp:term":[{"taxonomy":"product_brand","embeddable":true,"href":"https:\/\/habibimb.com\/en\/wp-json\/wp\/v2\/product_brand?post=2375"},{"taxonomy":"product_cat","embeddable":true,"href":"https:\/\/habibimb.com\/en\/wp-json\/wp\/v2\/product_cat?post=2375"},{"taxonomy":"product_tag","embeddable":true,"href":"https:\/\/habibimb.com\/en\/wp-json\/wp\/v2\/product_tag?post=2375"}],"curies":[{"name":"wp","href":"https:\/\/api.w.org\/{rel}","templated":true}]}}