{"id":2317,"date":"2025-05-03T10:19:02","date_gmt":"2025-05-03T10:19:02","guid":{"rendered":"https:\/\/habibimb.com\/?post_type=product&#038;p=2317"},"modified":"2025-09-20T07:29:45","modified_gmt":"2025-09-20T07:29:45","slug":"apa-de-parfum-wonder-of-you-riiffs-femei-100ml","status":"publish","type":"product","link":"https:\/\/habibimb.com\/en\/product\/apa-de-parfum-wonder-of-you-riiffs-femei-100ml\/","title":{"rendered":"Wonder Of You, Riiffs"},"content":{"rendered":"<h2>Dezl\u0103n\u021buie-\u021bi minunea interioar\u0103<\/h2>\n<p>Apa De Parfum Wonder Of You de Riiffs este mai mult dec\u00e2t un parfum; Este o invita\u021bie de a-\u021bi descoperi esen\u021ba personal\u0103. Creat pentru femeia modern\u0103 care \u00eentruchipeaz\u0103 elegan\u021ba \u0219i \u00eencrederea, acest parfum de 100 ml captiveaz\u0103 sim\u021burile \u0219i transform\u0103 momentele obi\u0219nuite \u00een amintiri extraordinare. Indiferent dac\u0103 v\u0103 afla\u021bi la un eveniment special sau v\u0103 bucura\u021bi de o ie\u0219ire de zi cu zi, acest parfum v\u0103 asigur\u0103 c\u0103 l\u0103sa\u021bi o impresie de durat\u0103.<\/p>\n<h2>Profilul parfumului<\/h2>\n<p>Wonder Of You se deschide cu un strop vibrant de note florale \u0219i fructate care evoc\u0103 un sentiment de prospe\u021bime \u0219i vitalitate. Pe m\u0103sur\u0103 ce parfumul se desf\u0103\u0219oar\u0103, ve\u021bi experimenta o inim\u0103 de flori delicate \u00eempletite cu condimente subtile, cre\u00e2nd un farmec irezistibil. Notele de baz\u0103 prezint\u0103 un amestec cald \u0219i senzual de chihlimbar \u0219i lemn, asigur\u00e2nd o arom\u0103 de lung\u0103 durat\u0103 care persist\u0103 \u00eenc\u00e2nt\u0103tor pe tot parcursul zilei. Aceast\u0103 c\u0103l\u0103torie olfactiv\u0103 unic\u0103 \u00eel face perfect pentru orice ocazie, ridic\u00e2ndu-\u021bi starea de spirit \u0219i sporindu-\u021bi alura natural\u0103.<\/p>\n<h2>Cadoul perfect pentru fiecare ocazie<\/h2>\n<p>Cau\u021bi cadoul ideal pentru o persoan\u0103 drag\u0103? Wonder Of You este o alegere versatil\u0103 care atrage femeile de toate v\u00e2rstele. Ambalajul s\u0103u elegant, combinat cu parfumul captivant, \u00eel face un cadou minunat pentru zile de na\u0219tere, anivers\u0103ri sau pur \u0219i simplu pentru a-\u021bi ar\u0103ta pasul. R\u0103sf\u0103\u021ba\u021bi-v\u0103 pe dumneavoastr\u0103 sau pe cineva special cu acest parfum rafinat \u0219i s\u0103rb\u0103tori\u021bi darul individualit\u0103\u021bii. \u00cembr\u0103\u021bi\u0219eaz\u0103 farmecul Wonder Of You \u0219i adaug\u0103 o not\u0103 de magie rutinei tale zilnice.<\/p>","protected":false},"excerpt":{"rendered":"<p>Inspirat din Because It&#8217;s You\u00a0Armani<\/p>\n<p>Note de v\u00e2rf: Coacaza Negre, Lavanda, Mandarina<br \/>\nNote de mijloc: Iasomie, Portocala<br \/>\nNote de baz\u0103: Ambra Cenusie, Lemn de Cedru, Mosc, Vanilie<\/p>","protected":false},"featured_media":2319,"comment_status":"open","ping_status":"closed","template":"","meta":{"om_disable_all_campaigns":false,"_monsterinsights_skip_tracking":false,"_monsterinsights_sitenote_active":false,"_monsterinsights_sitenote_note":"","_monsterinsights_sitenote_category":0},"product_brand":[73],"product_cat":[56],"product_tag":[],"class_list":{"0":"post-2317","1":"product","2":"type-product","3":"status-publish","4":"has-post-thumbnail","6":"product_brand-riiffs","7":"product_cat-pentru-ea","9":"first","10":"outofstock","11":"shipping-taxable","12":"purchasable","13":"product-type-simple"},"aioseo_notices":[],"ct_brands":[{"id":73,"name":"Riiffs","slug":"riiffs"}],"_links":{"self":[{"href":"https:\/\/habibimb.com\/en\/wp-json\/wp\/v2\/product\/2317","targetHints":{"allow":["GET"]}}],"collection":[{"href":"https:\/\/habibimb.com\/en\/wp-json\/wp\/v2\/product"}],"about":[{"href":"https:\/\/habibimb.com\/en\/wp-json\/wp\/v2\/types\/product"}],"replies":[{"embeddable":true,"href":"https:\/\/habibimb.com\/en\/wp-json\/wp\/v2\/comments?post=2317"}],"wp:featuredmedia":[{"embeddable":true,"href":"https:\/\/habibimb.com\/en\/wp-json\/wp\/v2\/media\/2319"}],"wp:attachment":[{"href":"https:\/\/habibimb.com\/en\/wp-json\/wp\/v2\/media?parent=2317"}],"wp:term":[{"taxonomy":"product_brand","embeddable":true,"href":"https:\/\/habibimb.com\/en\/wp-json\/wp\/v2\/product_brand?post=2317"},{"taxonomy":"product_cat","embeddable":true,"href":"https:\/\/habibimb.com\/en\/wp-json\/wp\/v2\/product_cat?post=2317"},{"taxonomy":"product_tag","embeddable":true,"href":"https:\/\/habibimb.com\/en\/wp-json\/wp\/v2\/product_tag?post=2317"}],"curies":[{"name":"wp","href":"https:\/\/api.w.org\/{rel}","templated":true}]}}