{"id":2313,"date":"2025-05-03T10:15:51","date_gmt":"2025-05-03T10:15:51","guid":{"rendered":"https:\/\/habibimb.com\/?post_type=product&#038;p=2313"},"modified":"2026-04-03T09:47:09","modified_gmt":"2026-04-03T09:47:09","slug":"apa-de-parfum-bella-rouge-riiffs-femei-100ml","status":"publish","type":"product","link":"https:\/\/habibimb.com\/en\/product\/apa-de-parfum-bella-rouge-riiffs-femei-100ml\/","title":{"rendered":"Bella Rouge, Riiffs"},"content":{"rendered":"<h2>\u00cembr\u0103\u021bi\u0219eaz\u0103 elegan\u021ba \u0219i rafinamentul<\/h2>\n<p>Descoper\u0103 alura \u00eenc\u00e2nt\u0103toare a Apa de Parfum Bella Rouge de la Riiffs, conceput\u0103 pentru femeia modern\u0103 care \u00eentruchipeaz\u0103 \u00eencrederea \u0219i gra\u021bia. Acest parfum rafinat ofer\u0103 un echilibru delicat de note florale \u0219i fructate, cre\u00e2nd un parfum irezistibil care captiveaz\u0103 sim\u021burile. Indiferent dac\u0103 v\u0103 \u00eendrepta\u021bi spre o ie\u0219ire casual sau un eveniment formal, Bella Rouge v\u0103 ridic\u0103 prezen\u021ba cu aroma sa captivant\u0103.<\/p>\n<h2>Un parfum care \u00ee\u021bi spune povestea<\/h2>\n<p>Apa de Parfum Bella Rouge nu este doar un parfum; este o experien\u021b\u0103. Notele de v\u00e2rf izbucnesc cu fructe vibrante care \u00ee\u021bi trezesc sim\u021burile, \u00een timp ce inima dezv\u0103luie un buchet elegant de flori care \u00eentruchipeaz\u0103 esen\u021ba feminit\u0103\u021bii. Notele de baz\u0103 ofer\u0103 un final cald \u0219i senzual, l\u0103s\u00e2nd o impresie de durat\u0103 oriunde mergi. Aceast\u0103 compozi\u021bie atent realizat\u0103 asigur\u0103 c\u0103 fiecare spritz spune multe despre personalitatea ta unic\u0103.<\/p>\n<h2>Perfect pentru orice ocazie<\/h2>\n<p>Conceput pentru femeile care apreciaz\u0103 rafinamentul, Bella Rouge este suficient de versatil pentru a completa orice ocazie. Fie c\u0103 e\u0219ti la serviciu, te bucuri de o noapte \u00een ora\u0219 sau participi la o s\u0103rb\u0103toare special\u0103, acest parfum de 100 ml adaug\u0103 o not\u0103 de lux zilei tale. Sticla frumos proiectat\u0103 nu numai c\u0103 g\u0103zduie\u0219te acest parfum luxos, dar ofer\u0103 \u0219i un afi\u0219aj uimitor pe toalet\u0103. R\u0103sf\u0103\u021ba\u021bi-v\u0103 cu elegan\u021ba Apa de Parfum Bella Rouge \u0219i l\u0103sa\u021bi parfumul s\u0103 spun\u0103 o poveste de \u00eencredere \u0219i farmec.<\/p>","protected":false},"excerpt":{"rendered":"<p>Inspirat din Coco Mademoiselle\u00a0Chanel<\/p>\n<p><strong>Note de v\u00e2rf:<\/strong> Bergamot\u0103, Portocal\u0103;<\/p>\n<p><strong>Note de mijloc:<\/strong> Trandafir, Bujor;<\/p>\n<p><strong>Note de baz\u0103:<\/strong>\u00a0Patchouli, Ambr\u0103, Mosc.<\/p>","protected":false},"featured_media":2315,"comment_status":"open","ping_status":"closed","template":"","meta":{"om_disable_all_campaigns":false,"_monsterinsights_skip_tracking":false,"_monsterinsights_sitenote_active":false,"_monsterinsights_sitenote_note":"","_monsterinsights_sitenote_category":0},"product_brand":[73],"product_cat":[56],"product_tag":[],"class_list":{"0":"post-2313","1":"product","2":"type-product","3":"status-publish","4":"has-post-thumbnail","6":"product_brand-riiffs","7":"product_cat-pentru-ea","9":"first","10":"instock","11":"shipping-taxable","12":"purchasable","13":"product-type-simple"},"aioseo_notices":[],"ct_brands":[{"id":73,"name":"Riiffs","slug":"riiffs"}],"_links":{"self":[{"href":"https:\/\/habibimb.com\/en\/wp-json\/wp\/v2\/product\/2313","targetHints":{"allow":["GET"]}}],"collection":[{"href":"https:\/\/habibimb.com\/en\/wp-json\/wp\/v2\/product"}],"about":[{"href":"https:\/\/habibimb.com\/en\/wp-json\/wp\/v2\/types\/product"}],"replies":[{"embeddable":true,"href":"https:\/\/habibimb.com\/en\/wp-json\/wp\/v2\/comments?post=2313"}],"wp:featuredmedia":[{"embeddable":true,"href":"https:\/\/habibimb.com\/en\/wp-json\/wp\/v2\/media\/2315"}],"wp:attachment":[{"href":"https:\/\/habibimb.com\/en\/wp-json\/wp\/v2\/media?parent=2313"}],"wp:term":[{"taxonomy":"product_brand","embeddable":true,"href":"https:\/\/habibimb.com\/en\/wp-json\/wp\/v2\/product_brand?post=2313"},{"taxonomy":"product_cat","embeddable":true,"href":"https:\/\/habibimb.com\/en\/wp-json\/wp\/v2\/product_cat?post=2313"},{"taxonomy":"product_tag","embeddable":true,"href":"https:\/\/habibimb.com\/en\/wp-json\/wp\/v2\/product_tag?post=2313"}],"curies":[{"name":"wp","href":"https:\/\/api.w.org\/{rel}","templated":true}]}}