{"id":2310,"date":"2025-05-03T10:13:39","date_gmt":"2025-05-03T10:13:39","guid":{"rendered":"https:\/\/habibimb.com\/?post_type=product&#038;p=2310"},"modified":"2025-05-15T07:32:26","modified_gmt":"2025-05-15T07:32:26","slug":"apa-de-parfum-cafe-noir-riiffs-barbati-100ml","status":"publish","type":"product","link":"https:\/\/habibimb.com\/en\/product\/apa-de-parfum-cafe-noir-riiffs-barbati-100ml\/","title":{"rendered":"Cafe Noir, Riiffs"},"content":{"rendered":"<h2>Experimenta\u021bi esen\u021ba elegan\u021bei<\/h2>\n<p>R\u0103sf\u0103\u021ba\u021bi-v\u0103 sim\u021burile cu luxosul <strong>Apa de Parfum Cafe Noir de la Riiffs<\/strong>, special conceput pentru domnul exigent. Acest parfum rafinat combin\u0103 notele bogate de cafea cu nuan\u021be subtile, cre\u00e2nd o arom\u0103 captivant\u0103 care eman\u0103 rafinament \u0219i farmec. Prezentat \u00eentr-o sticl\u0103 generoas\u0103 de 100 ml, acest parfum este perfect pentru purtarea zilnic\u0103 sau pentru ocazii speciale, oferind un aer de elegan\u021b\u0103 greu de rezistat.<\/p>\n<h2>Note care te definesc<\/h2>\n<p>Compozi\u021bia unic\u0103 a <strong>Cafe Noir<\/strong> este conceput\u0103 pentru a \u00eentruchipa esen\u021ba omului modern. \u00cen partea de sus, mirosul revigorant al cafelei proaspete treze\u0219te sim\u021burile, preg\u0103tind scena pentru o c\u0103l\u0103torie memorabil\u0103 a parfumurilor. Pe m\u0103sur\u0103 ce evolueaz\u0103, ve\u021bi descoperi note de mijloc de condimente exotice \u0219i lemn cald, \u00eembog\u0103\u021bind profunzimea parfumului. \u00cen cele din urm\u0103, baza captiveaz\u0103 cu note senzuale de boabe tonka \u0219i chihlimbar, cre\u00e2nd o impresie de durat\u0103 care persist\u0103 mult timp dup\u0103 pulverizarea ini\u021bial\u0103.<\/p>\n<h2>Perfect pentru orice ocazie<\/h2>\n<p>Fie c\u0103 v\u0103 \u00eendrepta\u021bi spre un brunch casual sau face\u021bi o declara\u021bie la un eveniment formal, <strong>Apa de Parfum Cafe Noir<\/strong> este \u00eenso\u021bitorul ideal. Profilul s\u0103u olfactiv versatil \u00eei permite s\u0103 treac\u0103 f\u0103r\u0103 probleme de la zi la noapte, f\u0103c\u00e2ndu-l un element de baz\u0103 \u00een colec\u021bia ta de parfumuri. Acest parfum este, de asemenea, un cadou excep\u021bional, oferind o not\u0103 de lux pe care orice b\u0103rbat ar aprecia-o.<\/p>\n<p>Investe\u0219te \u00een parfumul t\u0103u de semn\u0103tur\u0103 cu <strong>Apa de Parfum Cafe Noir de la Riiffs<\/strong>, unde fiecare spray promite s\u0103-\u021bi ridice prezen\u021ba \u0219i s\u0103-\u021bi defineasc\u0103 individualitatea. Nu rata\u021bi ocazia de a v\u0103 r\u0103sf\u0103\u021ba cu aceast\u0103 capodoper\u0103 olfactiv\u0103!<\/p>","protected":false},"excerpt":{"rendered":"<p>Parfumul este asemanator cu<strong>\u00a0<\/strong><strong>Paco Rabanne Black XS for Men<\/strong><\/p>\n<p><strong>Note de v\u00e2rf:<\/strong> L\u0103m\u00e2ie, Ananas, Lavand\u0103;<\/p>\n<p><strong>Note de mijloc:<\/strong> Nuc\u0219oar\u0103, Ap\u0103 de mare, Geranium;<\/p>\n<p><strong>Note de baz\u0103:<\/strong>\u00a0Ambr\u0103, Mu\u0219chi de stejar, Lemn de santal.<\/p>","protected":false},"featured_media":2312,"comment_status":"open","ping_status":"closed","template":"","meta":{"om_disable_all_campaigns":false,"_monsterinsights_skip_tracking":false,"_monsterinsights_sitenote_active":false,"_monsterinsights_sitenote_note":"","_monsterinsights_sitenote_category":0},"product_brand":[73],"product_cat":[55],"product_tag":[],"class_list":{"0":"post-2310","1":"product","2":"type-product","3":"status-publish","4":"has-post-thumbnail","6":"product_brand-riiffs","7":"product_cat-pentru-el","9":"first","10":"instock","11":"shipping-taxable","12":"purchasable","13":"product-type-simple"},"aioseo_notices":[],"ct_brands":[{"id":73,"name":"Riiffs","slug":"riiffs"}],"_links":{"self":[{"href":"https:\/\/habibimb.com\/en\/wp-json\/wp\/v2\/product\/2310","targetHints":{"allow":["GET"]}}],"collection":[{"href":"https:\/\/habibimb.com\/en\/wp-json\/wp\/v2\/product"}],"about":[{"href":"https:\/\/habibimb.com\/en\/wp-json\/wp\/v2\/types\/product"}],"replies":[{"embeddable":true,"href":"https:\/\/habibimb.com\/en\/wp-json\/wp\/v2\/comments?post=2310"}],"wp:featuredmedia":[{"embeddable":true,"href":"https:\/\/habibimb.com\/en\/wp-json\/wp\/v2\/media\/2312"}],"wp:attachment":[{"href":"https:\/\/habibimb.com\/en\/wp-json\/wp\/v2\/media?parent=2310"}],"wp:term":[{"taxonomy":"product_brand","embeddable":true,"href":"https:\/\/habibimb.com\/en\/wp-json\/wp\/v2\/product_brand?post=2310"},{"taxonomy":"product_cat","embeddable":true,"href":"https:\/\/habibimb.com\/en\/wp-json\/wp\/v2\/product_cat?post=2310"},{"taxonomy":"product_tag","embeddable":true,"href":"https:\/\/habibimb.com\/en\/wp-json\/wp\/v2\/product_tag?post=2310"}],"curies":[{"name":"wp","href":"https:\/\/api.w.org\/{rel}","templated":true}]}}