{"id":2306,"date":"2025-05-03T10:11:17","date_gmt":"2025-05-03T10:11:17","guid":{"rendered":"https:\/\/habibimb.com\/?post_type=product&#038;p=2306"},"modified":"2025-05-15T07:32:26","modified_gmt":"2025-05-15T07:32:26","slug":"apa-de-parfum-ciao-pour-femme-riiffs-femei-100ml","status":"publish","type":"product","link":"https:\/\/habibimb.com\/en\/product\/apa-de-parfum-ciao-pour-femme-riiffs-femei-100ml\/","title":{"rendered":"Ciao Pour Femme, Riiffs"},"content":{"rendered":"<h2>Dezv\u0103luie-\u021bi esen\u021ba feminin\u0103<\/h2>\n<p>\u00cembr\u0103\u021bi\u0219eaz\u0103-\u021bi alura unic\u0103 cu <strong>Apa de Parfum Ciao Pour Femme<\/strong> de la Riiffs. Conceput pentru femeia modern\u0103, acest parfum \u00eencapsuleaz\u0103 \u00eencredere \u0219i gra\u021bie \u00een fiecare not\u0103 captivant\u0103. Perfect at\u00e2t pentru purtarea zilnic\u0103, c\u00e2t \u0219i pentru ocazii speciale, acest parfum rafinat este o s\u0103rb\u0103toare a feminit\u0103\u021bii care rezoneaz\u0103 cu elegan\u021b\u0103.<\/p>\n<h2>O c\u0103l\u0103torie captivant\u0103 a parfumurilor<\/h2>\n<p><strong>Ciao Pour Femme<\/strong> se deschide cu un amestec delicat de note florale proaspete, invit\u00e2ndu-te \u00eentr-o lume a rafinamentului. Pe m\u0103sur\u0103 ce se a\u0219eaz\u0103, notele de mijloc de fructe delicioase \u0219i flori moi \u00ee\u0219i dezv\u0103luie farmecul, cre\u00e2nd o arom\u0103 \u00eenc\u00e2nt\u0103toare care persist\u0103 ispititoare pe tot parcursul zilei. \u00cen cele din urm\u0103, notele de baz\u0103 de lemn cald \u0219i mosc senzual ofer\u0103 o profunzime incontestabil\u0103, l\u0103s\u00e2nd o urm\u0103 memorabil\u0103 care \u00eei captiveaz\u0103 pe to\u021bi cei care o \u00eent\u00e2lnesc.<\/p>\n<h2>Calitate care spune multe<\/h2>\n<p>Fiecare sticl\u0103 de 100 ml de <strong>Apa de Parfum Ciao Pour Femme<\/strong> prezint\u0103 m\u0103iestria de calitate pentru care Riiffs este cunoscut\u0103. Distilat \u0219i combinat cu grij\u0103, acest parfum \u00eentruchipeaz\u0103 elegan\u021ba at\u00e2t \u00een parfum, c\u00e2t \u0219i \u00een prezentare. Ideal pentru cadouri sau r\u0103sf\u0103\u021buri, acest parfum rafinat promite s\u0103-\u021bi \u00eenal\u021be spiritul \u0219i s\u0103-\u021bi \u00eembun\u0103t\u0103\u021beasc\u0103 stilul personal.<\/p>\n<p>Face\u021bi o declara\u021bie \u0219i l\u0103sa\u021bi fiecare moment s\u0103 fie umplut cu aroma \u00eenc\u00e2nt\u0103toare a <strong>Ciao Pour Femme<\/strong>. Experimenteaz\u0103 amestecul perfect de prospe\u021bime \u0219i c\u0103ldur\u0103 care define\u0219te acest parfum emblematic &#8211; noul t\u0103u parfum preferat pentru fiecare ocazie.<\/p>","protected":false},"excerpt":{"rendered":"<p>Dezv\u0103luie-\u021bi esen\u021ba feminin\u0103 \u00cembr\u0103\u021bi\u0219eaz\u0103-\u021bi alura unic\u0103 cu Apa de Parfum Ciao Pour Femme de la Riiffs. Conceput pentru femeia modern\u0103, acest parfum \u00eencapsuleaz\u0103 \u00eencredere \u0219i gra\u021bie \u00een fiecare not\u0103 captivant\u0103. Perfect at\u00e2t pentru purtarea zilnic\u0103, c\u00e2t \u0219i pentru ocazii speciale, acest parfum rafinat este o s\u0103rb\u0103toare a feminit\u0103\u021bii care rezoneaz\u0103 cu elegan\u021b\u0103. O c\u0103l\u0103torie captivant\u0103 [&hellip;]<\/p>","protected":false},"featured_media":2308,"comment_status":"open","ping_status":"closed","template":"","meta":{"om_disable_all_campaigns":false,"_monsterinsights_skip_tracking":false,"_monsterinsights_sitenote_active":false,"_monsterinsights_sitenote_note":"","_monsterinsights_sitenote_category":0},"product_brand":[73],"product_cat":[56],"product_tag":[],"class_list":{"0":"post-2306","1":"product","2":"type-product","3":"status-publish","4":"has-post-thumbnail","6":"product_brand-riiffs","7":"product_cat-pentru-ea","9":"first","10":"instock","11":"shipping-taxable","12":"purchasable","13":"product-type-simple"},"aioseo_notices":[],"ct_brands":[{"id":73,"name":"Riiffs","slug":"riiffs"}],"_links":{"self":[{"href":"https:\/\/habibimb.com\/en\/wp-json\/wp\/v2\/product\/2306","targetHints":{"allow":["GET"]}}],"collection":[{"href":"https:\/\/habibimb.com\/en\/wp-json\/wp\/v2\/product"}],"about":[{"href":"https:\/\/habibimb.com\/en\/wp-json\/wp\/v2\/types\/product"}],"replies":[{"embeddable":true,"href":"https:\/\/habibimb.com\/en\/wp-json\/wp\/v2\/comments?post=2306"}],"wp:featuredmedia":[{"embeddable":true,"href":"https:\/\/habibimb.com\/en\/wp-json\/wp\/v2\/media\/2308"}],"wp:attachment":[{"href":"https:\/\/habibimb.com\/en\/wp-json\/wp\/v2\/media?parent=2306"}],"wp:term":[{"taxonomy":"product_brand","embeddable":true,"href":"https:\/\/habibimb.com\/en\/wp-json\/wp\/v2\/product_brand?post=2306"},{"taxonomy":"product_cat","embeddable":true,"href":"https:\/\/habibimb.com\/en\/wp-json\/wp\/v2\/product_cat?post=2306"},{"taxonomy":"product_tag","embeddable":true,"href":"https:\/\/habibimb.com\/en\/wp-json\/wp\/v2\/product_tag?post=2306"}],"curies":[{"name":"wp","href":"https:\/\/api.w.org\/{rel}","templated":true}]}}