{"id":2283,"date":"2025-05-03T09:11:09","date_gmt":"2025-05-03T09:11:09","guid":{"rendered":"https:\/\/habibimb.com\/?post_type=product&#038;p=2283"},"modified":"2025-05-15T07:32:26","modified_gmt":"2025-05-15T07:32:26","slug":"apa-de-parfum-decadent-noir-riiffs-barbati-100ml","status":"publish","type":"product","link":"https:\/\/habibimb.com\/en\/product\/apa-de-parfum-decadent-noir-riiffs-barbati-100ml\/","title":{"rendered":"Decadent Noir, Riiffs"},"content":{"rendered":"<h2>Experimenta\u021bi esen\u021ba decaden\u021bei<\/h2>\n<p>Dezv\u0103lui\u021bi o c\u0103l\u0103torie senzorial\u0103 cu Apa De Parfum Decadent Noir de la Riiffs.Acest parfum rafinat pentru b\u0103rba\u021bi armonizeaz\u0103 elegan\u021ba \u0219i \u00eendr\u0103zneala, surprinz\u00e2nd esen\u021ba rafinamentului \u00eentr-o sticl\u0103. \u00cenvelit \u00eentr-un ambalaj elegant de 100 ml, Decadent Noir este conceput pentru b\u0103rbatul \u00eencrez\u0103tor care \u00ee\u0219i \u00eembr\u0103\u021bi\u0219eaz\u0103 individualitatea \u0219i farmecul.<\/p>\n<h2>O arom\u0103 captivant\u0103<\/h2>\n<p>Acest parfum \u00eenc\u00e2nt\u0103tor se deschide cu note de v\u00e2rf vibrante care trezesc sim\u021burile, f\u0103c\u00e2ndu-l perfect pentru orice ocazie. Notele de mijloc dezv\u0103luie un amestec intrigant de condimente bogate \u0219i nuan\u021be p\u0103m\u00e2ntii, \u00eenv\u0103luindu-te \u00een c\u0103ldur\u0103 \u0219i farmec. \u00cen cele din urm\u0103, notele de baz\u0103 ofer\u0103 o impresie profund\u0103 \u0219i de durat\u0103 care persist\u0103 pe tot parcursul zilei, f\u0103c\u00e2nd din Decadent Noir o experien\u021b\u0103 de parfum cu adev\u0103rat de neuitat.<\/p>\n<h2>Versatil \u0219i de lung\u0103 durat\u0103<\/h2>\n<p>Apa De Parfum Decadent Noir nu este doar un parfum; Este un accesoriu care completeaz\u0103 orice stil \u0219i dispozi\u021bie. Fie c\u0103 mergi la birou, te bucuri de o noapte \u00een ora\u0219 sau petreci timp de calitate cu cei dragi, acest parfum se adapteaz\u0103 perfect mediului t\u0103u. Formula sa de lung\u0103 durat\u0103 v\u0103 asigur\u0103 c\u0103 r\u0103m\u00e2ne\u021bi \u00eenv\u0103luit \u00een lux de diminea\u021ba p\u00e2n\u0103 seara, l\u0103s\u00e2nd o impresie oriunde merge\u021bi.<\/p>\n<p>\u00cembun\u0103t\u0103\u021be\u0219te-\u021bi colec\u021bia de parfumuri cu Decadent Noir &#8211; un parfum de semn\u0103tur\u0103 care iese \u00een eviden\u021b\u0103, f\u0103c\u00e2nd o declara\u021bie despre cine e\u0219ti. Experimenta\u021bi spiritul elegan\u021bei \u0219i rafinamentului ast\u0103zi \u0219i l\u0103sa\u021bi-v\u0103 personalitatea s\u0103 str\u0103luceasc\u0103. Ideal pentru cadouri sau uz personal, acest parfum de 100 ml \u00eentruchipeaz\u0103 at\u00e2t luxul, c\u00e2t \u0219i caracterul practic.<\/p>","protected":false},"excerpt":{"rendered":"<p><strong>Asemanator cu YSL Y<\/strong><\/p>\n<p><strong>Note de v\u00e2rf:<\/strong> Bergamot\u0103, Grapefruit, Mandarin\u0103;<\/p>\n<p><strong>Note de mijloc:<\/strong> Ghimbir, Note acvatice;<\/p>\n<p><strong>Note de baz\u0103:<\/strong>\u00a0Lemn de Santal, T\u0103m\u00e2ie, Mosc.<\/p>","protected":false},"featured_media":2285,"comment_status":"open","ping_status":"closed","template":"","meta":{"om_disable_all_campaigns":false,"_monsterinsights_skip_tracking":false,"_monsterinsights_sitenote_active":false,"_monsterinsights_sitenote_note":"","_monsterinsights_sitenote_category":0},"product_brand":[73],"product_cat":[55],"product_tag":[],"class_list":{"0":"post-2283","1":"product","2":"type-product","3":"status-publish","4":"has-post-thumbnail","6":"product_brand-riiffs","7":"product_cat-pentru-el","9":"first","10":"instock","11":"shipping-taxable","12":"purchasable","13":"product-type-simple"},"aioseo_notices":[],"ct_brands":[{"id":73,"name":"Riiffs","slug":"riiffs"}],"_links":{"self":[{"href":"https:\/\/habibimb.com\/en\/wp-json\/wp\/v2\/product\/2283","targetHints":{"allow":["GET"]}}],"collection":[{"href":"https:\/\/habibimb.com\/en\/wp-json\/wp\/v2\/product"}],"about":[{"href":"https:\/\/habibimb.com\/en\/wp-json\/wp\/v2\/types\/product"}],"replies":[{"embeddable":true,"href":"https:\/\/habibimb.com\/en\/wp-json\/wp\/v2\/comments?post=2283"}],"wp:featuredmedia":[{"embeddable":true,"href":"https:\/\/habibimb.com\/en\/wp-json\/wp\/v2\/media\/2285"}],"wp:attachment":[{"href":"https:\/\/habibimb.com\/en\/wp-json\/wp\/v2\/media?parent=2283"}],"wp:term":[{"taxonomy":"product_brand","embeddable":true,"href":"https:\/\/habibimb.com\/en\/wp-json\/wp\/v2\/product_brand?post=2283"},{"taxonomy":"product_cat","embeddable":true,"href":"https:\/\/habibimb.com\/en\/wp-json\/wp\/v2\/product_cat?post=2283"},{"taxonomy":"product_tag","embeddable":true,"href":"https:\/\/habibimb.com\/en\/wp-json\/wp\/v2\/product_tag?post=2283"}],"curies":[{"name":"wp","href":"https:\/\/api.w.org\/{rel}","templated":true}]}}