{"id":2280,"date":"2025-05-03T09:09:19","date_gmt":"2025-05-03T09:09:19","guid":{"rendered":"https:\/\/habibimb.com\/?post_type=product&#038;p=2280"},"modified":"2025-05-15T07:32:26","modified_gmt":"2025-05-15T07:32:26","slug":"apa-de-parfum-emperor-for-maan-riiffs-barbati-100ml","status":"publish","type":"product","link":"https:\/\/habibimb.com\/en\/product\/apa-de-parfum-emperor-for-maan-riiffs-barbati-100ml\/","title":{"rendered":"Emperor For Maan, Riiffs"},"content":{"rendered":"<h2>Dezl\u0103n\u021buie-\u021bi regalitatea interioar\u0103<\/h2>\n<p>Descoperi\u021bi esen\u021ba captivant\u0103 a Apa De Parfum Emperor For Man de la Riiffs, un parfum conceput pentru gentlemanul modern care \u00eentruchipeaz\u0103 \u00eencrederea \u0219i rafinamentul. Acest parfum rafinat, prezentat \u00eentr-o sticl\u0103 generoas\u0103 de 100 ml, surprinde spiritul ambi\u021biei \u0219i carismei, permi\u021b\u00e2ndu-v\u0103 s\u0103 face\u021bi o impresie de durat\u0103 oriunde a\u021bi merge.<\/p>\n<h2>Creat pentru cei \u00eendr\u0103zne\u021bi<\/h2>\n<p>\u00cen inima Apa De Parfum Emperor se afl\u0103 un amestec armonios de note bogate care evoc\u0103 putere \u0219i farmec. La prima pulverizare, notele de v\u00e2rf r\u0103coritoare \u00ee\u021bi trezesc sim\u021burile cu o explozie de revigor\u0103ri citrice, trec\u00e2nd f\u0103r\u0103 probleme la un strat intermediar cald \u0219i aromat care prezint\u0103 nuan\u021be de plante \u0219i picante. \u00cen cele din urm\u0103, notele de baz\u0103 ofer\u0103 un final de neuitat, cu elemente lemnoase profunde care persist\u0103 pe tot parcursul zilei, f\u0103c\u00e2nd din acest parfum o adev\u0103rat\u0103 m\u0103rturie a masculinit\u0103\u021bii.<\/p>\n<h2>Cadoul perfect pentru fiecare ocazie<\/h2>\n<p>Fie c\u0103 te \u00eembraci pentru un eveniment formal sau te bucuri de o zi casual, Apa De Parfum Emperor este \u00eenso\u021bitorul ideal. Versatilitatea sa \u00eel face potrivit at\u00e2t pentru zi, c\u00e2t \u0219i pentru noapte, sporindu-v\u0103 prezen\u021ba \u00een orice decor. D\u0103ruie\u0219te acest parfum remarcabil \u021bie sau b\u0103rbatului special din via\u021ba ta; Este o alegere de lux care spune multe despre elegan\u021ba \u0219i puterea purt\u0103torului. \u00cembun\u0103t\u0103\u021be\u0219te-\u021bi colec\u021bia de parfumuri cu Apa De Parfum Emperor For Man, unde rafinamentul \u00eent\u00e2lne\u0219te farmecul atemporal.<\/p>","protected":false},"excerpt":{"rendered":"<p>Dezl\u0103n\u021buie-\u021bi regalitatea interioar\u0103 Descoperi\u021bi esen\u021ba captivant\u0103 a Apa De Parfum Emperor For Man de la Riiffs, un parfum conceput pentru gentlemanul modern care \u00eentruchipeaz\u0103 \u00eencrederea \u0219i rafinamentul. Acest parfum rafinat, prezentat \u00eentr-o sticl\u0103 generoas\u0103 de 100 ml, surprinde spiritul ambi\u021biei \u0219i carismei, permi\u021b\u00e2ndu-v\u0103 s\u0103 face\u021bi o impresie de durat\u0103 oriunde a\u021bi merge. Creat pentru cei [&hellip;]<\/p>","protected":false},"featured_media":2282,"comment_status":"open","ping_status":"closed","template":"","meta":{"om_disable_all_campaigns":false,"_monsterinsights_skip_tracking":false,"_monsterinsights_sitenote_active":false,"_monsterinsights_sitenote_note":"","_monsterinsights_sitenote_category":0},"product_brand":[73],"product_cat":[55],"product_tag":[],"class_list":{"0":"post-2280","1":"product","2":"type-product","3":"status-publish","4":"has-post-thumbnail","6":"product_brand-riiffs","7":"product_cat-pentru-el","9":"first","10":"instock","11":"shipping-taxable","12":"purchasable","13":"product-type-simple"},"aioseo_notices":[],"ct_brands":[{"id":73,"name":"Riiffs","slug":"riiffs"}],"_links":{"self":[{"href":"https:\/\/habibimb.com\/en\/wp-json\/wp\/v2\/product\/2280","targetHints":{"allow":["GET"]}}],"collection":[{"href":"https:\/\/habibimb.com\/en\/wp-json\/wp\/v2\/product"}],"about":[{"href":"https:\/\/habibimb.com\/en\/wp-json\/wp\/v2\/types\/product"}],"replies":[{"embeddable":true,"href":"https:\/\/habibimb.com\/en\/wp-json\/wp\/v2\/comments?post=2280"}],"wp:featuredmedia":[{"embeddable":true,"href":"https:\/\/habibimb.com\/en\/wp-json\/wp\/v2\/media\/2282"}],"wp:attachment":[{"href":"https:\/\/habibimb.com\/en\/wp-json\/wp\/v2\/media?parent=2280"}],"wp:term":[{"taxonomy":"product_brand","embeddable":true,"href":"https:\/\/habibimb.com\/en\/wp-json\/wp\/v2\/product_brand?post=2280"},{"taxonomy":"product_cat","embeddable":true,"href":"https:\/\/habibimb.com\/en\/wp-json\/wp\/v2\/product_cat?post=2280"},{"taxonomy":"product_tag","embeddable":true,"href":"https:\/\/habibimb.com\/en\/wp-json\/wp\/v2\/product_tag?post=2280"}],"curies":[{"name":"wp","href":"https:\/\/api.w.org\/{rel}","templated":true}]}}