{"id":2277,"date":"2025-05-03T09:07:04","date_gmt":"2025-05-03T09:07:04","guid":{"rendered":"https:\/\/habibimb.com\/?post_type=product&#038;p=2277"},"modified":"2025-05-15T07:32:26","modified_gmt":"2025-05-15T07:32:26","slug":"apa-de-parfum-goodness-oud-black-riiffs-unisex-100ml","status":"publish","type":"product","link":"https:\/\/habibimb.com\/en\/product\/apa-de-parfum-goodness-oud-black-riiffs-unisex-100ml\/","title":{"rendered":"Goodness Oud Black, Riiffs"},"content":{"rendered":"<h2>Descoper\u0103 esen\u021ba bun\u0103t\u0103\u021bii Oud Black<\/h2>\n<p>Introduce\u021bi-v\u0103 \u00een lumea luxoas\u0103 a Apa De Parfum Goodness Oud Black, un parfum rafinat conceput at\u00e2t pentru b\u0103rba\u021bi, c\u00e2t \u0219i pentru femei. Acest parfum unisex captiveaz\u0103 sim\u021burile cu notele sale robuste \u0219i p\u0103m\u00e2ntii, \u00eembin\u00e2ndu-se perfect \u00eentr-o simfonie armonioas\u0103 de arome care evoc\u0103 rafinament \u0219i profunzime.<\/p>\n<h2>Dezv\u0103luie-\u021bi parfumul semn\u0103tur\u0103<\/h2>\n<p>Creat pentru persoanele exigente, Goodness Oud Black prezint\u0103 un amestec unic care celebreaz\u0103 frumuse\u021bea naturii, oferind \u00een acela\u0219i timp o experien\u021b\u0103 olfactiv\u0103 de neuitat. Indiferent dac\u0103 te \u00eendrep\u021bi spre un eveniment formal sau te bucuri de o ie\u0219ire casual, acest parfum devine o extensie a personalit\u0103\u021bii tale, l\u0103s\u00e2nd o impresie de durat\u0103 oriunde te-ai duce. Echilibrul complicat de c\u0103ldur\u0103 \u0219i bog\u0103\u021bie din acest parfum se desf\u0103\u0219oar\u0103 \u00een timp, f\u0103c\u00e2nd din fiecare purtare o explorare a profunzimii care invit\u0103 intriga \u0219i aten\u021bia.<\/p>\n<h2>Perfect formulat pentru toate ocaziile<\/h2>\n<p>Cu flaconul s\u0103u de 100 ml, Apa De Parfum Goodness Oud Black ofer\u0103 longevitate \u0219i utilizare ampl\u0103 pentru purtarea zilnic\u0103. Profilul s\u0103u olfactiv special formulat \u00eel face ideal pentru orice ocazie, \u00eembun\u0103t\u0103\u021bindu-\u021bi stilul, asigur\u00e2ndu-te \u00een acela\u0219i timp c\u0103 te sim\u021bi \u00eencrez\u0103tor \u0219i atr\u0103g\u0103tor. Natura unisex a parfumului \u00eenseamn\u0103 c\u0103 este perfect pentru oricine apreciaz\u0103 parfumurile de \u00eenalt\u0103 calitate care sparg tiparele parfumurilor tradi\u021bionale de gen.<\/p>\n<p>Indiferent dac\u0103 v\u0103 r\u0103sf\u0103\u021ba\u021bi sau c\u0103uta\u021bi cadoul perfect pentru o persoan\u0103 drag\u0103, Goodness Oud Black este un element de baz\u0103 care transcende tendin\u021bele sezoniere, asigur\u00e2ndu-v\u0103 c\u0103 ie\u0219i\u021bi \u00een eviden\u021b\u0103 \u00een orice mul\u021bime. \u00cembr\u0103\u021bi\u0219eaz\u0103 farmecul acestui parfum rafinat \u0219i las\u0103 fiecare spray s\u0103 povesteasc\u0103 o poveste de elegan\u021b\u0103 \u0219i gra\u021bie.<\/p>","protected":false},"excerpt":{"rendered":"<p>Note de v\u00e2rf: rozmarin, l\u0103m\u00e2ie, bergamot\u0103, grapefruit<\/p>\n<p>Note de mijloc: ment\u0103, violete, note acvatice, salvie, ceai<\/p>\n<p>Note de baz\u0103: mu\u0219chi de stejar, ambr\u0103<\/p>","protected":false},"featured_media":2279,"comment_status":"open","ping_status":"closed","template":"","meta":{"om_disable_all_campaigns":false,"_monsterinsights_skip_tracking":false,"_monsterinsights_sitenote_active":false,"_monsterinsights_sitenote_note":"","_monsterinsights_sitenote_category":0},"product_brand":[73],"product_cat":[57],"product_tag":[],"class_list":{"0":"post-2277","1":"product","2":"type-product","3":"status-publish","4":"has-post-thumbnail","6":"product_brand-riiffs","7":"product_cat-unisex","9":"first","10":"instock","11":"shipping-taxable","12":"purchasable","13":"product-type-simple"},"aioseo_notices":[],"ct_brands":[{"id":73,"name":"Riiffs","slug":"riiffs"}],"_links":{"self":[{"href":"https:\/\/habibimb.com\/en\/wp-json\/wp\/v2\/product\/2277","targetHints":{"allow":["GET"]}}],"collection":[{"href":"https:\/\/habibimb.com\/en\/wp-json\/wp\/v2\/product"}],"about":[{"href":"https:\/\/habibimb.com\/en\/wp-json\/wp\/v2\/types\/product"}],"replies":[{"embeddable":true,"href":"https:\/\/habibimb.com\/en\/wp-json\/wp\/v2\/comments?post=2277"}],"wp:featuredmedia":[{"embeddable":true,"href":"https:\/\/habibimb.com\/en\/wp-json\/wp\/v2\/media\/2279"}],"wp:attachment":[{"href":"https:\/\/habibimb.com\/en\/wp-json\/wp\/v2\/media?parent=2277"}],"wp:term":[{"taxonomy":"product_brand","embeddable":true,"href":"https:\/\/habibimb.com\/en\/wp-json\/wp\/v2\/product_brand?post=2277"},{"taxonomy":"product_cat","embeddable":true,"href":"https:\/\/habibimb.com\/en\/wp-json\/wp\/v2\/product_cat?post=2277"},{"taxonomy":"product_tag","embeddable":true,"href":"https:\/\/habibimb.com\/en\/wp-json\/wp\/v2\/product_tag?post=2277"}],"curies":[{"name":"wp","href":"https:\/\/api.w.org\/{rel}","templated":true}]}}