{"id":2271,"date":"2025-05-03T09:03:20","date_gmt":"2025-05-03T09:03:20","guid":{"rendered":"https:\/\/habibimb.com\/?post_type=product&#038;p=2271"},"modified":"2026-03-09T14:29:16","modified_gmt":"2026-03-09T14:29:16","slug":"apa-de-parfum-imperial-rouge-riiffs-femei-100ml","status":"publish","type":"product","link":"https:\/\/habibimb.com\/en\/product\/apa-de-parfum-imperial-rouge-riiffs-femei-100ml\/","title":{"rendered":"Imperial Rouge, Riiffs"},"content":{"rendered":"<h2>Experimenta\u021bi o elegan\u021b\u0103 de neegalat<\/h2>\n<p>V\u0103 prezent\u0103m luxosul parfum Apa De Parfum Imperial Rouge de la Riiffs, un parfum conceput exclusiv pentru femeile care caut\u0103 o experien\u021b\u0103 olfactiv\u0103 de neuitat. Aceast\u0103 sticl\u0103 de 100 ml \u00eencapsuleaz\u0103 esen\u021ba rafinamentului \u0219i a atrac\u021biei, f\u0103c\u00e2ndu-l \u00eenso\u021bitorul perfect at\u00e2t pentru purtarea de zi cu zi, c\u00e2t \u0219i pentru ocazii speciale. Cu fiecare pulverizare, scufund\u0103-te \u00eentr-un amestec generos de note care eman\u0103 \u00eencredere \u0219i farmec.<\/p>\n<h2>Note care rezoneaz\u0103<\/h2>\n<p>Parfumul captivant se deschide cu o explozie de citrice proaspete, armoniz\u00e2ndu-se frumos cu nuan\u021be florale bogate. Pe m\u0103sur\u0103 ce evolueaz\u0103, ve\u021bi descoperi o inim\u0103 compus\u0103 din iasomie delicat\u0103 \u0219i fructe ro\u0219ii vibrante, care v\u0103 \u00eenv\u0103luie \u00eentr-o \u00eembr\u0103\u021bi\u0219are cald\u0103. \u00cen cele din urm\u0103, parfumul se instaleaz\u0103 \u00eentr-o baz\u0103 bogat\u0103 de vanilie senzual\u0103 \u0219i lemn de santal neted, asigur\u00e2ndu-se c\u0103 aroma persist\u0103 frumos pe tot parcursul zilei. Aceast\u0103 stratificare rafinat\u0103 de note creeaz\u0103 un profil de parfum complex, dar accesibil, care atrage femeia modern\u0103.<\/p>\n<h2>Perfect pentru orice ocazie<\/h2>\n<p>Fie c\u0103 participa\u021bi la o \u00eent\u00e2lnire formal\u0103, ie\u0219i\u021bi la o sear\u0103 cu prietenii sau pur \u0219i simplu v\u0103 r\u0103sf\u0103\u021ba\u021bi cu \u00eengrijirea de sine, Apa De Parfum Imperial Rouge este suficient de versatil pentru orice scenariu. Mirosul s\u0103u captivant las\u0103 o impresie memorabil\u0103, f\u0103c\u00e2ndu-l un cadou perfect pentru cei dragi sau un r\u0103sf\u0103\u021b binemeritat pentru tine. \u00cembr\u0103\u021bi\u0219eaz\u0103-\u021bi individualitatea \u0219i \u00eencrederea cu acest parfum uimitor.<\/p>\n<p>\u00cembun\u0103t\u0103\u021be\u0219te-\u021bi colec\u021bia de parfumuri ast\u0103zi cu Apa De Parfum Imperial Rouge de la Riiffs. Experimenteaz\u0103 un amestec atemporal care vorbe\u0219te despre stilul t\u0103u unic \u00een timp ce \u00eei captiveaz\u0103 pe cei din jurul t\u0103u. Exploreaz\u0103 farmecul acestui parfum rafinat \u0219i f\u0103-l un element de baz\u0103 \u00een rutina ta zilnic\u0103.<\/p>","protected":false},"excerpt":{"rendered":"<p>Inspirat din Armani\u00a0Si<\/p>","protected":false},"featured_media":2273,"comment_status":"open","ping_status":"closed","template":"","meta":{"om_disable_all_campaigns":false,"_monsterinsights_skip_tracking":false,"_monsterinsights_sitenote_active":false,"_monsterinsights_sitenote_note":"","_monsterinsights_sitenote_category":0},"product_brand":[73],"product_cat":[56],"product_tag":[],"class_list":{"0":"post-2271","1":"product","2":"type-product","3":"status-publish","4":"has-post-thumbnail","6":"product_brand-riiffs","7":"product_cat-pentru-ea","9":"first","10":"instock","11":"sale","12":"shipping-taxable","13":"purchasable","14":"product-type-simple"},"aioseo_notices":[],"ct_brands":[{"id":73,"name":"Riiffs","slug":"riiffs"}],"_links":{"self":[{"href":"https:\/\/habibimb.com\/en\/wp-json\/wp\/v2\/product\/2271","targetHints":{"allow":["GET"]}}],"collection":[{"href":"https:\/\/habibimb.com\/en\/wp-json\/wp\/v2\/product"}],"about":[{"href":"https:\/\/habibimb.com\/en\/wp-json\/wp\/v2\/types\/product"}],"replies":[{"embeddable":true,"href":"https:\/\/habibimb.com\/en\/wp-json\/wp\/v2\/comments?post=2271"}],"wp:featuredmedia":[{"embeddable":true,"href":"https:\/\/habibimb.com\/en\/wp-json\/wp\/v2\/media\/2273"}],"wp:attachment":[{"href":"https:\/\/habibimb.com\/en\/wp-json\/wp\/v2\/media?parent=2271"}],"wp:term":[{"taxonomy":"product_brand","embeddable":true,"href":"https:\/\/habibimb.com\/en\/wp-json\/wp\/v2\/product_brand?post=2271"},{"taxonomy":"product_cat","embeddable":true,"href":"https:\/\/habibimb.com\/en\/wp-json\/wp\/v2\/product_cat?post=2271"},{"taxonomy":"product_tag","embeddable":true,"href":"https:\/\/habibimb.com\/en\/wp-json\/wp\/v2\/product_tag?post=2271"}],"curies":[{"name":"wp","href":"https:\/\/api.w.org\/{rel}","templated":true}]}}