{"id":2268,"date":"2025-05-03T09:01:47","date_gmt":"2025-05-03T09:01:47","guid":{"rendered":"https:\/\/habibimb.com\/?post_type=product&#038;p=2268"},"modified":"2025-05-15T07:32:26","modified_gmt":"2025-05-15T07:32:26","slug":"apa-de-parfum-la-femme-bloom-riiffs-femei-100ml","status":"publish","type":"product","link":"https:\/\/habibimb.com\/en\/product\/apa-de-parfum-la-femme-bloom-riiffs-femei-100ml\/","title":{"rendered":"La Femme Bloom, Riiffs"},"content":{"rendered":"<h2>Descoper\u0103 esen\u021ba elegan\u021bei<\/h2>\n<p>V\u0103 prezent\u0103m Apa De Parfum La Femme Bloom de la Riiffs, un parfum meticulos creat pentru femeia modern\u0103 care \u00eentruchipeaz\u0103 gra\u021bia \u0219i rafinamentul. Aceast\u0103 ap\u0103 de parfum rafinat\u0103 este prezentat\u0103 \u00eentr-o sticl\u0103 generoas\u0103 de 100 ml, ceea ce o face completarea perfect\u0103 pentru colec\u021bia ta de parfumuri sau un cadou atent pentru o persoan\u0103 drag\u0103.<\/p>\n<h2>Un amestec perfect de prospe\u021bime \u0219i note florale<\/h2>\n<p>La Femme Bloom \u00ee\u021bi captiveaz\u0103 sim\u021burile cu un amestec \u00eenc\u00e2nt\u0103tor de arome florale \u0219i fructate. Notele de v\u00e2rf \u00ee\u021bi trezesc spiritul cu o explozie de citrice r\u0103coritoare, \u00een timp ce inima dezv\u0103luie un buchet delicat de flori \u00eenflorite. Pe m\u0103sur\u0103 ce parfumul evolueaz\u0103, notele de baz\u0103 de lemn cald \u0219i mosc moale las\u0103 o impresie de durat\u0103 care persist\u0103 pe tot parcursul zilei.<\/p>\n<h2>De ce s\u0103 alegi La Femme Bloom?<\/h2>\n<p>Alegerea La Femme Bloom \u00eenseamn\u0103 \u00eembr\u0103\u021bi\u0219area unui parfum care \u00ee\u021bi \u00eembun\u0103t\u0103\u021be\u0219te stilul personal. Fiecare spray invit\u0103 complimente, f\u0103c\u00e2ndu-l perfect at\u00e2t pentru purtarea de zi cu zi, c\u00e2t \u0219i pentru ocazii speciale. Nu este doar un parfum; Este o expresie a individualit\u0103\u021bii care rezoneaz\u0103 cu cei care apreciaz\u0103 lucrurile bune din via\u021b\u0103.<\/p>\n<p>Experimenta\u021bi farmecul La Femme Bloom ast\u0103zi \u0219i l\u0103sa\u021bi parfumul s\u0103 vorbeasc\u0103 despre elegan\u021b\u0103 \u0219i feminitate. Dezl\u0103n\u021buie-\u021bi farmecul interior cu acest parfum rafinat \u0219i bucur\u0103-te de sentimentul de putere pe care \u00eel aduce. Perfect ambalat \u0219i proiectat cu grij\u0103, La Femme Bloom este \u00eentruchiparea unui spirit captivant.<\/p>","protected":false},"excerpt":{"rendered":"<p>Inspirat din Mon Paris Yves Saint\u00a0Laurent<\/p>","protected":false},"featured_media":2270,"comment_status":"open","ping_status":"closed","template":"","meta":{"om_disable_all_campaigns":false,"_monsterinsights_skip_tracking":false,"_monsterinsights_sitenote_active":false,"_monsterinsights_sitenote_note":"","_monsterinsights_sitenote_category":0},"product_brand":[73],"product_cat":[56],"product_tag":[],"class_list":{"0":"post-2268","1":"product","2":"type-product","3":"status-publish","4":"has-post-thumbnail","6":"product_brand-riiffs","7":"product_cat-pentru-ea","9":"first","10":"instock","11":"shipping-taxable","12":"purchasable","13":"product-type-simple"},"aioseo_notices":[],"ct_brands":[{"id":73,"name":"Riiffs","slug":"riiffs"}],"_links":{"self":[{"href":"https:\/\/habibimb.com\/en\/wp-json\/wp\/v2\/product\/2268","targetHints":{"allow":["GET"]}}],"collection":[{"href":"https:\/\/habibimb.com\/en\/wp-json\/wp\/v2\/product"}],"about":[{"href":"https:\/\/habibimb.com\/en\/wp-json\/wp\/v2\/types\/product"}],"replies":[{"embeddable":true,"href":"https:\/\/habibimb.com\/en\/wp-json\/wp\/v2\/comments?post=2268"}],"wp:featuredmedia":[{"embeddable":true,"href":"https:\/\/habibimb.com\/en\/wp-json\/wp\/v2\/media\/2270"}],"wp:attachment":[{"href":"https:\/\/habibimb.com\/en\/wp-json\/wp\/v2\/media?parent=2268"}],"wp:term":[{"taxonomy":"product_brand","embeddable":true,"href":"https:\/\/habibimb.com\/en\/wp-json\/wp\/v2\/product_brand?post=2268"},{"taxonomy":"product_cat","embeddable":true,"href":"https:\/\/habibimb.com\/en\/wp-json\/wp\/v2\/product_cat?post=2268"},{"taxonomy":"product_tag","embeddable":true,"href":"https:\/\/habibimb.com\/en\/wp-json\/wp\/v2\/product_tag?post=2268"}],"curies":[{"name":"wp","href":"https:\/\/api.w.org\/{rel}","templated":true}]}}