{"id":2265,"date":"2025-05-03T08:59:40","date_gmt":"2025-05-03T08:59:40","guid":{"rendered":"https:\/\/habibimb.com\/?post_type=product&#038;p=2265"},"modified":"2025-05-15T07:32:26","modified_gmt":"2025-05-15T07:32:26","slug":"apa-de-parfum-milena-extreme-riiffs-unisex-100ml","status":"publish","type":"product","link":"https:\/\/habibimb.com\/en\/product\/apa-de-parfum-milena-extreme-riiffs-unisex-100ml\/","title":{"rendered":"Milena Extreme, Riiffs"},"content":{"rendered":"<h2>Dezl\u0103n\u021buie-\u021bi sim\u021burile cu Milena Extreme<\/h2>\n<p>V\u0103 prezent\u0103m Apa De Parfum Milena Extreme de la Riiffs, un parfum conceput pentru cei care caut\u0103 s\u0103 fac\u0103 o impresie de neuitat. Acest parfum unisex rafinat combin\u0103 note captivante care \u00eentruchipeaz\u0103 at\u00e2t for\u021ba, c\u00e2t \u0219i elegan\u021ba, perfect pentru orice ocazie. Cu Milena Extreme, te vei trezi transportat \u00eentr-un t\u0103r\u00e2m \u00een care luxul \u0219i rafinamentul converg.<\/p>\n<h2>Profil de parfum captivant<\/h2>\n<p>Milena Extreme prezint\u0103 un amestec armonios de note de v\u00e2rf atr\u0103g\u0103toare care danseaz\u0103 u\u0219or pe piele, dezv\u0103luind treptat o inim\u0103 bogat\u0103, plin\u0103 de profunzime \u0219i caracter. Notele de baz\u0103 ofer\u0103 o c\u0103ldur\u0103 persistent\u0103, asigur\u00e2ndu-se c\u0103 acest parfum r\u0103m\u00e2ne memorabil pe tot parcursul zilei. Versatil \u0219i conving\u0103tor, Milena Extreme este potrivit at\u00e2t pentru purtarea de zi, c\u00e2t \u0219i pentru evenimentele de sear\u0103, f\u0103c\u00e2ndu-l un plus esen\u021bial pentru colec\u021bia ta de parfumuri.<\/p>\n<h2>Perfect creat pentru toat\u0103 lumea<\/h2>\n<p>Aceast\u0103 sticl\u0103 de 100 ml de Apa De Parfum Milena Extreme este conceput\u0103 pentru to\u021bi cei care apreciaz\u0103 parfumul de \u00eenalt\u0103 calitate. Atrac\u021bia sa unisex \u00eel face un cadou minunat pentru o persoan\u0103 drag\u0103 sau un r\u0103sf\u0103\u021b pentru tine. Indiferent dac\u0103 preferi un parfum subtil sau ceva mai pronun\u021bat, Milena Extreme se adapteaz\u0103 frumos la chimia corpului t\u0103u, \u00eembun\u0103t\u0103\u021bindu-\u021bi mirosul distinctiv \u0219i l\u0103s\u00e2nd o impresie de durat\u0103.<\/p>\n<p>Milena Extreme nu este doar un parfum; este o declara\u021bie. \u00cembun\u0103t\u0103\u021be\u0219te-\u021bi rutina zilnic\u0103 cu acest parfum luxos, ambalat elegant \u0219i gata s\u0103 te \u00eenv\u0103luie \u00eentr-o lume de \u00eenc\u00e2ntare aromatic\u0103. Experimenta\u021bi diferen\u021ba cu Riiffs \u2013 un brand care \u0219tie cum s\u0103 creeze parfumuri care rezoneaz\u0103.<\/p>","protected":false},"excerpt":{"rendered":"<p>Parfumul este asemanator cu<strong>\u00a0Kirke de la Tiziana Terenzi<\/strong><\/p>\n<p><strong>Note de v\u00e2rf:<\/strong> Piersic\u0103, Zmeur\u0103, Fructul pasiunii;<\/p>\n<p><strong>Note de mijloc:<\/strong> Crin;<\/p>\n<p><strong>Note de baz\u0103:<\/strong>\u00a0Vanilie, Mosc, Lemn de santal.<\/p>","protected":false},"featured_media":2267,"comment_status":"open","ping_status":"closed","template":"","meta":{"om_disable_all_campaigns":false,"_monsterinsights_skip_tracking":false,"_monsterinsights_sitenote_active":false,"_monsterinsights_sitenote_note":"","_monsterinsights_sitenote_category":0},"product_brand":[73],"product_cat":[57],"product_tag":[],"class_list":{"0":"post-2265","1":"product","2":"type-product","3":"status-publish","4":"has-post-thumbnail","6":"product_brand-riiffs","7":"product_cat-unisex","9":"first","10":"instock","11":"shipping-taxable","12":"purchasable","13":"product-type-simple"},"aioseo_notices":[],"ct_brands":[{"id":73,"name":"Riiffs","slug":"riiffs"}],"_links":{"self":[{"href":"https:\/\/habibimb.com\/en\/wp-json\/wp\/v2\/product\/2265","targetHints":{"allow":["GET"]}}],"collection":[{"href":"https:\/\/habibimb.com\/en\/wp-json\/wp\/v2\/product"}],"about":[{"href":"https:\/\/habibimb.com\/en\/wp-json\/wp\/v2\/types\/product"}],"replies":[{"embeddable":true,"href":"https:\/\/habibimb.com\/en\/wp-json\/wp\/v2\/comments?post=2265"}],"wp:featuredmedia":[{"embeddable":true,"href":"https:\/\/habibimb.com\/en\/wp-json\/wp\/v2\/media\/2267"}],"wp:attachment":[{"href":"https:\/\/habibimb.com\/en\/wp-json\/wp\/v2\/media?parent=2265"}],"wp:term":[{"taxonomy":"product_brand","embeddable":true,"href":"https:\/\/habibimb.com\/en\/wp-json\/wp\/v2\/product_brand?post=2265"},{"taxonomy":"product_cat","embeddable":true,"href":"https:\/\/habibimb.com\/en\/wp-json\/wp\/v2\/product_cat?post=2265"},{"taxonomy":"product_tag","embeddable":true,"href":"https:\/\/habibimb.com\/en\/wp-json\/wp\/v2\/product_tag?post=2265"}],"curies":[{"name":"wp","href":"https:\/\/api.w.org\/{rel}","templated":true}]}}