{"id":2262,"date":"2025-05-03T08:57:50","date_gmt":"2025-05-03T08:57:50","guid":{"rendered":"https:\/\/habibimb.com\/?post_type=product&#038;p=2262"},"modified":"2025-05-15T07:32:26","modified_gmt":"2025-05-15T07:32:26","slug":"apa-de-parfum-mon-prive-riiffs-unisex-100ml","status":"publish","type":"product","link":"https:\/\/habibimb.com\/en\/product\/apa-de-parfum-mon-prive-riiffs-unisex-100ml\/","title":{"rendered":"Mon Prive, Riiffs"},"content":{"rendered":"<h2>\u00cembun\u0103t\u0103\u021be\u0219te-\u021bi jocul de parfumuri cu Mon Prive<\/h2>\n<p>Descoper\u0103 alura captivant\u0103 a <strong>Apa De Parfum Mon Prive<\/strong> de la Riiffs, un parfum versatil conceput pentru a \u00eenc\u00e2nta pe toat\u0103 lumea, indiferent de sex. Acest parfum unisex rafinat \u00eencapsuleaz\u0103 arta parfumeriei fine, oferind o experien\u021b\u0103 olfactiv\u0103 \u00eenc\u00e2nt\u0103toare \u00eentr-o sticl\u0103 generoas\u0103 de 100 ml. Cu Mon Prive, nu por\u021bi doar un parfum; \u00eembr\u0103\u021bi\u0219ezi o declara\u021bie de rafinament \u0219i individualitate.<\/p>\n<h2>Note care captiveaz\u0103<\/h2>\n<p>Compozi\u021bia Mon Prive realizat\u0103 cu m\u0103iestrie ofer\u0103 o tapiserie bogat\u0103 de arome. Se deschide cu note de v\u00e2rf r\u0103coritoare care trezesc sim\u021burile, urmate de un strat de inim\u0103 care echilibreaz\u0103 florale \u0219i condimente, cre\u00e2nd o alur\u0103 captivant\u0103. \u00cen cele din urm\u0103, notele de baz\u0103 ofer\u0103 o \u00eembr\u0103\u021bi\u0219are cald\u0103, asigur\u00e2ndu-se c\u0103 acest parfum \u00eenc\u00e2nt\u0103tor persist\u0103 frumos pe tot parcursul zilei. Fie c\u0103 te \u00eendrep\u021bi spre un eveniment formal sau te bucuri de o ie\u0219ire casual, Mon Priv\u00e9 ofer\u0103 acompaniamentul perfect pentru stilul t\u0103u personal.<\/p>\n<h2>O completare atemporal\u0103 a colec\u021biei tale<\/h2>\n<p>Mon Prive nu este doar un parfum; este o experien\u021b\u0103 care transcende tendin\u021bele. Atractivitatea sa unisex \u00eel face un cadou perfect pentru oricine dore\u0219te s\u0103-\u0219i \u00eembun\u0103t\u0103\u021beasc\u0103 colec\u021bia de parfumuri. Ambalajul elegant adaug\u0103 \u0219i farmecul s\u0103u, f\u0103c\u00e2ndu-l un cadou ideal pentru ocazii speciale sau un r\u0103sf\u0103\u021b binemeritat pentru tine. Cu o sticl\u0103 la fel de elegant\u0103 ca \u0219i parfumul \u00een sine, Mon Prive va deveni cu siguran\u021b\u0103 un element de baz\u0103 \u00een rutina ta zilnic\u0103.<\/p>\n<p>\u00cembr\u0103\u021bi\u0219eaz\u0103 lumea parfumurilor rafinate cu <strong>Apa De Parfum Mon Prive<\/strong>. Las\u0103 fiecare spritz s\u0103 te transporte \u00eentr-un t\u0103r\u00e2m al elegan\u021bei \u0219i rafinamentului, \u00eembun\u0103t\u0103\u021bindu-\u021bi aura \u0219i l\u0103s\u00e2nd o impresie de durat\u0103 oriunde te-ai duce.<\/p>","protected":false},"excerpt":{"rendered":"<p>Inspirat din Elegance Animale Lalique<\/p>","protected":false},"featured_media":2264,"comment_status":"open","ping_status":"closed","template":"","meta":{"om_disable_all_campaigns":false,"_monsterinsights_skip_tracking":false,"_monsterinsights_sitenote_active":false,"_monsterinsights_sitenote_note":"","_monsterinsights_sitenote_category":0},"product_brand":[73],"product_cat":[57],"product_tag":[],"class_list":{"0":"post-2262","1":"product","2":"type-product","3":"status-publish","4":"has-post-thumbnail","6":"product_brand-riiffs","7":"product_cat-unisex","9":"first","10":"instock","11":"shipping-taxable","12":"purchasable","13":"product-type-simple"},"aioseo_notices":[],"ct_brands":[{"id":73,"name":"Riiffs","slug":"riiffs"}],"_links":{"self":[{"href":"https:\/\/habibimb.com\/en\/wp-json\/wp\/v2\/product\/2262","targetHints":{"allow":["GET"]}}],"collection":[{"href":"https:\/\/habibimb.com\/en\/wp-json\/wp\/v2\/product"}],"about":[{"href":"https:\/\/habibimb.com\/en\/wp-json\/wp\/v2\/types\/product"}],"replies":[{"embeddable":true,"href":"https:\/\/habibimb.com\/en\/wp-json\/wp\/v2\/comments?post=2262"}],"wp:featuredmedia":[{"embeddable":true,"href":"https:\/\/habibimb.com\/en\/wp-json\/wp\/v2\/media\/2264"}],"wp:attachment":[{"href":"https:\/\/habibimb.com\/en\/wp-json\/wp\/v2\/media?parent=2262"}],"wp:term":[{"taxonomy":"product_brand","embeddable":true,"href":"https:\/\/habibimb.com\/en\/wp-json\/wp\/v2\/product_brand?post=2262"},{"taxonomy":"product_cat","embeddable":true,"href":"https:\/\/habibimb.com\/en\/wp-json\/wp\/v2\/product_cat?post=2262"},{"taxonomy":"product_tag","embeddable":true,"href":"https:\/\/habibimb.com\/en\/wp-json\/wp\/v2\/product_tag?post=2262"}],"curies":[{"name":"wp","href":"https:\/\/api.w.org\/{rel}","templated":true}]}}