{"id":2259,"date":"2025-05-03T08:56:19","date_gmt":"2025-05-03T08:56:19","guid":{"rendered":"https:\/\/habibimb.com\/?post_type=product&#038;p=2259"},"modified":"2026-01-26T10:37:33","modified_gmt":"2026-01-26T10:37:33","slug":"apa-de-parfum-deoro-patchouli-riiffs-barbati-100ml","status":"publish","type":"product","link":"https:\/\/habibimb.com\/en\/product\/apa-de-parfum-deoro-patchouli-riiffs-barbati-100ml\/","title":{"rendered":"Deoro Patchouli, Riiffs"},"content":{"rendered":"<h2>Dezl\u0103n\u021buie-\u021bi parfumul unic<\/h2>\n<p>\u00cembun\u0103t\u0103\u021be\u0219te-\u021bi stilul personal cu luxosul Apa De Parfum Deoro Patchouli, conceput exclusiv pentru b\u0103rba\u021bi. Acest parfum captivant combin\u0103 note bogate pentru a crea o experien\u021b\u0103 unic\u0103 de parfum care rezoneaz\u0103 cu \u00eencredere \u0219i farmec. Perfect\u0103 pentru orice ocazie, aceast\u0103 sticl\u0103 de 100 ml asigur\u0103 o esen\u021b\u0103 durabil\u0103 care atrage aten\u021bia.<\/p>\n<h2>Amestecul atr\u0103g\u0103tor de patchouli<\/h2>\n<p>\u00cen inima Apa De Parfum Deoro Patchouli se afl\u0103 un amestec \u00eenc\u00e2nt\u0103tor de patchouli, renumit pentru aroma sa profund\u0103 \u0219i p\u0103m\u00e2nteasc\u0103. Acest parfum se desf\u0103\u0219oar\u0103 elegant cu o deschidere revigorant\u0103, conduc\u00e2ndu-v\u0103 \u00eentr-o inim\u0103 cald\u0103 \u0219i seduc\u0103toare care stimuleaz\u0103 sim\u021burile. Ad\u0103ugarea de note complementare ofer\u0103 profunzime, cre\u00e2nd un parfum care este at\u00e2t sofisticat, c\u00e2t \u0219i primitor.<\/p>\n<h2>De lung\u0103 durat\u0103 \u0219i versatil<\/h2>\n<p>Creat pentru b\u0103rbatul modern, acest parfum nu este doar un parfum, ci un accesoriu, sporindu-\u021bi prezen\u021ba oriunde te-ai duce. Puterea sa de durat\u0103 \u00eenseamn\u0103 c\u0103 \u00eel po\u021bi purta cu \u00eencredere de zi p\u00e2n\u0103 seara, f\u0103c\u00e2ndu-l o alegere ideal\u0103 pentru purtarea zilnic\u0103 sau pentru acele ocazii speciale. Indiferent dac\u0103 sunte\u021bi \u00een sala de consiliu, la o \u00eent\u00e2lnire sau pur \u0219i simplu v\u0103 bucura\u021bi de o noapte cu prietenii, acest parfum va l\u0103sa o impresie de durat\u0103.<\/p>\n<p>Satisface\u021bi-v\u0103 dorin\u021bele olfactive cu Apa De Parfum Deoro Patchouli \u0219i scufunda\u021bi-v\u0103 \u00eentr-un parfum care spune multe despre individualitatea dumneavoastr\u0103. Experimenteaz\u0103 transformarea pe care o poate aduce un parfum bine ales personalit\u0103\u021bii \u0219i stilului t\u0103u. R\u0103sf\u0103\u021ba\u021bi-v\u0103 sau d\u0103rui\u021bi-l cuiva special din via\u021ba voastr\u0103; Este mai mult dec\u00e2t un parfum &#8211; este o alegere de stil de via\u021b\u0103.<\/p>","protected":false},"excerpt":{"rendered":"<p><strong>Parfum asemanator cu ONE MILLION by Paco Rabanne<\/strong><\/p>\n<p><strong>Note de v\u00e2rf:<\/strong> Scor\u021bi\u0219oar\u0103, Portocal\u0103 S\u0103ngerie;<\/p>\n<p><strong>Note de mijloc:<\/strong> Tutun, Smirn\u0103;<\/p>\n<p><strong>Note de baz\u0103:<\/strong>\u00a0Boabe de tonka, Patchouli.<\/p>","protected":false},"featured_media":2261,"comment_status":"open","ping_status":"closed","template":"","meta":{"om_disable_all_campaigns":false,"_monsterinsights_skip_tracking":false,"_monsterinsights_sitenote_active":false,"_monsterinsights_sitenote_note":"","_monsterinsights_sitenote_category":0},"product_brand":[73],"product_cat":[55],"product_tag":[],"class_list":{"0":"post-2259","1":"product","2":"type-product","3":"status-publish","4":"has-post-thumbnail","6":"product_brand-riiffs","7":"product_cat-pentru-el","9":"first","10":"outofstock","11":"shipping-taxable","12":"purchasable","13":"product-type-simple"},"aioseo_notices":[],"ct_brands":[{"id":73,"name":"Riiffs","slug":"riiffs"}],"_links":{"self":[{"href":"https:\/\/habibimb.com\/en\/wp-json\/wp\/v2\/product\/2259","targetHints":{"allow":["GET"]}}],"collection":[{"href":"https:\/\/habibimb.com\/en\/wp-json\/wp\/v2\/product"}],"about":[{"href":"https:\/\/habibimb.com\/en\/wp-json\/wp\/v2\/types\/product"}],"replies":[{"embeddable":true,"href":"https:\/\/habibimb.com\/en\/wp-json\/wp\/v2\/comments?post=2259"}],"wp:featuredmedia":[{"embeddable":true,"href":"https:\/\/habibimb.com\/en\/wp-json\/wp\/v2\/media\/2261"}],"wp:attachment":[{"href":"https:\/\/habibimb.com\/en\/wp-json\/wp\/v2\/media?parent=2259"}],"wp:term":[{"taxonomy":"product_brand","embeddable":true,"href":"https:\/\/habibimb.com\/en\/wp-json\/wp\/v2\/product_brand?post=2259"},{"taxonomy":"product_cat","embeddable":true,"href":"https:\/\/habibimb.com\/en\/wp-json\/wp\/v2\/product_cat?post=2259"},{"taxonomy":"product_tag","embeddable":true,"href":"https:\/\/habibimb.com\/en\/wp-json\/wp\/v2\/product_tag?post=2259"}],"curies":[{"name":"wp","href":"https:\/\/api.w.org\/{rel}","templated":true}]}}